{"id":173,"date":"2010-04-27T22:48:49","date_gmt":"2010-04-27T20:48:49","guid":{"rendered":"http:\/\/marques-artiste-peintre.fr\/?page_id=173"},"modified":"2019-04-08T15:45:27","modified_gmt":"2019-04-08T13:45:27","slug":"ma-demarche","status":"publish","type":"page","link":"http:\/\/marques-peintre.fr\/?page_id=173","title":{"rendered":"D\u00e9marche"},"content":{"rendered":"\n<h2 class=\"wp-block-heading\"><strong>Une peinture expressionniste humaniste.<\/strong><\/h2>\n\n\n\n<p>Une peinture expressionniste, criante d\u2019humanit\u00e9, d\u2019amour, de qu\u00eate et d\u2019espoir, d\u2019ombre et de lumi\u00e8re.<br>Souvent de grands formats, les tableaux de Patrick Marqu\u00e8s expriment la figure humaine et les passions qui animent les \u00eatres, dans un monde de lumi\u00e8re, mais aussi de t\u00e9n\u00e8bres. Dans un attachement aux valeurs picturales d\u00e9velopp\u00e9es par les ma\u00eetres Rembrandt et Turner, et dans une admiration vou\u00e9e \u00e0 son contemporain Zao Wou Ki, le peintre r\u00e9alise une peinture \u00e0 la fois figurative et abstraite, fruit des libert\u00e9s gestuelles propres aux expressions contemporaines, mais aussi des contraintes techniques exigeantes et minutieuses, apprises des grands ma\u00eetres flamands depuis Van Eyck. Chaque parcelle du tableau semble se suffire \u00e0 elle-m\u00eame dans son expression de pure abstraction. Et pourtant, comme par tour de force du regard m\u00eame de l\u2019observateur, elle contribue \u00e0 la construction d\u2019une figuration d\u2019ensemble tr\u00e8s pr\u00e9cise.<\/p>\n\n\n\n<blockquote class=\"wp-block-quote\"><p><em><strong>\u00ab J\u2019aime la couleur pour elle-m\u00eame, dans son myst\u00e8re propre et ses valeurs d\u2019abstraction. Mais mon obsession d\u2019exprimer la figure humaine m\u2019 a presque toujours conduit \u00e0 pousser cette abstraction jusqu\u2019\u00e0 la figuration ! D\u2019o\u00f9 cette situation permanente de risque \u00e0 vouloir faire concourir ces deux formes d\u2019expression en un point ultime d\u2019\u00e9quilibre. \u00bb<\/strong><\/em><br><strong><em>\u00ab La beaut\u00e9 n\u2019est pas la forme mais le rayonnement de la forme.\u00a0\u00bb<\/em><\/strong><br><strong><em>\u00ab\u00a0Mon combat est de peindre la forme, en construisant son environnement sensible, au-del\u00e0 d\u2019elle-m\u00eame. Un lieu d\u2019amour entre la forme et l\u2019espace, au c\u0153ur du myst\u00e8re de l\u2019\u00eatre : Toujours construire et d\u00e9construire, blessant la forme et bousculant la couleur, pour y chercher l\u2019essence de la beaut\u00e9 universelle, dans l\u2019unit\u00e9 du corps et de l\u2019esprit. D\u00e8s lors, la fronti\u00e8re entre figuration et abstraction a d\u00e9j\u00e0 perdu tout son sens, et puisse ma peinture \u00eatre libre et vibrante pour \u00eatre, \u00e0 chaque instant, recr\u00e9\u00e9e par le regard de l\u2019autre\u2026 \u00bb<\/em><\/strong><\/p><\/blockquote>\n\n\n\n<p>Patrick Marques peint l\u2019\u00eatre humain et sa relation \u00e0 l\u2019autre, en exprimant par-l\u00e0, ses propres qu\u00eates, d\u00e9sirs, manques et frustrations. C\u2019est alors que sa mati\u00e8re picturale se met \u00e0 vibrer au rythme de nos battements de c\u0153ur et rentre en r\u00e9sonance avec les appels de nos aspirations profondes.<br>Une peinture violente et paisible \u00e0 la fois, dans laquelle s\u2019affrontent et se compl\u00e8tent, une libert\u00e9 gestuelle profond\u00e9ment contemporaine et l\u2019amour de la peinture classique.<\/p>\n\n\n\n<blockquote class=\"wp-block-quote\"><p><em><strong>\u00ab L\u2019expression artistique est, pour moi, abstraite par essence, Elle explique la forme, puis elle construit tout un environnement sensible dont le rayonnement impalpable ne se d\u00e9crypte qu\u2019au coeur du myst\u00e8re de l\u2019\u00eatre. \u00bb<\/strong><\/em><br><em><strong>\u00ab\u00a0Ma couleur fait irruption dans la toile, comme une vague explose sur le rocher\u2026 Duel \u00e9ternel entre douceur du paysage et violence d\u2019une force effrayante\u2026 J\u2019ai mal et je suis heureux. L\u2019\u00e9cume des vagues charrie les s\u00e9cr\u00e9tions de mes maux inconscients\u2026\u00a0\u00bb<\/strong><\/em><\/p><\/blockquote>\n\n\n\n<p><\/p>\n\n\n\n<p><\/p>\n\n\n\n<h3 class=\"wp-block-heading\"><strong>L\u2019instant travers\u00e9 par le souffle de vie.<\/strong><\/h3>\n\n\n\n<p>Les \u00eatres sont ni tristes ni guillerets, mais rayonnants d\u2019une beaut\u00e9 humaine, comme saisis au c\u0153ur de leur instant de vie, au c\u0153ur de leur humanit\u00e9.<\/p>\n\n\n\n<blockquote class=\"wp-block-quote\"><p><strong><em>\u00ab Ma peinture cherche \u00e0 cristalliser l\u2019instant travers\u00e9 par un souffle de vie. Comme une mort pour une renaissance, elle exprime tout le tragique et l\u2019espoir contenu dans l\u2019\u00e9ph\u00e9m\u00e8re\u2026 Mes pinceaux sont guid\u00e9s par l\u2019id\u00e9e qu\u2019il y a un avant et un apr\u00e8s, et que la couleur doit pr\u00e9parer \u00e0 voir ce qui est en devenir\u2026 \u00bb<\/em><\/strong><\/p><\/blockquote>\n\n\n\n<h3 class=\"wp-block-heading\"><strong>Une qu\u00eate, face \u00e0 l\u2019inaccessible, l\u2019impossible\u2026<\/strong><\/h3>\n\n\n\n<blockquote class=\"wp-block-quote\"><p><strong><em>\u00ab Je crois que l\u2019art est sans int\u00e9r\u00eat pour celui qui n\u2019a jamais ressenti dans sa chair le moindre d\u00e9sir de d\u00e9passer une barri\u00e8re de l\u2019insaisissable et de l\u2019inaccessible.\u00bb<\/em><\/strong><br><\/p><\/blockquote>\n\n\n\n<h3 class=\"wp-block-heading\"><strong>Un hymne \u00e0 la femme.<\/strong><\/h3>\n\n\n\n<p>Patrick Marqu\u00e8s exprime la beaut\u00e9 charnelle des \u00eatres, faisant ici une large place \u00e0 son amour des femmes, et sa fascination devant leurs anatomies. Mais, plus que tout, sa peinture est un v\u00e9ritable hymne \u00e0 la femme. Tout semble ne pouvoir se dire et se faire qu\u2019\u00e0 travers elle. Il l\u2019aime, il la cherche et l\u2019exprime toujours derri\u00e8re les trames de son inaccessible. Eternel d\u00e9sir insatisfait dans la recherche de qui ? De quoi ? L\u2019amante ? Oui, mais certainement et surtout sa m\u00e8re, relation souffrante, oubli\u00e9e dans une disparition pr\u00e9matur\u00e9e.<\/p>\n\n\n\n<blockquote class=\"wp-block-quote\"><p><strong><em>\u00ab Femme inaccessible\u2026 Tes myst\u00e8res sont les myst\u00e8res de mes d\u00e9sirs\u2026 Je cherche en ma peinture cette densit\u00e9 charnelle et ce rayonnement spirituel qui feront de toi ce que tu es : infiniment belle\u2026\u00a0\u00bb<\/em><\/strong><br><strong><em>\u00ab\u00a0Peindre la femme, c\u2019est lui dire que je l\u2019aime, tout en voyageant dans les confusions profondes de tout mon \u00eatre en qu\u00eate d\u2019unit\u00e9.\u00a0\u00bb&nbsp;<\/em><\/strong><br><strong><em>\u00ab\u00a0Peindre la femme, c\u2019est lui dire qu\u2019elle est belle, et vouloir lui offrir le rayonnement de tout ce que mon regard re\u00e7oit d\u2019elle.\u00a0\u00bb<\/em><\/strong><br><strong><em>\u00ab\u00a0Peindre la femme, c\u2019est comme un cri d\u2019enfant qui ne voit plus sa m\u00e8re. Et c\u2019est peut-\u00eatre aussi, tout ce qui me fit \u00e9crire, il y a longtemps un soir de blues :&nbsp; Je voudrais pleurer sur l\u2019\u00e9paule inconnue d\u2019une maman d\u2019un soir qui me ferait rena\u00eetre. \u00bb<\/em><\/strong><br><strong><em>\u00ab\u00a0Peindre la femme est toujours un aveux.\u00a0\u00bb<\/em><\/strong><br><strong><em>\u00ab\u00a0Femme, tu es porteuse de nos espoirs\u2026 L\u2019homme en son tourment pourra-t-il enfin porter son cri jusqu\u2019\u00e0 toi ?\u00a0\u00bb<\/em><\/strong><br><strong><em>\u00ab\u00a0Je peins mon d\u00e9sir de paix dans le visage d\u2019une femme. \u00bb<\/em><\/strong><\/p><\/blockquote>\n\n\n\n<p>Il aime choisir ses mod\u00e8les parmi des musiciennes, danseuses et com\u00e9diennes. Il les dessine dans le mouvement de leurs propres expressions. Il les filme, dans des histoires qu\u2019ils s\u2019inventent, comme le ferait un cin\u00e9aste.<\/p>\n\n\n\n<blockquote class=\"wp-block-quote\"><p><strong><em>\u00ab Dans la danse, les femmes sont d\u2019une beaut\u00e9 magique. L\u00e9g\u00e8res et insaisissables, elles tendent leurs corps \u00e0 l\u2019extr\u00eame, dans le prolongement d\u2019elles-m\u00eames, et s\u2019offrent au-del\u00e0 des barri\u00e8res du d\u00e9sir, au-del\u00e0 du possible. Elles se donnent, se refusent, et s\u2019abandonnent, en ce jeu de dupe, o\u00f9 tout semble s\u2019offrir et rien n\u2019est accessible. \u00bb<\/em><\/strong><\/p><\/blockquote>\n\n\n\n<h3 class=\"wp-block-heading\">U<strong>ne peinture empreinte de spiritualit\u00e9.<\/strong><\/h3>\n\n\n\n<blockquote class=\"wp-block-quote\"><p><strong><em>\u00ab De quel myst\u00e8re provient cette impression d\u2019universel et d\u2019 intemporel devant une \u0153uvre d\u2019art, comme si elle avait soudain le pouvoir de nous projeter au-del\u00e0 de nous-m\u00eame, au-del\u00e0 m\u00eame de nos d\u00e9sirs\u2026 \u00bb<\/em><\/strong><br><strong><em>\u00ab Peindre, c\u2019est, pour moi, exprimer le d\u00e9sir de voir\u2026 Mais alors, avec quel regard ? C\u2019est la question de toute une vie. \u00bb<\/em><\/strong><br><strong><em>\u00ab Peindre, c\u2019est recevoir la gr\u00e2ce qui transforme le regard. Je peux alors discerner dans la couleur cet aspect d\u2019impalpable spiritualit\u00e9.\u00bb<\/em><\/strong><br><strong><em>\u00ab L\u2019\u0153uvre d\u2019art est un appel \u00e0 entrer dans le monde du sensible \u00bb<\/em><\/strong><br><strong><em>\u00ab La peinture est un rayonnement qui p\u00e9n\u00e8tre lentement dans les c\u0153urs, suscitant en eux un d\u00e9sir cr\u00e9ateur. Elle est mati\u00e8re vivante qui diffuse une silencieuse promesse\u2026 \u00bb<\/em><\/strong><br><strong><em>\u00ab Sit\u00f4t pos\u00e9e sur la toile, la couleur est happ\u00e9e dans l\u2019histoire du tableau, dans une dimension nouvelle, comme transfigur\u00e9e. \u00bb<\/em><\/strong><\/p><\/blockquote>\n\n\n\n<p><\/p>\n","protected":false},"excerpt":{"rendered":"<p>Une peinture expressionniste humaniste. Une peinture expressionniste, criante d\u2019humanit\u00e9, d\u2019amour, de qu\u00eate et d\u2019espoir, d\u2019ombre et de lumi\u00e8re.Souvent de grands formats, les tableaux de Patrick Marqu\u00e8s expriment la figure humaine et les passions qui animent les \u00eatres, dans un monde de lumi\u00e8re, mais aussi de t\u00e9n\u00e8bres. Dans un attachement aux valeurs picturales d\u00e9velopp\u00e9es par les [&hellip;]<\/p>\n","protected":false},"author":1,"featured_media":0,"parent":71,"menu_order":2,"comment_status":"closed","ping_status":"open","template":"","meta":{"ngg_post_thumbnail":0},"_links":{"self":[{"href":"http:\/\/marques-peintre.fr\/index.php?rest_route=\/wp\/v2\/pages\/173"}],"collection":[{"href":"http:\/\/marques-peintre.fr\/index.php?rest_route=\/wp\/v2\/pages"}],"about":[{"href":"http:\/\/marques-peintre.fr\/index.php?rest_route=\/wp\/v2\/types\/page"}],"author":[{"embeddable":true,"href":"http:\/\/marques-peintre.fr\/index.php?rest_route=\/wp\/v2\/users\/1"}],"replies":[{"embeddable":true,"href":"http:\/\/marques-peintre.fr\/index.php?rest_route=%2Fwp%2Fv2%2Fcomments&post=173"}],"version-history":[{"count":31,"href":"http:\/\/marques-peintre.fr\/index.php?rest_route=\/wp\/v2\/pages\/173\/revisions"}],"predecessor-version":[{"id":2450,"href":"http:\/\/marques-peintre.fr\/index.php?rest_route=\/wp\/v2\/pages\/173\/revisions\/2450"}],"up":[{"embeddable":true,"href":"http:\/\/marques-peintre.fr\/index.php?rest_route=\/wp\/v2\/pages\/71"}],"wp:attachment":[{"href":"http:\/\/marques-peintre.fr\/index.php?rest_route=%2Fwp%2Fv2%2Fmedia&parent=173"}],"curies":[{"name":"wp","href":"https:\/\/api.w.org\/{rel}","templated":true}]}}