{"id":2061,"date":"2019-03-26T21:27:25","date_gmt":"2019-03-26T19:27:25","guid":{"rendered":"http:\/\/marques-peintre.fr\/?page_id=2061"},"modified":"2025-09-12T21:07:14","modified_gmt":"2025-09-12T19:07:14","slug":"vourles-2016-grande-retrospective-110-oeuvres-exposees","status":"publish","type":"page","link":"http:\/\/marques-peintre.fr\/?page_id=2061","title":{"rendered":"Vourles : Grande r\u00e9trospective ( 110 \u0153uvres expos\u00e9es)"},"content":{"rendered":"<div class=\"wp-block-image\">\n<figure class=\"aligncenter\"><a href=\"http:\/\/marques-artiste-peintre.fr\/wp-content\/uploads\/2016\/03\/Carton-dInvitation-photo.jpg\" rel=\"lightbox[2061]\"><img decoding=\"async\" loading=\"lazy\" width=\"540\" height=\"744\" src=\"http:\/\/marques-artiste-peintre.fr\/wp-content\/uploads\/2016\/03\/Carton-dInvitation-photo.jpg\" alt=\"Carton d'Invitation photo\" class=\"wp-image-1420\" srcset=\"http:\/\/marques-peintre.fr\/wp-content\/uploads\/2016\/03\/Carton-dInvitation-photo.jpg 540w, http:\/\/marques-peintre.fr\/wp-content\/uploads\/2016\/03\/Carton-dInvitation-photo-300x413.jpg 300w\" sizes=\"(max-width: 540px) 100vw, 540px\" \/><\/a><\/figure><\/div>\n\n\n<figure class=\"wp-block-gallery has-nested-images columns-2 is-cropped wp-block-gallery-1 is-layout-flex\">\n<figure class=\"wp-block-image\"><img decoding=\"async\" loading=\"lazy\" width=\"540\" height=\"304\" data-id=\"1822\"  src=\"http:\/\/marques-peintre.fr\/wp-content\/uploads\/2019\/03\/156-20160301_095846-540x304.jpg\" alt=\"\" class=\"wp-image-1822\" srcset=\"http:\/\/marques-peintre.fr\/wp-content\/uploads\/2019\/03\/156-20160301_095846.jpg 540w, http:\/\/marques-peintre.fr\/wp-content\/uploads\/2019\/03\/156-20160301_095846-300x169.jpg 300w\" sizes=\"(max-width: 540px) 100vw, 540px\" \/><\/figure>\n\n\n\n<figure class=\"wp-block-image\"><img decoding=\"async\" loading=\"lazy\" width=\"540\" height=\"360\" data-id=\"1818\"  src=\"http:\/\/marques-peintre.fr\/wp-content\/uploads\/2019\/03\/152-08032016-08-mars-2016-Expo-P-Marques-29195-540x360.jpg\" alt=\"\" class=\"wp-image-1818\" srcset=\"http:\/\/marques-peintre.fr\/wp-content\/uploads\/2019\/03\/152-08032016-08-mars-2016-Expo-P-Marques-29195.jpg 540w, http:\/\/marques-peintre.fr\/wp-content\/uploads\/2019\/03\/152-08032016-08-mars-2016-Expo-P-Marques-29195-300x200.jpg 300w\" sizes=\"(max-width: 540px) 100vw, 540px\" \/><\/figure>\n\n\n\n<figure class=\"wp-block-image\"><img decoding=\"async\" loading=\"lazy\" width=\"540\" height=\"360\" data-id=\"1821\"  src=\"http:\/\/marques-peintre.fr\/wp-content\/uploads\/2019\/03\/155-08032016-08-mars-2016-Expo-P-Marques-29217-540x360.jpg\" alt=\"\" class=\"wp-image-1821\" srcset=\"http:\/\/marques-peintre.fr\/wp-content\/uploads\/2019\/03\/155-08032016-08-mars-2016-Expo-P-Marques-29217.jpg 540w, http:\/\/marques-peintre.fr\/wp-content\/uploads\/2019\/03\/155-08032016-08-mars-2016-Expo-P-Marques-29217-300x200.jpg 300w\" sizes=\"(max-width: 540px) 100vw, 540px\" \/><\/figure>\n\n\n\n<figure class=\"wp-block-image\"><img decoding=\"async\" loading=\"lazy\" width=\"540\" height=\"360\" data-id=\"1819\"  src=\"http:\/\/marques-peintre.fr\/wp-content\/uploads\/2019\/03\/153-08032016-08-mars-2016-Expo-P-Marques-29209-540x360.jpg\" alt=\"\" class=\"wp-image-1819\" srcset=\"http:\/\/marques-peintre.fr\/wp-content\/uploads\/2019\/03\/153-08032016-08-mars-2016-Expo-P-Marques-29209.jpg 540w, http:\/\/marques-peintre.fr\/wp-content\/uploads\/2019\/03\/153-08032016-08-mars-2016-Expo-P-Marques-29209-300x200.jpg 300w\" sizes=\"(max-width: 540px) 100vw, 540px\" \/><\/figure>\n<\/figure>\n\n\n\n<figure class=\"wp-block-embed is-type-video is-provider-youtube wp-block-embed-youtube wp-embed-aspect-16-9 wp-has-aspect-ratio\"><div class=\"wp-block-embed__wrapper\">\n<iframe loading=\"lazy\" title=\"Exposition peintre Patrick Marqu\u00e8s \u00e0 Vourles\" width=\"900\" height=\"506\" src=\"https:\/\/www.youtube.com\/embed\/qA3_8kWpd_w?start=14&#038;feature=oembed\" frameborder=\"0\" allow=\"accelerometer; autoplay; clipboard-write; encrypted-media; gyroscope; picture-in-picture; web-share\" allowfullscreen><\/iframe>\n<\/div><figcaption class=\"wp-element-caption\"><strong>Interview de Patrick Marqu\u00e8s lors de l&rsquo;exposition de Vourles<\/strong><\/figcaption><\/figure>\n\n\n<div class=\"wp-block-image\">\n<figure class=\"aligncenter\"><a href=\"http:\/\/marques-artiste-peintre.fr\/wp-content\/uploads\/2016\/03\/Carton-dInvitation-texte.jpg\" rel=\"lightbox[2061]\"><img decoding=\"async\" loading=\"lazy\" width=\"540\" height=\"620\" src=\"http:\/\/marques-artiste-peintre.fr\/wp-content\/uploads\/2016\/03\/Carton-dInvitation-texte.jpg\" alt=\"Carton d'Invitation texte\" class=\"wp-image-1421\" srcset=\"http:\/\/marques-peintre.fr\/wp-content\/uploads\/2016\/03\/Carton-dInvitation-texte.jpg 540w, http:\/\/marques-peintre.fr\/wp-content\/uploads\/2016\/03\/Carton-dInvitation-texte-300x344.jpg 300w\" sizes=\"(max-width: 540px) 100vw, 540px\" \/><\/a><\/figure><\/div>","protected":false},"excerpt":{"rendered":"","protected":false},"author":1,"featured_media":0,"parent":466,"menu_order":3,"comment_status":"closed","ping_status":"closed","template":"","meta":{"ngg_post_thumbnail":0},"_links":{"self":[{"href":"http:\/\/marques-peintre.fr\/index.php?rest_route=\/wp\/v2\/pages\/2061"}],"collection":[{"href":"http:\/\/marques-peintre.fr\/index.php?rest_route=\/wp\/v2\/pages"}],"about":[{"href":"http:\/\/marques-peintre.fr\/index.php?rest_route=\/wp\/v2\/types\/page"}],"author":[{"embeddable":true,"href":"http:\/\/marques-peintre.fr\/index.php?rest_route=\/wp\/v2\/users\/1"}],"replies":[{"embeddable":true,"href":"http:\/\/marques-peintre.fr\/index.php?rest_route=%2Fwp%2Fv2%2Fcomments&post=2061"}],"version-history":[{"count":9,"href":"http:\/\/marques-peintre.fr\/index.php?rest_route=\/wp\/v2\/pages\/2061\/revisions"}],"predecessor-version":[{"id":3015,"href":"http:\/\/marques-peintre.fr\/index.php?rest_route=\/wp\/v2\/pages\/2061\/revisions\/3015"}],"up":[{"embeddable":true,"href":"http:\/\/marques-peintre.fr\/index.php?rest_route=\/wp\/v2\/pages\/466"}],"wp:attachment":[{"href":"http:\/\/marques-peintre.fr\/index.php?rest_route=%2Fwp%2Fv2%2Fmedia&parent=2061"}],"curies":[{"name":"wp","href":"https:\/\/api.w.org\/{rel}","templated":true}]}}