{"id":2068,"date":"2019-03-26T21:45:41","date_gmt":"2019-03-26T19:45:41","guid":{"rendered":"http:\/\/marques-peintre.fr\/?page_id=2068"},"modified":"2025-09-12T21:12:38","modified_gmt":"2025-09-12T19:12:38","slug":"exposition-marques-aux-champs-elysees-2013","status":"publish","type":"page","link":"http:\/\/marques-peintre.fr\/?page_id=2068","title":{"rendered":"Paris, Champs-Elys\u00e9es"},"content":{"rendered":"\n<p>Jean Sourb\u00e8s, Directeur G\u00e9n\u00e9ral de L&rsquo;H\u00f4tel Warwick des Champs-Elys\u00e9es<\/p>\n\n\n\n<p>vous informe que l&rsquo;\u00e9tablissement accueillera une exposition du peintre<\/p>\n\n\n\n<p>Patrick Marqu\u00e8s<\/p>\n\n\n\n<p>du 27 novembre au 20 d\u00e9cembre 2013<\/p>\n\n\n\n<p>Les champs-Elys\u00e9es s&rsquo;illuminent avec les \u0153uvres du peintre Patrick Marqu\u00e8s expos\u00e9es \u00e0 l\u2019H\u00f4tel \u00ab\u00a0Warwick Champs-Elys\u00e9es\u00a0\u00bb<\/p>\n\n\n<div class=\"wp-block-image\">\n<figure class=\"aligncenter\"><a href=\"http:\/\/marques-artiste-peintre.fr\/wp-content\/uploads\/2013\/11\/Warwick-annonce-blog.jpg\" rel=\"lightbox[2068]\"><img decoding=\"async\" loading=\"lazy\" width=\"540\" height=\"756\" src=\"http:\/\/marques-artiste-peintre.fr\/wp-content\/uploads\/2013\/11\/Warwick-annonce-blog.jpg\" alt=\"Warwick annonce blog\" class=\"wp-image-1373\" srcset=\"http:\/\/marques-peintre.fr\/wp-content\/uploads\/2013\/11\/Warwick-annonce-blog.jpg 540w, http:\/\/marques-peintre.fr\/wp-content\/uploads\/2013\/11\/Warwick-annonce-blog-300x420.jpg 300w\" sizes=\"(max-width: 540px) 100vw, 540px\" \/><\/a><\/figure><\/div>","protected":false},"excerpt":{"rendered":"<p>Jean Sourb\u00e8s, Directeur G\u00e9n\u00e9ral de L&rsquo;H\u00f4tel Warwick des Champs-Elys\u00e9es vous informe que l&rsquo;\u00e9tablissement accueillera une exposition du peintre Patrick Marqu\u00e8s du 27 novembre au 20 d\u00e9cembre 2013 Les champs-Elys\u00e9es s&rsquo;illuminent avec les \u0153uvres du peintre Patrick Marqu\u00e8s expos\u00e9es \u00e0 l\u2019H\u00f4tel \u00ab\u00a0Warwick Champs-Elys\u00e9es\u00a0\u00bb<\/p>\n","protected":false},"author":1,"featured_media":0,"parent":466,"menu_order":11,"comment_status":"closed","ping_status":"closed","template":"","meta":{"ngg_post_thumbnail":0},"_links":{"self":[{"href":"http:\/\/marques-peintre.fr\/index.php?rest_route=\/wp\/v2\/pages\/2068"}],"collection":[{"href":"http:\/\/marques-peintre.fr\/index.php?rest_route=\/wp\/v2\/pages"}],"about":[{"href":"http:\/\/marques-peintre.fr\/index.php?rest_route=\/wp\/v2\/types\/page"}],"author":[{"embeddable":true,"href":"http:\/\/marques-peintre.fr\/index.php?rest_route=\/wp\/v2\/users\/1"}],"replies":[{"embeddable":true,"href":"http:\/\/marques-peintre.fr\/index.php?rest_route=%2Fwp%2Fv2%2Fcomments&post=2068"}],"version-history":[{"count":4,"href":"http:\/\/marques-peintre.fr\/index.php?rest_route=\/wp\/v2\/pages\/2068\/revisions"}],"predecessor-version":[{"id":3017,"href":"http:\/\/marques-peintre.fr\/index.php?rest_route=\/wp\/v2\/pages\/2068\/revisions\/3017"}],"up":[{"embeddable":true,"href":"http:\/\/marques-peintre.fr\/index.php?rest_route=\/wp\/v2\/pages\/466"}],"wp:attachment":[{"href":"http:\/\/marques-peintre.fr\/index.php?rest_route=%2Fwp%2Fv2%2Fmedia&parent=2068"}],"curies":[{"name":"wp","href":"https:\/\/api.w.org\/{rel}","templated":true}]}}