{"id":2846,"date":"2023-07-08T16:43:00","date_gmt":"2023-07-08T14:43:00","guid":{"rendered":"http:\/\/marques-peintre.fr\/?page_id=2846"},"modified":"2025-09-12T21:06:59","modified_gmt":"2025-09-12T19:06:59","slug":"visages-de-l-ame","status":"publish","type":"page","link":"http:\/\/marques-peintre.fr\/?page_id=2846","title":{"rendered":"2023 : Visages de l&rsquo; \u00e2me :  Cath\u00e9drale saint Jean de Lyon"},"content":{"rendered":"\n<h2><span style=\"background-color: #ffffff; color: #008080;\"><strong><a style=\"background-color: #ffffff; color: #008080;\" href=\"https:\/\/www.youtube.com\/watch?v=XLvt_jtZpoA\"><span style=\"background-color: #ffffff; color: #3366ff;\">Parcourir en image l&rsquo;exposition<\/span><\/a><\/strong><\/span><\/h2>\n\n\n\n<figure class=\"wp-block-image size-large is-resized\"><a href=\"https:\/\/www.youtube.com\/watch?v=XLvt_jtZpoA\"><img decoding=\"async\" loading=\"lazy\" src=\"http:\/\/marques-peintre.fr\/wp-content\/uploads\/2023\/05\/BAT_AfficheMarques2023-BIDOUILEE-540x764.jpg\" alt=\"\" class=\"wp-image-2817\" width=\"286\" height=\"405\" srcset=\"http:\/\/marques-peintre.fr\/wp-content\/uploads\/2023\/05\/BAT_AfficheMarques2023-BIDOUILEE-540x764.jpg 540w, http:\/\/marques-peintre.fr\/wp-content\/uploads\/2023\/05\/BAT_AfficheMarques2023-BIDOUILEE-300x424.jpg 300w, http:\/\/marques-peintre.fr\/wp-content\/uploads\/2023\/05\/BAT_AfficheMarques2023-BIDOUILEE-768x1086.jpg 768w, http:\/\/marques-peintre.fr\/wp-content\/uploads\/2023\/05\/BAT_AfficheMarques2023-BIDOUILEE-1086x1536.jpg 1086w, http:\/\/marques-peintre.fr\/wp-content\/uploads\/2023\/05\/BAT_AfficheMarques2023-BIDOUILEE-1448x2048.jpg 1448w, http:\/\/marques-peintre.fr\/wp-content\/uploads\/2023\/05\/BAT_AfficheMarques2023-BIDOUILEE-scaled.jpg 1810w\" sizes=\"(max-width: 286px) 100vw, 286px\" \/><\/a><\/figure>\n\n\n\n<p>.<\/p>\n\n\n\n<h2><span style=\"background-color: #ffffff;\"><a style=\"background-color: #ffffff;\" href=\"https:\/\/www.youtube.com\/watch?v=10QmrCLMxl4\"><strong><span style=\"color: #3366ff;\">Interview Patrick Marques dans son atelier:<\/span><\/strong><\/a><\/span><\/h2>\n\n\n\n\n\n<figure class=\"wp-block-image size-large\"><a href=\"https:\/\/www.youtube.com\/watch?v=10QmrCLMxl4\"><img decoding=\"async\" loading=\"lazy\" width=\"540\" height=\"317\" src=\"http:\/\/marques-peintre.fr\/wp-content\/uploads\/2024\/01\/MASTER_ITW_20-juin-2023-low.mp4.00_01_43_10.Still001-540x317.jpg\" alt=\"\" class=\"wp-image-2869\" srcset=\"http:\/\/marques-peintre.fr\/wp-content\/uploads\/2024\/01\/MASTER_ITW_20-juin-2023-low.mp4.00_01_43_10.Still001-540x317.jpg 540w, http:\/\/marques-peintre.fr\/wp-content\/uploads\/2024\/01\/MASTER_ITW_20-juin-2023-low.mp4.00_01_43_10.Still001-300x176.jpg 300w, http:\/\/marques-peintre.fr\/wp-content\/uploads\/2024\/01\/MASTER_ITW_20-juin-2023-low.mp4.00_01_43_10.Still001-768x450.jpg 768w, http:\/\/marques-peintre.fr\/wp-content\/uploads\/2024\/01\/MASTER_ITW_20-juin-2023-low.mp4.00_01_43_10.Still001-1536x900.jpg 1536w, http:\/\/marques-peintre.fr\/wp-content\/uploads\/2024\/01\/MASTER_ITW_20-juin-2023-low.mp4.00_01_43_10.Still001.jpg 1907w\" sizes=\"(max-width: 540px) 100vw, 540px\" \/><\/a><\/figure>\n\n\n\n<p>.<\/p>\n\n\n\n\n\n<h2><a href=\"https:\/\/www.bfmtv.com\/lyon\/replay-emissions\/hors-series\/sacre-lyon-la-cathedrale-saint-jean-baptiste_VN-202306050538.html\"><span style=\"background-color: #ffffff; color: #3366ff;\">Reportage BFM Lyon <\/span>:<\/a><\/h2>\n\n\n\n<figure class=\"wp-block-image size-large\"><a href=\"https:\/\/www.bfmtv.com\/lyon\/replay-emissions\/hors-series\/sacre-lyon-la-cathedrale-saint-jean-baptiste_VN-202306050538.html\" target=\"_blank\" rel=\"noreferrer noopener\"><img decoding=\"async\" loading=\"lazy\" width=\"540\" height=\"304\" src=\"http:\/\/marques-peintre.fr\/wp-content\/uploads\/2023\/07\/Capture-decran-2023-07-08-a-14.29.26-540x304.png\" alt=\"\" class=\"wp-image-2840\" srcset=\"http:\/\/marques-peintre.fr\/wp-content\/uploads\/2023\/07\/Capture-decran-2023-07-08-a-14.29.26-540x304.png 540w, http:\/\/marques-peintre.fr\/wp-content\/uploads\/2023\/07\/Capture-decran-2023-07-08-a-14.29.26-300x169.png 300w, http:\/\/marques-peintre.fr\/wp-content\/uploads\/2023\/07\/Capture-decran-2023-07-08-a-14.29.26-768x432.png 768w, http:\/\/marques-peintre.fr\/wp-content\/uploads\/2023\/07\/Capture-decran-2023-07-08-a-14.29.26-1536x864.png 1536w, http:\/\/marques-peintre.fr\/wp-content\/uploads\/2023\/07\/Capture-decran-2023-07-08-a-14.29.26-2048x1152.png 2048w\" sizes=\"(max-width: 540px) 100vw, 540px\" \/><\/a><\/figure>\n\n\n\n<p>.<\/p>\n\n\n\n\n\n<h2><span style=\"background-color: #ffffff; color: #3366ff;\">Interview&nbsp; RCF France enti\u00e8re :<\/span><\/h2>\n<p>&nbsp;<\/p>\n\n\n\n<!--[if lt IE 9]><script>document.createElement('audio');<\/script><![endif]-->\n<audio class=\"wp-audio-shortcode\" id=\"audio-2846-1\" preload=\"none\" style=\"width: 100%;\" controls=\"controls\"><source type=\"audio\/mpeg\" src=\"http:\/\/marques-peintre.fr\/wp-content\/uploads\/2023\/05\/Nouvel-enregistrement-16.m4a?_=1\" \/><a href=\"http:\/\/marques-peintre.fr\/wp-content\/uploads\/2023\/05\/Nouvel-enregistrement-16.m4a\">http:\/\/marques-peintre.fr\/wp-content\/uploads\/2023\/05\/Nouvel-enregistrement-16.m4a<\/a><\/audio>\n<p><img decoding=\"async\" loading=\"lazy\" class=\"wp-image-2885  alignnone\" src=\"http:\/\/marques-peintre.fr\/wp-content\/uploads\/2024\/01\/20230627-_1088558-Cathedrale-montage-rcf-copie-scaled.jpg\" alt=\"\" width=\"542\" height=\"406\" srcset=\"http:\/\/marques-peintre.fr\/wp-content\/uploads\/2024\/01\/20230627-_1088558-Cathedrale-montage-rcf-copie-scaled.jpg 2560w, http:\/\/marques-peintre.fr\/wp-content\/uploads\/2024\/01\/20230627-_1088558-Cathedrale-montage-rcf-copie-300x225.jpg 300w, http:\/\/marques-peintre.fr\/wp-content\/uploads\/2024\/01\/20230627-_1088558-Cathedrale-montage-rcf-copie-540x405.jpg 540w, http:\/\/marques-peintre.fr\/wp-content\/uploads\/2024\/01\/20230627-_1088558-Cathedrale-montage-rcf-copie-768x576.jpg 768w, http:\/\/marques-peintre.fr\/wp-content\/uploads\/2024\/01\/20230627-_1088558-Cathedrale-montage-rcf-copie-1536x1152.jpg 1536w, http:\/\/marques-peintre.fr\/wp-content\/uploads\/2024\/01\/20230627-_1088558-Cathedrale-montage-rcf-copie-2048x1536.jpg 2048w\" sizes=\"(max-width: 542px) 100vw, 542px\" \/><\/p>\n\n\n<h1><span style=\"color: #3366ff;\"><a style=\"color: #3366ff;\" href=\"https:\/\/www.youtube.com\/watch?v=-HMn2LI1HLw\">Peintre Marqu\u00e8s \u00e0 la Cath\u00e9drale Saint Jean de Lyon:<\/a><\/span><\/h1>\n<h1><span style=\"color: #3366ff;\">On en parle:<\/span><\/h1>\n\n\n<figure class=\"wp-block-image size-large\"><a href=\"https:\/\/www.youtube.com\/watch?v=-HMn2LI1HLw\"><img decoding=\"async\" loading=\"lazy\" width=\"540\" height=\"495\" src=\"http:\/\/marques-peintre.fr\/wp-content\/uploads\/2024\/01\/on-en-parle-image-540x495.jpg\" alt=\"\" class=\"wp-image-2894\" srcset=\"http:\/\/marques-peintre.fr\/wp-content\/uploads\/2024\/01\/on-en-parle-image-540x495.jpg 540w, http:\/\/marques-peintre.fr\/wp-content\/uploads\/2024\/01\/on-en-parle-image-300x275.jpg 300w, http:\/\/marques-peintre.fr\/wp-content\/uploads\/2024\/01\/on-en-parle-image-768x704.jpg 768w, http:\/\/marques-peintre.fr\/wp-content\/uploads\/2024\/01\/on-en-parle-image-1536x1409.jpg 1536w, http:\/\/marques-peintre.fr\/wp-content\/uploads\/2024\/01\/on-en-parle-image-2048x1878.jpg 2048w\" sizes=\"(max-width: 540px) 100vw, 540px\" \/><\/a><\/figure>\n","protected":false},"excerpt":{"rendered":"<p>Parcourir en image l&rsquo;exposition . Interview Patrick Marques dans son atelier: . Reportage BFM Lyon : . Interview&nbsp; RCF France enti\u00e8re : &nbsp; Peintre Marqu\u00e8s \u00e0 la Cath\u00e9drale Saint Jean de Lyon: On en parle:<\/p>\n","protected":false},"author":1,"featured_media":0,"parent":466,"menu_order":2,"comment_status":"closed","ping_status":"closed","template":"","meta":{"ngg_post_thumbnail":0},"_links":{"self":[{"href":"http:\/\/marques-peintre.fr\/index.php?rest_route=\/wp\/v2\/pages\/2846"}],"collection":[{"href":"http:\/\/marques-peintre.fr\/index.php?rest_route=\/wp\/v2\/pages"}],"about":[{"href":"http:\/\/marques-peintre.fr\/index.php?rest_route=\/wp\/v2\/types\/page"}],"author":[{"embeddable":true,"href":"http:\/\/marques-peintre.fr\/index.php?rest_route=\/wp\/v2\/users\/1"}],"replies":[{"embeddable":true,"href":"http:\/\/marques-peintre.fr\/index.php?rest_route=%2Fwp%2Fv2%2Fcomments&post=2846"}],"version-history":[{"count":28,"href":"http:\/\/marques-peintre.fr\/index.php?rest_route=\/wp\/v2\/pages\/2846\/revisions"}],"predecessor-version":[{"id":2896,"href":"http:\/\/marques-peintre.fr\/index.php?rest_route=\/wp\/v2\/pages\/2846\/revisions\/2896"}],"up":[{"embeddable":true,"href":"http:\/\/marques-peintre.fr\/index.php?rest_route=\/wp\/v2\/pages\/466"}],"wp:attachment":[{"href":"http:\/\/marques-peintre.fr\/index.php?rest_route=%2Fwp%2Fv2%2Fmedia&parent=2846"}],"curies":[{"name":"wp","href":"https:\/\/api.w.org\/{rel}","templated":true}]}}