{"id":3013,"date":"2024-01-30T12:43:39","date_gmt":"2024-01-30T10:43:39","guid":{"rendered":"http:\/\/marques-peintre.fr\/?page_id=3013"},"modified":"2025-09-12T21:11:09","modified_gmt":"2025-09-12T19:11:09","slug":"brignais-inauguration-de-la-salle-guy-de-chauliac","status":"publish","type":"page","link":"http:\/\/marques-peintre.fr\/?page_id=3013","title":{"rendered":"Brignais. Inauguration de la Salle Guy de Chauliac"},"content":{"rendered":"\n<h2 style=\"text-align: left;\">Prototype d&rsquo;exposition hors du commun qui permet de contempler des toiles de tr\u00e8s grande taille, plac\u00e9es sous une lumi\u00e8re mouvante, &nbsp;en association avec du son, de la musique, et des paroles de com\u00e9diens sur des textes \u00e9crits par Patrick Marques.<\/h2>\n\n\n<div class=\"wp-block-image\">\n<figure class=\"alignleft size-large is-resized\"><img decoding=\"async\" loading=\"lazy\" src=\"http:\/\/marques-peintre.fr\/wp-content\/uploads\/2024\/01\/Expo-Marques-2022-3877-540x360.jpg\" alt=\"\" class=\"wp-image-3028\" width=\"467\" height=\"311\" srcset=\"http:\/\/marques-peintre.fr\/wp-content\/uploads\/2024\/01\/Expo-Marques-2022-3877-540x360.jpg 540w, http:\/\/marques-peintre.fr\/wp-content\/uploads\/2024\/01\/Expo-Marques-2022-3877-300x200.jpg 300w, http:\/\/marques-peintre.fr\/wp-content\/uploads\/2024\/01\/Expo-Marques-2022-3877-768x513.jpg 768w, http:\/\/marques-peintre.fr\/wp-content\/uploads\/2024\/01\/Expo-Marques-2022-3877-1536x1025.jpg 1536w, http:\/\/marques-peintre.fr\/wp-content\/uploads\/2024\/01\/Expo-Marques-2022-3877-2048x1367.jpg 2048w\" sizes=\"(max-width: 467px) 100vw, 467px\" \/><\/figure><\/div>\n\n\n\n\n<h2>Salle Guy de Chauliac \u00e0&nbsp;Brignais<\/h2>\n\n\n\n\n\n<figure class=\"wp-block-image size-large is-resized\"><img decoding=\"async\" loading=\"lazy\" src=\"http:\/\/marques-peintre.fr\/wp-content\/uploads\/2024\/01\/Expo-Marques-2022-3888-540x360.jpg\" alt=\"\" class=\"wp-image-3025\" width=\"838\" height=\"559\" srcset=\"http:\/\/marques-peintre.fr\/wp-content\/uploads\/2024\/01\/Expo-Marques-2022-3888-540x360.jpg 540w, http:\/\/marques-peintre.fr\/wp-content\/uploads\/2024\/01\/Expo-Marques-2022-3888-300x200.jpg 300w, http:\/\/marques-peintre.fr\/wp-content\/uploads\/2024\/01\/Expo-Marques-2022-3888-768x512.jpg 768w, http:\/\/marques-peintre.fr\/wp-content\/uploads\/2024\/01\/Expo-Marques-2022-3888-1536x1025.jpg 1536w, http:\/\/marques-peintre.fr\/wp-content\/uploads\/2024\/01\/Expo-Marques-2022-3888-2048x1367.jpg 2048w\" sizes=\"(max-width: 838px) 100vw, 838px\" \/><\/figure>\n\n\n\n<h2><strong>Confluence (200cm x 300cm).<\/strong><\/h2>\n<h2>La toile est plac\u00e9e dans une enceinte noire. Eclair\u00e9e par cycle de lumi\u00e8re r\u00e9alis\u00e9 par 16 projecteurs \u00e0 intensit\u00e9 variable fournis par la soci\u00e9t\u00e9 GL events. Le texte associ\u00e9 sera \u00e0 d\u00e9couvrir dans une toute prochaine exposition avec le cluster lumi\u00e8re de Lyon.<\/h2>\n\n\n\n<figure class=\"wp-block-image size-large is-resized\"><a href=\"https:\/\/m.soundcloud.com\/shplax\/prison-st-paul-2\/s-DQJVFVX0end\"><img decoding=\"async\" loading=\"lazy\" src=\"http:\/\/marques-peintre.fr\/wp-content\/uploads\/2024\/01\/Expo-Marques-2022-3903-540x360.jpg\" alt=\"\" class=\"wp-image-3029\" width=\"838\" height=\"559\" srcset=\"http:\/\/marques-peintre.fr\/wp-content\/uploads\/2024\/01\/Expo-Marques-2022-3903-540x360.jpg 540w, http:\/\/marques-peintre.fr\/wp-content\/uploads\/2024\/01\/Expo-Marques-2022-3903-300x200.jpg 300w, http:\/\/marques-peintre.fr\/wp-content\/uploads\/2024\/01\/Expo-Marques-2022-3903-768x513.jpg 768w, http:\/\/marques-peintre.fr\/wp-content\/uploads\/2024\/01\/Expo-Marques-2022-3903-1536x1025.jpg 1536w, http:\/\/marques-peintre.fr\/wp-content\/uploads\/2024\/01\/Expo-Marques-2022-3903-2048x1367.jpg 2048w\" sizes=\"(max-width: 838px) 100vw, 838px\" \/><\/a><\/figure>\n\n\n\n<h2>Prison Saint Paul ( 146cm x 195cm).<\/h2>\n<h2>Cliquez sur l&rsquo;image et plongez vous dans l&rsquo;univers de ce tableau<\/h2>\n<h5>Voix: Deborha Lamy.&nbsp;Montage sonore: Jean Michel Pirollet. Texte: Patrick Marques.<\/h5>\n\n\n\n<figure class=\"wp-block-image size-large is-resized\"><a href=\"https:\/\/m.soundcloud.com\/shplax\/femmes-tendresses\/s-oMGSz6Rhfbe\"><img decoding=\"async\" loading=\"lazy\" src=\"http:\/\/marques-peintre.fr\/wp-content\/uploads\/2024\/01\/Expo-Marques-2022-3896-540x360.jpg\" alt=\"\" class=\"wp-image-3031\" width=\"838\" height=\"559\" srcset=\"http:\/\/marques-peintre.fr\/wp-content\/uploads\/2024\/01\/Expo-Marques-2022-3896-540x360.jpg 540w, http:\/\/marques-peintre.fr\/wp-content\/uploads\/2024\/01\/Expo-Marques-2022-3896-300x200.jpg 300w, http:\/\/marques-peintre.fr\/wp-content\/uploads\/2024\/01\/Expo-Marques-2022-3896-768x513.jpg 768w, http:\/\/marques-peintre.fr\/wp-content\/uploads\/2024\/01\/Expo-Marques-2022-3896-1536x1025.jpg 1536w, http:\/\/marques-peintre.fr\/wp-content\/uploads\/2024\/01\/Expo-Marques-2022-3896-2048x1367.jpg 2048w\" sizes=\"(max-width: 838px) 100vw, 838px\" \/><\/a><\/figure>\n\n\n\n<h2>Femme tendresse (146cm x 195cm)<\/h2>\n<h2>Cliquez sur l&rsquo;image et plongez vous dans l&rsquo;univers de ce tableau.&nbsp;<\/h2>\n<h5>Texte: Patrick Marques.<\/h5>\n<h5>Voix: Patrick Marques.&nbsp;Ce cri d&rsquo;amour du peintre pour la femme ne pouvais \u00eatre dit que par lui-m\u00eame.<\/h5>\n<h5>sonore: Jean Michel Pirollet.&nbsp;<\/h5>\n\n\n\n<figure class=\"wp-block-image size-large is-resized\"><a href=\"https:\/\/m.soundcloud.com\/shplax\/mere-inquiete-1\/s-4NcNGNDwd6d\"><img decoding=\"async\" loading=\"lazy\" src=\"http:\/\/marques-peintre.fr\/wp-content\/uploads\/2024\/01\/Expo-Marques-2022-3897-540x360.jpg\" alt=\"\" class=\"wp-image-3033\" width=\"839\" height=\"559\" srcset=\"http:\/\/marques-peintre.fr\/wp-content\/uploads\/2024\/01\/Expo-Marques-2022-3897-540x360.jpg 540w, http:\/\/marques-peintre.fr\/wp-content\/uploads\/2024\/01\/Expo-Marques-2022-3897-300x200.jpg 300w, http:\/\/marques-peintre.fr\/wp-content\/uploads\/2024\/01\/Expo-Marques-2022-3897-768x513.jpg 768w, http:\/\/marques-peintre.fr\/wp-content\/uploads\/2024\/01\/Expo-Marques-2022-3897-1536x1025.jpg 1536w, http:\/\/marques-peintre.fr\/wp-content\/uploads\/2024\/01\/Expo-Marques-2022-3897-2048x1367.jpg 2048w\" sizes=\"(max-width: 839px) 100vw, 839px\" \/><\/a><\/figure>\n\n\n\n<h2>La m\u00e8re inqui\u00e8te ( 195cm x 130cm).<\/h2>\n<h2>Cliquez sur l&rsquo;image et plongez vous dans l&rsquo;univers musical de ce tableau<\/h2>\n<h5>Compositeur interpr\u00e8te: &nbsp;Jean Michel Pirollet.<\/h5>\n\n\n\n<figure class=\"wp-block-image size-large is-resized\"><img decoding=\"async\" loading=\"lazy\" src=\"http:\/\/marques-peintre.fr\/wp-content\/uploads\/2024\/01\/Expo-Marques-2022-3890-540x360.jpg\" alt=\"\" class=\"wp-image-3037\" width=\"840\" height=\"560\" srcset=\"http:\/\/marques-peintre.fr\/wp-content\/uploads\/2024\/01\/Expo-Marques-2022-3890-540x360.jpg 540w, http:\/\/marques-peintre.fr\/wp-content\/uploads\/2024\/01\/Expo-Marques-2022-3890-300x200.jpg 300w, http:\/\/marques-peintre.fr\/wp-content\/uploads\/2024\/01\/Expo-Marques-2022-3890-768x513.jpg 768w, http:\/\/marques-peintre.fr\/wp-content\/uploads\/2024\/01\/Expo-Marques-2022-3890-1536x1025.jpg 1536w, http:\/\/marques-peintre.fr\/wp-content\/uploads\/2024\/01\/Expo-Marques-2022-3890-2048x1367.jpg 2048w\" sizes=\"(max-width: 840px) 100vw, 840px\" \/><\/figure>\n\n\n\n<p>.<\/p>\n\n\n\n<figure class=\"wp-block-image size-large is-resized\"><img decoding=\"async\" loading=\"lazy\" src=\"http:\/\/marques-peintre.fr\/wp-content\/uploads\/2024\/01\/Expo-Marques-2022-3893-540x360.jpg\" alt=\"\" class=\"wp-image-3036\" width=\"838\" height=\"559\" srcset=\"http:\/\/marques-peintre.fr\/wp-content\/uploads\/2024\/01\/Expo-Marques-2022-3893-540x360.jpg 540w, http:\/\/marques-peintre.fr\/wp-content\/uploads\/2024\/01\/Expo-Marques-2022-3893-300x200.jpg 300w, http:\/\/marques-peintre.fr\/wp-content\/uploads\/2024\/01\/Expo-Marques-2022-3893-768x513.jpg 768w, http:\/\/marques-peintre.fr\/wp-content\/uploads\/2024\/01\/Expo-Marques-2022-3893-1536x1025.jpg 1536w, http:\/\/marques-peintre.fr\/wp-content\/uploads\/2024\/01\/Expo-Marques-2022-3893-2048x1367.jpg 2048w\" sizes=\"(max-width: 838px) 100vw, 838px\" \/><\/figure>\n","protected":false},"excerpt":{"rendered":"<p>Prototype d&rsquo;exposition hors du commun qui permet de contempler des toiles de tr\u00e8s grande taille, plac\u00e9es sous une lumi\u00e8re mouvante, &nbsp;en association avec du son, de la musique, et des paroles de com\u00e9diens sur des textes \u00e9crits par Patrick Marques. Salle Guy de Chauliac \u00e0&nbsp;Brignais Confluence (200cm x 300cm). La toile est plac\u00e9e dans une [&hellip;]<\/p>\n","protected":false},"author":1,"featured_media":0,"parent":466,"menu_order":4,"comment_status":"closed","ping_status":"closed","template":"","meta":{"ngg_post_thumbnail":0},"_links":{"self":[{"href":"http:\/\/marques-peintre.fr\/index.php?rest_route=\/wp\/v2\/pages\/3013"}],"collection":[{"href":"http:\/\/marques-peintre.fr\/index.php?rest_route=\/wp\/v2\/pages"}],"about":[{"href":"http:\/\/marques-peintre.fr\/index.php?rest_route=\/wp\/v2\/types\/page"}],"author":[{"embeddable":true,"href":"http:\/\/marques-peintre.fr\/index.php?rest_route=\/wp\/v2\/users\/1"}],"replies":[{"embeddable":true,"href":"http:\/\/marques-peintre.fr\/index.php?rest_route=%2Fwp%2Fv2%2Fcomments&post=3013"}],"version-history":[{"count":10,"href":"http:\/\/marques-peintre.fr\/index.php?rest_route=\/wp\/v2\/pages\/3013\/revisions"}],"predecessor-version":[{"id":3041,"href":"http:\/\/marques-peintre.fr\/index.php?rest_route=\/wp\/v2\/pages\/3013\/revisions\/3041"}],"up":[{"embeddable":true,"href":"http:\/\/marques-peintre.fr\/index.php?rest_route=\/wp\/v2\/pages\/466"}],"wp:attachment":[{"href":"http:\/\/marques-peintre.fr\/index.php?rest_route=%2Fwp%2Fv2%2Fmedia&parent=3013"}],"curies":[{"name":"wp","href":"https:\/\/api.w.org\/{rel}","templated":true}]}}