{"id":305,"date":"2010-05-04T09:53:15","date_gmt":"2010-05-04T07:53:15","guid":{"rendered":"http:\/\/marques-artiste-peintre.fr\/?page_id=305"},"modified":"2025-09-18T10:42:39","modified_gmt":"2025-09-18T08:42:39","slug":"presse","status":"publish","type":"page","link":"http:\/\/marques-peintre.fr\/?page_id=305","title":{"rendered":"Presse"},"content":{"rendered":"<div class=\"wp-block-image\">\n<figure class=\"aligncenter size-large is-resized\"><img decoding=\"async\" loading=\"lazy\" src=\"http:\/\/marques-peintre.fr\/wp-content\/uploads\/2025\/09\/Lyon-people-01-modifie-540x683.jpg\" alt=\"\" class=\"wp-image-3155\" width=\"646\" height=\"817\" srcset=\"http:\/\/marques-peintre.fr\/wp-content\/uploads\/2025\/09\/Lyon-people-01-modifie-540x683.jpg 540w, http:\/\/marques-peintre.fr\/wp-content\/uploads\/2025\/09\/Lyon-people-01-modifie-300x379.jpg 300w, http:\/\/marques-peintre.fr\/wp-content\/uploads\/2025\/09\/Lyon-people-01-modifie-768x971.jpg 768w, http:\/\/marques-peintre.fr\/wp-content\/uploads\/2025\/09\/Lyon-people-01-modifie-1215x1536.jpg 1215w, http:\/\/marques-peintre.fr\/wp-content\/uploads\/2025\/09\/Lyon-people-01-modifie-1620x2048.jpg 1620w, http:\/\/marques-peintre.fr\/wp-content\/uploads\/2025\/09\/Lyon-people-01-modifie-scaled.jpg 2025w\" sizes=\"(max-width: 646px) 100vw, 646px\" \/><\/figure><\/div>\n\n<div class=\"wp-block-image\">\n<figure class=\"aligncenter size-large is-resized\"><img decoding=\"async\" loading=\"lazy\" src=\"http:\/\/marques-peintre.fr\/wp-content\/uploads\/2025\/09\/Lyon-people-01-1-540x355.jpg\" alt=\"\" class=\"wp-image-3160\" width=\"640\" height=\"421\" srcset=\"http:\/\/marques-peintre.fr\/wp-content\/uploads\/2025\/09\/Lyon-people-01-1-540x355.jpg 540w, http:\/\/marques-peintre.fr\/wp-content\/uploads\/2025\/09\/Lyon-people-01-1-300x197.jpg 300w, http:\/\/marques-peintre.fr\/wp-content\/uploads\/2025\/09\/Lyon-people-01-1-768x504.jpg 768w, http:\/\/marques-peintre.fr\/wp-content\/uploads\/2025\/09\/Lyon-people-01-1-1536x1008.jpg 1536w, http:\/\/marques-peintre.fr\/wp-content\/uploads\/2025\/09\/Lyon-people-01-1-2048x1345.jpg 2048w\" sizes=\"(max-width: 640px) 100vw, 640px\" \/><\/figure><\/div>\n\n<div class=\"wp-block-image\">\n<figure class=\"aligncenter size-large is-resized\"><img decoding=\"async\" loading=\"lazy\" src=\"http:\/\/marques-peintre.fr\/wp-content\/uploads\/2025\/09\/Lyon-people-02-540x717.jpg\" alt=\"\" class=\"wp-image-3156\" width=\"650\" height=\"863\" srcset=\"http:\/\/marques-peintre.fr\/wp-content\/uploads\/2025\/09\/Lyon-people-02-540x717.jpg 540w, http:\/\/marques-peintre.fr\/wp-content\/uploads\/2025\/09\/Lyon-people-02-300x398.jpg 300w, http:\/\/marques-peintre.fr\/wp-content\/uploads\/2025\/09\/Lyon-people-02-768x1019.jpg 768w, http:\/\/marques-peintre.fr\/wp-content\/uploads\/2025\/09\/Lyon-people-02-1157x1536.jpg 1157w, http:\/\/marques-peintre.fr\/wp-content\/uploads\/2025\/09\/Lyon-people-02-1543x2048.jpg 1543w, http:\/\/marques-peintre.fr\/wp-content\/uploads\/2025\/09\/Lyon-people-02-scaled.jpg 1929w\" sizes=\"(max-width: 650px) 100vw, 650px\" \/><\/figure><\/div>\n\n<div class=\"wp-block-image\">\n<figure class=\"aligncenter size-large is-resized\"><img decoding=\"async\" loading=\"lazy\" src=\"http:\/\/marques-peintre.fr\/wp-content\/uploads\/2025\/09\/Lyon-people-03-540x723.jpg\" alt=\"\" class=\"wp-image-3157\" width=\"654\" height=\"876\" srcset=\"http:\/\/marques-peintre.fr\/wp-content\/uploads\/2025\/09\/Lyon-people-03-540x723.jpg 540w, http:\/\/marques-peintre.fr\/wp-content\/uploads\/2025\/09\/Lyon-people-03-300x402.jpg 300w, http:\/\/marques-peintre.fr\/wp-content\/uploads\/2025\/09\/Lyon-people-03-768x1028.jpg 768w, http:\/\/marques-peintre.fr\/wp-content\/uploads\/2025\/09\/Lyon-people-03-1148x1536.jpg 1148w, http:\/\/marques-peintre.fr\/wp-content\/uploads\/2025\/09\/Lyon-people-03-1530x2048.jpg 1530w, http:\/\/marques-peintre.fr\/wp-content\/uploads\/2025\/09\/Lyon-people-03-scaled.jpg 1913w\" sizes=\"(max-width: 654px) 100vw, 654px\" \/><\/figure><\/div>\n\n\n<div style=\"height:92px\" aria-hidden=\"true\" class=\"wp-block-spacer\"><\/div>\n\n\n\n<figure class=\"wp-block-image\"><img decoding=\"async\" loading=\"lazy\" width=\"182\" height=\"113\" src=\"http:\/\/marques-peintre.fr\/wp-content\/uploads\/2019\/03\/lyon-people.jpg\" alt=\"\" class=\"wp-image-2115\"\/><\/figure>\n\n\n\n<h1 class=\"wp-block-heading\">Maison Forte de Vourles. Patrick Marqu\u00e8s rayonne<\/h1>\n\n\n\n<p>08\/03\/2016&nbsp;|&nbsp;<a href=\"http:\/\/www.lyonpeople.com\/derniere-minute\">DERNIERE MINUTE<\/a>,&nbsp;<a href=\"http:\/\/www.lyonpeople.com\/les-sorties\/les-expos\">LES EXPOS<\/a>&nbsp;|&nbsp;<a href=\"http:\/\/www.lyonpeople.com\/derniere-minute\/maison-forte-de-vourles-patrick-marques-rayonne-2016-03-08.html#comments\">0&nbsp;<\/a>&nbsp;|&nbsp;&nbsp;&nbsp;&nbsp;&nbsp;<\/p>\n\n\n\n<figure class=\"wp-block-image\"><a href=\"http:\/\/www.lyonpeople.com\/derniere-minute\/maison-forte-de-vourles-patrick-marques-rayonne-2016-03-08.html\"><img decoding=\"async\" src=\"http:\/\/www.lyonpeople.com\/wp-content\/uploads\/2016\/03\/Serge-Fages-Patrick-Marqu%C3%A8s-et-Michel-R%C3%A9gnier.jpg\" alt=\"Maison Forte de Vourles. Patrick Marqu\u00e8s rayonne\"\/><\/a><\/figure>\n\n\n\n<p><strong>Serge Fages, maire de Vourles, Patrick Marqu\u00e8s et Michel R\u00e9gnier, commissaire de l\u2019exposition \u2013 Photo \u00a9 M\u00e9moire des Arts<\/strong><\/p>\n\n\n\n<p>Par Alain Vollerin<\/p>\n\n\n\n<p>Le maire de Vourles,&nbsp;<strong>Serge Fages<\/strong>&nbsp;vient de restaurer la Maison Forte qui accueillit ces derni\u00e8res ann\u00e9es, \u00e0 l\u2019initiative de&nbsp;<strong>Michel R\u00e9gnier<\/strong>, adjoint \u00e0 la culture, les \u0153uvres de&nbsp;<strong>Jean Couty<\/strong>,&nbsp;<strong>Jean Fusaro<\/strong>,&nbsp;<strong>Philibert-Charrin<\/strong>,&nbsp;<strong>Andr\u00e9 Cottavoz<\/strong>, etc\u2026<\/p>\n\n\n\n<p>En repeignant les murs en blanc, en installant des \u00e9clairages efficaces, la mairie de Vourles offre d\u00e9sormais aux artistes les plus favorables conditions d\u2019exposition. Le soir du vernissage, on a pu croiser&nbsp;<strong>Claudine Marqu\u00e8s<\/strong>&nbsp;\u00e0 laquelle Patrick rendit un \u00e9mouvant hommage,&nbsp;<strong>Charles<\/strong>&nbsp;et&nbsp;<strong>Myriam Couty<\/strong>&nbsp;(en rep\u00e9rage),&nbsp;<strong>Lara Roland<\/strong>, peintre et pr\u00e9sidente de l\u2019Hivernale,&nbsp;<strong>Jacques<\/strong>&nbsp;et&nbsp;<strong>Annie Gouttebarge<\/strong>, l\u2019artiste&nbsp;<strong>Olga Quinaux<\/strong>&nbsp;et son mari&nbsp;<strong>Jean<\/strong>,&nbsp;<strong>Erick<\/strong>&nbsp;et&nbsp;<strong>Elodie Roux de B\u00e9zieux<\/strong>,&nbsp;<strong>Pierre Neyroud<\/strong>&nbsp;qui fut maire de Vourles,&nbsp;<strong>Gilberte<\/strong>&nbsp;et&nbsp;<strong>Michel Thiers<\/strong>, ex-vice-pr\u00e9sident du conseil g\u00e9n\u00e9ral,&nbsp;<strong>Jean-Luc da Passano<\/strong>, maire d\u2019Irigny,&nbsp;<strong>Olivier Desmules<\/strong>, directeur des affaires culturelles au Conseil d\u00e9partemental, le galeriste&nbsp;<strong>Alain Georges<\/strong>,&nbsp;<strong>Ir\u00e8ne Chatelus<\/strong>, pr\u00e9sidente des Arts \u00e0 Chaponost, etc\u2026<\/p>\n\n\n\n<p><strong>Le corps f\u00e9minin est son viatique<\/strong><\/p>\n\n\n\n<p>Patrick Marqu\u00e8s analyse son \u0153uvre, aussi bien qu\u2019il la construit depuis ses d\u00e9buts, et les encouragements de son ma\u00eetre,&nbsp;<strong>Christian Sandrin<\/strong>. Ecoutons-le&nbsp;: \u00ab&nbsp;La v\u00e9rit\u00e9 des choses n\u2019est pas leur apparence, mais ce qu\u2019elles r\u00e9v\u00e8lent. La beaut\u00e9 n\u2019est pas la forme, mais le rayonnement de la forme\u2026&nbsp;\u00bb Le corps f\u00e9minin est son viatique. Il y a de la ferveur, de l\u2019obsession, de la vigueur, de l\u2019outrance dans la peinture de Patrick Marqu\u00e8s. Tout ce qui manque, d\u00e9sormais aux compositions pitoyables de&nbsp;<strong>Patrice Giorda<\/strong>. Toutes ses toiles sont passionnantes, mais une, doit particuli\u00e8rement retenir votre attention. Il s\u2019agit de l\u2019Ang\u00e9lus. Peut-\u00eatre, penserez-vous, comme moi, \u00e0 l\u2019engagement de V\u00e9lasquez, du Greco, d\u2019Anselm Kieffer, ou, d\u2019Etienne Sandorfi&nbsp;? Un \u00e9v\u00e9nement incontournable. Le pr\u00e9sident du d\u00e9partement,&nbsp;<strong>Christophe Guilloteau<\/strong>annon\u00e7a, pendant un discours tr\u00e8s inspir\u00e9, que l\u2019an prochain, il pr\u00eaterait une partie de la collection de cette institution en hommage \u00e0 la peinture lyonnaise. Belle initiative&nbsp;!\u2026<\/p>\n\n\n\n<p><strong>Patrick Marqu\u00e8s. R\u00e9trospective.<br>Maison Forte, \u00e0 Voules, jusqu\u2019au 20 mars 2016<\/strong><br><\/p>\n\n\n\n<figure class=\"wp-block-gallery has-nested-images columns-default is-cropped wp-block-gallery-1 is-layout-flex\">\n<figure class=\"wp-block-image\"><img decoding=\"async\" loading=\"lazy\" width=\"540\" height=\"516\" data-id=\"2156\"  src=\"http:\/\/marques-peintre.fr\/wp-content\/uploads\/2019\/04\/Sans-titre-540x516.png\" alt=\"\" class=\"wp-image-2156\" srcset=\"http:\/\/marques-peintre.fr\/wp-content\/uploads\/2019\/04\/Sans-titre-540x516.png 540w, http:\/\/marques-peintre.fr\/wp-content\/uploads\/2019\/04\/Sans-titre-300x287.png 300w, http:\/\/marques-peintre.fr\/wp-content\/uploads\/2019\/04\/Sans-titre-768x733.png 768w, http:\/\/marques-peintre.fr\/wp-content\/uploads\/2019\/04\/Sans-titre.png 934w\" sizes=\"(max-width: 540px) 100vw, 540px\" \/><\/figure>\n<\/figure>\n\n\n\n<figure class=\"wp-block-image\"><img decoding=\"async\" loading=\"lazy\" width=\"79\" height=\"100\" src=\"http:\/\/marques-peintre.fr\/wp-content\/uploads\/2019\/04\/logo-blog-des-arts-1.png\" alt=\"\" class=\"wp-image-2159\"\/><figcaption class=\"wp-element-caption\"><strong>Alain Vollerin. \u00ab extraits. le blog des arts mars 2017 \u00bb \u00e0 propos de l\u2019exposition r\u00e9trospective de la maison forte de Vourles:&nbsp;<\/strong><\/figcaption><\/figure>\n\n\n\n<p>Dans son immense sinc\u00e9rit\u00e9, Patrick Marqu\u00e8s sait trouver les mots pr\u00e9cis pour dire ses \u00e9tats d\u2019\u00e2me face\u00e0 son engagement pictural. Quelle responsabilit\u00e9! Quel courage!&#8230;. Comment parvint-il \u00e0 un tel niveau de dialogue avec les formes f\u00e9minines? Comment nacquit le miracle de ces dons de femmes: langoureuses, offertes, plantureuses, amoureuses&#8230; etc&#8230;? Pourquoi tous ces mod\u00e8les accept\u00e8rent-ils de partager l\u2019engouement de Patrick Marqu\u00e8s, pour la repr\u00e9sentation de leur compl\u00e8te nudit\u00e9? Pourquoi tant de simplicit\u00e9 et de g\u00e9n\u00e9rosit\u00e9? Comment Patrick Marqu\u00e8s est-il devenu le peintre du corps f\u00e9minin? En un mot, comment as-t-il su les convaincre?&#8230; Admirable talent de Patrick Marques pour le dessin. Comment&#8230; as-t-il rompu avec le discours sur la forme, pour fondre sa peinture dans de longues coul\u00e9es de larmes? Comment &#8230; As-t-il gagn\u00e9 le pari sur la question de fond: Peut-on, au XXI\u00b0 si\u00e8cle, peindre encore en appuyant sa toile sur un chevalet? Une r\u00e9ponse vient imm\u00e9diatement \u00e0 mon esprit: au nom de l\u2019amour. Cette exposition&#8230; est dans une large proportion, le triomphe de l\u2019amour&#8230;&nbsp;<\/p>\n\n\n\n<p>\u00ab Je peins parce que tout simplement, rien ne semble pouvoir mieux m\u2019apaiser, et porter mon \u00e2me vers toujours plus d\u2019unit\u00e9 et d\u2019harmonie. L\u2019acte de peindre est une marche \u00e0 la rencontre de moi-m\u00eame, et me donne, en cela, un profond sentiment d\u2019exister<\/p>\n\n\n\n<figure class=\"wp-block-image\"><img decoding=\"async\" loading=\"lazy\" width=\"330\" height=\"153\" src=\"http:\/\/marques-peintre.fr\/wp-content\/uploads\/2019\/04\/le-progr\u00e8s.jpeg\" alt=\"\" class=\"wp-image-2162\" srcset=\"http:\/\/marques-peintre.fr\/wp-content\/uploads\/2019\/04\/le-progr\u00e8s.jpeg 330w, http:\/\/marques-peintre.fr\/wp-content\/uploads\/2019\/04\/le-progr\u00e8s-300x139.jpeg 300w\" sizes=\"(max-width: 330px) 100vw, 330px\" \/><\/figure>\n\n\n<p>&nbsp;<\/p>\n<h1 class=\"titleContent\">Patrick Marques s\u2019exprime avec les mots et ses pinceaux<\/h1>\n<h2 class=\"accroche\">Arts. Fin m\u00e9lomane, Patrick Marques est \u00e9galement un artiste peintre de talent. Partout dans ses \u0153uvres, la femme est une muse.<\/h2>\n<div class=\"illus\">\n<div id=\"efd34d41-e17f-42b9-b18c-549d8014fa01\" class=\"galerieContent galerie\">\n<div class=\"galerie-viewport\">\n<div class=\"galerie-slider\">\n<div class=\"item lazyloaded\">\n<figure><img decoding=\"async\" src=\"https:\/\/cdn-s-www.leprogres.fr\/images\/954F8F8A-7F15-4668-B959-4D5C1593591A\/LPR_v1_02\/le-rayonnant-tableau-de-patrick-marques-photo-jerome-blain-1507661270.jpg\" alt=\"Le Rayonnant tableau de Patrick Marques. &nbsp;Photo J\u00e9r\u00f4me Blain\" data-src=\"https:\/\/cdn-s-www.leprogres.fr\/images\/954F8F8A-7F15-4668-B959-4D5C1593591A\/LPR_v1_02\/le-rayonnant-tableau-de-patrick-marques-photo-jerome-blain-1507661270.jpg\"><\/figure>\n<\/div>\n<\/div>\n<\/div>\n<\/div>\n<\/div>\n<p>Boulevers\u00e9 tr\u00e8s jeune par une exposition d\u2019art, il d\u00e9couvre la beaut\u00e9 de la peinture. Il sait quelle est sa voie ; il sera peintre. Sous l\u2019impulsion de son mentor, Christian Sandrin, il t\u00e2tonne, dompte son pinceau, apprend \u00e0 le manier. Mais c\u2019est en 1996 que Patrick Marques saute le pas et se consacre enti\u00e8rement \u00e0 sa passion.<\/p>\n<p>Artiste-peintre touche-\u00e0-tout, il se r\u00e9fugie r\u00e9guli\u00e8rement dans son atelier. Tel un orf\u00e8vre, il y peaufine son savoir-faire. Ses violons d\u2019Ingres sont multiples. Fin m\u00e9lomane, plusieurs de ses toiles feront partie des d\u00e9cors de Tosca, op\u00e9ra mont\u00e9 par Philippe Fournier (programm\u00e9 en juin \u00e0 l\u2019Amphith\u00e9\u00e2tre).<\/p>\n<p>C\u2019est aussi par les mots qu\u2019il s\u2019affranchit. Lors de ses \u00e9tudes \u00e0 l\u2019ECAM, il monte sur sc\u00e8ne pour d\u00e9clamer son amour des mots\u2026 et celui de sa future \u00e9pouse. Son mantra, remettre la \u00ab femme \u00bb au c\u0153ur de l\u2019art. Il peint, traduit en couleurs \u00ab cet instant, travers\u00e9 par un souffle de vie \u00bb, celui de son mod\u00e8le.<\/p>\n<p>Clermontois de souche, il s\u2019implique tr\u00e8s t\u00f4t dans la vie communale brignairote. D\u00e8s 1994, il inaugure sa premi\u00e8re exposition au Briscope. Il renforce cette collaboration par la r\u00e9alisation de fresques murales dans la ville. Il continue encore aujourd\u2019hui \u00e0 transmettre sa passion aux nouvelles g\u00e9n\u00e9rations, suscitant quelques vocations.<\/p>\n<div class=\"contentText\">\n<p class=\"citation\">Son mantra : mettre la femme au coeur de l\u2019art<\/p>\n<\/div>\n<p class=\"author\">J\u00e9r\u00f4me Blain<\/p>\n<div class=\"ob-smartfeed-wrapper\">\n<div id=\"outbrain_widget_1\" class=\"OUTBRAIN\" data-src=\"https:\/\/www.leprogres.fr\/rhone\/2013\/06\/09\/patrick-marques-s-exprime-avec-les-mots-et-ses-pinceaux\" data-widget-id=\"AR_1\" data-ob-template=\"LeProgres\" data-ob-mark=\"true\" data-browser=\"chrome\" data-os=\"macintel\" data-dynload=\"\" data-idx=\"1\">\n<div class=\"ob-widget ob-two-rows-strip-layout AR_1\">\n<div class=\"ob-widget-section ob-first\"><img decoding=\"async\" loading=\"lazy\" class=\" wp-image-2122 alignleft\" src=\"http:\/\/marques-peintre.fr\/wp-content\/uploads\/2019\/03\/le-figaro.jpeg\" alt=\"\" width=\"211\" height=\"118\"><\/div>\n<\/div>\n<\/div>\n<\/div>\n<p style=\"text-align: center;\"><span style=\"font-size: medium;\"><span style=\"color: #ff6600;\">Le Figaro 15 02 2001<\/span><\/span><\/p>\n<p><span style=\"font-size: medium;\"><span style=\"color: #ff6600;\">&nbsp;<\/span><\/span><\/p>\n<p style=\"text-align: center;\"><a href=\"http:\/\/marques-artiste-peintre.fr\/wp-content\/uploads\/2010\/05\/presse-le-figaro15-02-2001-titre.jpg\" rel=\"lightbox[305]\" title=\"presse le figaro15 02 2001 titre\"><img decoding=\"async\" loading=\"lazy\" class=\"alignnone size-full wp-image-367\" title=\"presse le figaro15 02 2001 titre\" src=\"http:\/\/marques-artiste-peintre.fr\/wp-content\/uploads\/2010\/05\/presse-le-figaro15-02-2001-titre.jpg\" alt=\"\" width=\"291\" height=\"600\"><\/a><\/p>\n<p>\u00ab\u00a0Au Th\u00e9\u00e2tre Le Trianon, o\u00f9 se joue \u00a0\u00bb l&rsquo;Aiglon\u00a0\u00bb, Patrick Marqu\u00e8s expose une quinzaine de ses peintures. Dans un lieu propice \u00e0 ses grandes toiles, il donne l\u2019occasion au public parisien de le connaitre. N\u00e9 en 1951, il suit les cours de l\u2019\u00e9cole des beaux arts de Clermont Ferrand, ce qui lui permet d\u2019acqu\u00e9rir une ma\u00eetrise des techniques picturales. Dans un premier temps, il r\u00e9alise de nombreux tableaux de femmes nues, charnelles. Il peint aujourd\u2019hui l\u2019int\u00e9riorit\u00e9 humaine&nbsp;: S\u2019\u00e9loignant du figuratisme statique, il am\u00e8ne ses personnages \u00e0 d\u2019intenses expressions, emport\u00e9s par la beaut\u00e9 de la lumi\u00e8re. Ses titres des tableaux \u00e9voquent les r\u00e9flexions du peintre&nbsp;: <em>Aspiration de l\u2019homme \u00e0 la libert\u00e9, l\u2019humain en qu\u00eate de lumi\u00e8re.<\/em> Les corps sont bleus ou bruns, froids, mais, cette incandescence jaune et rouge, pr\u00e9sente dans chaque peinture, r\u00e9chauffe l\u2019\u00eatre et l\u2019\u0153il du visiteur. Par le choix de la couleur, et par une technique \u00e9tonnante, Patrick &nbsp;Marqu\u00e8s r\u00e9ussit \u00e0 la perfection \u00e0 peindre le paradoxe humain, en captant l\u2019obscur et le lumineux de chaque homme, la duret\u00e9 de la vie terrestre et le myst\u00e8re de l\u2019haut del\u00e0.\u00a0\u00bb<\/p>\n<p style=\"text-align: center;\"><span style=\"color: #ff6600; font-size: medium;\">Figaroscope du 14 au 20 f\u00e9vrier 2001<\/span><\/p>\n<p style=\"text-align: center;\"><span style=\"color: #ff6600; font-size: medium;\"><a href=\"http:\/\/marques-artiste-peintre.fr\/wp-content\/uploads\/2010\/05\/presse-lfigaroscope-14-20-02-2001.jpg\" rel=\"lightbox[305]\" title=\"Figaroscope 14-20 02 2001\"><img decoding=\"async\" loading=\"lazy\" class=\"alignnone size-full wp-image-370\" title=\"Figaroscope 14-20 02 2001\" src=\"http:\/\/marques-artiste-peintre.fr\/wp-content\/uploads\/2010\/05\/presse-lfigaroscope-14-20-02-2001.jpg\" alt=\"\" width=\"528\" height=\"470\" srcset=\"http:\/\/marques-peintre.fr\/wp-content\/uploads\/2010\/05\/presse-lfigaroscope-14-20-02-2001.jpg 600w, http:\/\/marques-peintre.fr\/wp-content\/uploads\/2010\/05\/presse-lfigaroscope-14-20-02-2001-300x267.jpg 300w, http:\/\/marques-peintre.fr\/wp-content\/uploads\/2010\/05\/presse-lfigaroscope-14-20-02-2001-540x480.jpg 540w\" sizes=\"(max-width: 528px) 100vw, 528px\" \/><\/a><\/span><\/p>\n<p style=\"text-align: center;\"><span style=\"color: #ff6600; font-size: medium;\">&nbsp;<\/span><\/p>\n<p style=\"text-align: center;\"><span style=\"color: #ff9900; font-size: medium;\">L&rsquo;hebdo Lillois \u00ab\u00a0sortir\u00a0\u00bb du 23 au 29 2002<\/span><\/p>\n<p><strong>\u00ab\u00a0Patrick Marqu\u00e8s&nbsp;: l\u2019art de peindre les passions humaines<\/strong><\/p>\n<p>Souvent de grands formats, les tableaux de Patrick Marqu\u00e8s expriment la figure humaine et les passions qui animent les \u00eatres, dans un monde de lumi\u00e8re, mais aussi de t\u00e9n\u00e8bres.Dans un attachement aux valeurs picturales d\u00e9velopp\u00e9es par les ma\u00eetres Rembrandt et Turner, et dans une admiration vou\u00e9e \u00e0 son contemporain Zao Wou Ki, le peintre r\u00e9alise une peinture \u00e0 la fois figurative et abstraite, fruit des libert\u00e9s gestuelles propres aux expressions contemporaines, mais aussi des contraintes techniques exigeantes et minutieuses, apprises des grands ma\u00eetres flamands depuis Van Eyck. Patrick Marqu\u00e8s exprime la beaut\u00e9 charnelle des \u00eatres, faisant ici une large place \u00e0 son amour des femmes, et sa fascination devant leurs anatomies. Il s\u2019attache plus encore \u00e0 sublimer toute l\u2019\u00e9tendue des sentiments, sans h\u00e9siter \u00e0 fouiller jusqu\u2019aux drames humains et les sentiments inhib\u00e9s. Un cri d\u2019amour, de d\u00e9sir, mais aussi de solitude, de souffrance, d\u2019impuissance et d\u2019espoir. Une peinture du mouvement, vibrante de mati\u00e8re, pleine de paradoxes, d\u2019ombres et de lumi\u00e8res. Le pinceau s\u2019\u00e9chappe et revient, au del\u00e0 de la forme, r\u00e9v\u00e9lant l\u2019obsession de l\u2019artiste de mat\u00e9rialiser l\u2019invisible, cristalliser l\u2019instant, et faire jaillir la beaut\u00e9, la lumi\u00e8re et l\u2019espoir&#8230;\u00a0\u00bb<\/p>\n<p style=\"text-align: center;\"><span style=\"font-size: medium;\"><span style=\"color: #ff6600;\">Curator Barcelone mars \u00e0 mai 2005<\/span><\/span><\/p>\n<p style=\"text-align: center;\"><span style=\"color: #ff9900; font-size: medium;\">&nbsp;<a href=\"http:\/\/marques-artiste-peintre.fr\/wp-content\/uploads\/2010\/05\/presse-Curator-mars-\u00e0-mai-2005.jpg\" rel=\"lightbox[305]\" title=\"presse Curator mars \u00e0 mai 2005\"><img decoding=\"async\" loading=\"lazy\" class=\"size-full wp-image-374 aligncenter\" title=\"presse Curator mars \u00e0 mai 2005\" src=\"http:\/\/marques-artiste-peintre.fr\/wp-content\/uploads\/2010\/05\/presse-Curator-mars-\u00e0-mai-2005.jpg\" alt=\"\" width=\"527\" height=\"488\"><\/a><\/span><span style=\"font-size: medium;\"><span style=\"color: #ff6600;\">&nbsp;<\/span><\/span><\/p>\n<p style=\"text-align: center;\"><a href=\"http:\/\/marques-artiste-peintre.fr\/wp-content\/uploads\/2010\/05\/presse-le-figaro15-02-2001.jpg\" rel=\"lightbox[305]\"><span style=\"font-size: medium;\"><span style=\"color: #ff6600;\">Le<\/span><\/span><\/a><span style=\"font-size: medium;\"><span style=\"color: #ff6600;\"> Progr\u00e9s 04 juin 2003<\/span><\/span><\/p>\n<p style=\"text-align: center;\"><span style=\"font-size: medium;\"><span style=\"color: #ff6600;\"><a href=\"http:\/\/marques-artiste-peintre.fr\/wp-content\/uploads\/2010\/05\/12-Le-progr\u00e9s-04-06-03.jpg\" rel=\"lightbox[305]\" title=\"12 Le progr\u00e9s 04 06 03\"><img decoding=\"async\" loading=\"lazy\" class=\"alignnone size-full wp-image-376\" title=\"12 Le progr\u00e9s 04 06 03\" src=\"http:\/\/marques-artiste-peintre.fr\/wp-content\/uploads\/2010\/05\/12-Le-progr\u00e9s-04-06-03.jpg\" alt=\"\" width=\"513\" height=\"319\"><\/a><\/span><\/span><\/p>\n<p style=\"text-align: center;\"><span style=\"font-size: medium;\">&nbsp;<span style=\"color: #ff6600;\">Lyon citoyen juillet 2003<\/span><\/span><\/p>\n<p style=\"text-align: center;\"><span style=\"font-size: medium;\"><span style=\"color: #ff6600;\"><a href=\"http:\/\/marques-artiste-peintre.fr\/wp-content\/uploads\/2010\/05\/presse-Lyon-citoyen-07-2003.jpg\" rel=\"lightbox[305]\" title=\"presse Lyon citoyen 07 2003\"><img decoding=\"async\" loading=\"lazy\" class=\"alignnone size-full wp-image-381\" title=\"presse Lyon citoyen 07 2003\" src=\"http:\/\/marques-artiste-peintre.fr\/wp-content\/uploads\/2010\/05\/presse-Lyon-citoyen-07-2003.jpg\" alt=\"\" width=\"519\" height=\"410\"><\/a><\/span><\/span><\/p>\n<p style=\"text-align: center;\"><span style=\"font-size: medium;\"><span style=\"color: #ff6600;\">Lille magazine d\u00e9cembre 2002<\/span><\/span><\/p>\n<p style=\"text-align: center;\"><span style=\"font-size: medium;\"><span style=\"color: #ff6600;\"><a href=\"http:\/\/marques-artiste-peintre.fr\/wp-content\/uploads\/2010\/05\/presse-Lille.jpg\" rel=\"lightbox[305]\" title=\"presse Lille\"><img decoding=\"async\" loading=\"lazy\" class=\"alignnone size-full wp-image-384\" title=\"presse Lille\" src=\"http:\/\/marques-artiste-peintre.fr\/wp-content\/uploads\/2010\/05\/presse-Lille.jpg\" alt=\"\" width=\"345\" height=\"600\" srcset=\"http:\/\/marques-peintre.fr\/wp-content\/uploads\/2010\/05\/presse-Lille.jpg 345w, http:\/\/marques-peintre.fr\/wp-content\/uploads\/2010\/05\/presse-Lille-300x522.jpg 300w\" sizes=\"(max-width: 345px) 100vw, 345px\" \/><\/a><\/span><\/span><\/p>\n<p>\u00ab&nbsp;\u2026 Mat\u00e9rialiser l\u2019invisible, cristalliser l\u2019instant, faire jaillir la beaut\u00e9, tel est le sens de cette \u0153uvre originale, qui laisse \u00e9galement une large place \u00e0 l\u2019amour des femmes, et sa fascination devant leurs anatomies&nbsp;: \u00ab&nbsp; <em>je suis venu \u00e0 la peinture pour cela&nbsp;\u00bb, <\/em>confie-t-il. Parmi la s\u00e9rie de nus, de reflets de l\u2019\u00e2me humaine, de tableaux plus abstraits, l\u2019expo, soutenue par la CIC Banque Scalbert Dupont, pr\u00e9sentait quelques beaux portraits, dont celui de Jean-Claude Casadesus\u2026&nbsp;\u00bb<\/p>","protected":false},"excerpt":{"rendered":"<p>Maison Forte de Vourles. Patrick Marqu\u00e8s rayonne 08\/03\/2016&nbsp;|&nbsp;DERNIERE MINUTE,&nbsp;LES EXPOS&nbsp;|&nbsp;0&nbsp;&nbsp;|&nbsp;&nbsp;&nbsp;&nbsp;&nbsp; Serge Fages, maire de Vourles, Patrick Marqu\u00e8s et Michel R\u00e9gnier, commissaire de l\u2019exposition \u2013 Photo \u00a9 M\u00e9moire des Arts Par Alain Vollerin Le maire de Vourles,&nbsp;Serge Fages&nbsp;vient de restaurer la Maison Forte qui accueillit ces derni\u00e8res ann\u00e9es, \u00e0 l\u2019initiative de&nbsp;Michel R\u00e9gnier, adjoint \u00e0 la culture, [&hellip;]<\/p>\n","protected":false},"author":1,"featured_media":0,"parent":71,"menu_order":4,"comment_status":"closed","ping_status":"open","template":"","meta":{"ngg_post_thumbnail":0},"_links":{"self":[{"href":"http:\/\/marques-peintre.fr\/index.php?rest_route=\/wp\/v2\/pages\/305"}],"collection":[{"href":"http:\/\/marques-peintre.fr\/index.php?rest_route=\/wp\/v2\/pages"}],"about":[{"href":"http:\/\/marques-peintre.fr\/index.php?rest_route=\/wp\/v2\/types\/page"}],"author":[{"embeddable":true,"href":"http:\/\/marques-peintre.fr\/index.php?rest_route=\/wp\/v2\/users\/1"}],"replies":[{"embeddable":true,"href":"http:\/\/marques-peintre.fr\/index.php?rest_route=%2Fwp%2Fv2%2Fcomments&post=305"}],"version-history":[{"count":36,"href":"http:\/\/marques-peintre.fr\/index.php?rest_route=\/wp\/v2\/pages\/305\/revisions"}],"predecessor-version":[{"id":3163,"href":"http:\/\/marques-peintre.fr\/index.php?rest_route=\/wp\/v2\/pages\/305\/revisions\/3163"}],"up":[{"embeddable":true,"href":"http:\/\/marques-peintre.fr\/index.php?rest_route=\/wp\/v2\/pages\/71"}],"wp:attachment":[{"href":"http:\/\/marques-peintre.fr\/index.php?rest_route=%2Fwp%2Fv2%2Fmedia&parent=305"}],"curies":[{"name":"wp","href":"https:\/\/api.w.org\/{rel}","templated":true}]}}