{"id":3056,"date":"2025-09-11T19:11:39","date_gmt":"2025-09-11T17:11:39","guid":{"rendered":"http:\/\/marques-peintre.fr\/?page_id=3056"},"modified":"2025-09-12T21:06:53","modified_gmt":"2025-09-12T19:06:53","slug":"tomaselli-collection-masculin-feminin","status":"publish","type":"page","link":"http:\/\/marques-peintre.fr\/?page_id=3056","title":{"rendered":"Tomaselli collection \u00ab\u00a0masculin feminin\u00a0\u00bb"},"content":{"rendered":"\n\n\n<p><img decoding=\"async\" loading=\"lazy\" class=\"aligncenter  wp-image-3085\" src=\"http:\/\/marques-peintre.fr\/wp-content\/uploads\/2025\/09\/Tomaselli-masculin-feminin-sans-clic.jpg\" alt=\"\" width=\"258\" height=\"174\" srcset=\"http:\/\/marques-peintre.fr\/wp-content\/uploads\/2025\/09\/Tomaselli-masculin-feminin-sans-clic.jpg 1983w, http:\/\/marques-peintre.fr\/wp-content\/uploads\/2025\/09\/Tomaselli-masculin-feminin-sans-clic-300x202.jpg 300w, http:\/\/marques-peintre.fr\/wp-content\/uploads\/2025\/09\/Tomaselli-masculin-feminin-sans-clic-540x364.jpg 540w, http:\/\/marques-peintre.fr\/wp-content\/uploads\/2025\/09\/Tomaselli-masculin-feminin-sans-clic-768x518.jpg 768w, http:\/\/marques-peintre.fr\/wp-content\/uploads\/2025\/09\/Tomaselli-masculin-feminin-sans-clic-1536x1036.jpg 1536w\" sizes=\"(max-width: 258px) 100vw, 258px\" \/><\/p>\n\n\n\n<h3><strong>Je remercie chaleureusement J\u00e9r\u00f4me Tomaselli qui a propos\u00e9 de mettre \u00e0 l&rsquo;honneur les deux grandes toiles reproduites ci-apr\u00e8s dont l&rsquo;une avait d\u00e9j\u00e0 fait l&rsquo;objet d&rsquo;une acquisition par la collection<\/strong><\/h3>\n\n\n\n<p><img decoding=\"async\" loading=\"lazy\" class=\"aligncenter size-full wp-image-3052\" src=\"http:\/\/marques-peintre.fr\/wp-content\/uploads\/2025\/09\/Nu-atelier.jpg\" alt=\"\" width=\"424\" height=\"925\" srcset=\"http:\/\/marques-peintre.fr\/wp-content\/uploads\/2025\/09\/Nu-atelier.jpg 424w, http:\/\/marques-peintre.fr\/wp-content\/uploads\/2025\/09\/Nu-atelier-300x654.jpg 300w\" sizes=\"(max-width: 424px) 100vw, 424px\" \/><\/p>\n<p>&nbsp;<\/p>\n<p>&nbsp; &nbsp; &nbsp; &nbsp; &nbsp; &nbsp; &nbsp; &nbsp; &nbsp; &nbsp; &nbsp; &nbsp; &nbsp; &nbsp; &nbsp; &nbsp; &nbsp; &nbsp; &nbsp; &nbsp; &nbsp; &nbsp; &nbsp; &nbsp; &nbsp; &nbsp; &nbsp; &nbsp; &nbsp;\u00ab\u00a0nu debout dans l&rsquo;atelier\u00a0\u00bb 162cm x 73cm<\/p>\n<p>&nbsp; &nbsp; &nbsp; &nbsp; &nbsp; &nbsp; &nbsp; &nbsp; &nbsp; &nbsp; &nbsp; &nbsp; &nbsp; &nbsp; &nbsp; &nbsp; &nbsp; &nbsp; &nbsp; &nbsp; &nbsp; &nbsp; &nbsp; &nbsp; &nbsp; &nbsp; &nbsp; &nbsp; &nbsp;Acquisition de Tomaselli collection<\/p>\n<p>&nbsp;<\/p>\n<p><img decoding=\"async\" loading=\"lazy\" class=\"aligncenter  wp-image-3051\" src=\"http:\/\/marques-peintre.fr\/wp-content\/uploads\/2025\/09\/Promesse--scaled.jpg\" alt=\"\" width=\"424\" height=\"731\" srcset=\"http:\/\/marques-peintre.fr\/wp-content\/uploads\/2025\/09\/Promesse--scaled.jpg 1485w, http:\/\/marques-peintre.fr\/wp-content\/uploads\/2025\/09\/Promesse--300x517.jpg 300w, http:\/\/marques-peintre.fr\/wp-content\/uploads\/2025\/09\/Promesse--540x931.jpg 540w, http:\/\/marques-peintre.fr\/wp-content\/uploads\/2025\/09\/Promesse--768x1324.jpg 768w, http:\/\/marques-peintre.fr\/wp-content\/uploads\/2025\/09\/Promesse--891x1536.jpg 891w, http:\/\/marques-peintre.fr\/wp-content\/uploads\/2025\/09\/Promesse--1188x2048.jpg 1188w\" sizes=\"(max-width: 424px) 100vw, 424px\" \/><\/p>\n<p>&nbsp; &nbsp; &nbsp; &nbsp; &nbsp; &nbsp; &nbsp; &nbsp; &nbsp; &nbsp; &nbsp; &nbsp; &nbsp;&nbsp;<\/p>\n<p>&nbsp; &nbsp; &nbsp; &nbsp; &nbsp; &nbsp; &nbsp; &nbsp; &nbsp; &nbsp; &nbsp; &nbsp; &nbsp; &nbsp; &nbsp; &nbsp; &nbsp; &nbsp; &nbsp; &nbsp; &nbsp; &nbsp; &nbsp; &nbsp; &nbsp; &nbsp; &nbsp; &nbsp; &nbsp; \u00ab\u00a0Promess\u00a0\u00bb 195cm x 114cm<\/p>\n<p>&nbsp; &nbsp; &nbsp; &nbsp; &nbsp; &nbsp; &nbsp; &nbsp; &nbsp; &nbsp; &nbsp; &nbsp; &nbsp; &nbsp; &nbsp; &nbsp; &nbsp; &nbsp; &nbsp; &nbsp; &nbsp; &nbsp; &nbsp; &nbsp; &nbsp; &nbsp; &nbsp; &nbsp; &nbsp; &nbsp;Atelier de l&rsquo; artiste<\/p>\n","protected":false},"excerpt":{"rendered":"<p>Je remercie chaleureusement J\u00e9r\u00f4me Tomaselli qui a propos\u00e9 de mettre \u00e0 l&rsquo;honneur les deux grandes toiles reproduites ci-apr\u00e8s dont l&rsquo;une avait d\u00e9j\u00e0 fait l&rsquo;objet d&rsquo;une acquisition par la collection &nbsp; &nbsp; &nbsp; &nbsp; &nbsp; &nbsp; &nbsp; &nbsp; &nbsp; &nbsp; &nbsp; &nbsp; &nbsp; &nbsp; &nbsp; &nbsp; &nbsp; &nbsp; &nbsp; &nbsp; &nbsp; &nbsp; &nbsp; &nbsp; &nbsp; &nbsp; [&hellip;]<\/p>\n","protected":false},"author":1,"featured_media":0,"parent":466,"menu_order":1,"comment_status":"closed","ping_status":"closed","template":"","meta":{"ngg_post_thumbnail":0},"_links":{"self":[{"href":"http:\/\/marques-peintre.fr\/index.php?rest_route=\/wp\/v2\/pages\/3056"}],"collection":[{"href":"http:\/\/marques-peintre.fr\/index.php?rest_route=\/wp\/v2\/pages"}],"about":[{"href":"http:\/\/marques-peintre.fr\/index.php?rest_route=\/wp\/v2\/types\/page"}],"author":[{"embeddable":true,"href":"http:\/\/marques-peintre.fr\/index.php?rest_route=\/wp\/v2\/users\/1"}],"replies":[{"embeddable":true,"href":"http:\/\/marques-peintre.fr\/index.php?rest_route=%2Fwp%2Fv2%2Fcomments&post=3056"}],"version-history":[{"count":6,"href":"http:\/\/marques-peintre.fr\/index.php?rest_route=\/wp\/v2\/pages\/3056\/revisions"}],"predecessor-version":[{"id":3092,"href":"http:\/\/marques-peintre.fr\/index.php?rest_route=\/wp\/v2\/pages\/3056\/revisions\/3092"}],"up":[{"embeddable":true,"href":"http:\/\/marques-peintre.fr\/index.php?rest_route=\/wp\/v2\/pages\/466"}],"wp:attachment":[{"href":"http:\/\/marques-peintre.fr\/index.php?rest_route=%2Fwp%2Fv2%2Fmedia&parent=3056"}],"curies":[{"name":"wp","href":"https:\/\/api.w.org\/{rel}","templated":true}]}}