{"id":3070,"date":"2025-09-12T08:50:43","date_gmt":"2025-09-12T06:50:43","guid":{"rendered":"http:\/\/marques-peintre.fr\/?page_id=3070"},"modified":"2025-09-15T10:07:14","modified_gmt":"2025-09-15T08:07:14","slug":"musee-jean-couty","status":"publish","type":"page","link":"http:\/\/marques-peintre.fr\/?page_id=3070","title":{"rendered":"Mus\u00e9e Jean Couty"},"content":{"rendered":"\n\n\n<p><img decoding=\"async\" loading=\"lazy\" class=\"aligncenter  wp-image-3077\" src=\"http:\/\/marques-peintre.fr\/wp-content\/uploads\/2025\/09\/couty-montage-sans-clic-scaled.jpg\" alt=\"\" width=\"312\" height=\"193\" srcset=\"http:\/\/marques-peintre.fr\/wp-content\/uploads\/2025\/09\/couty-montage-sans-clic-scaled.jpg 2560w, http:\/\/marques-peintre.fr\/wp-content\/uploads\/2025\/09\/couty-montage-sans-clic-300x186.jpg 300w, http:\/\/marques-peintre.fr\/wp-content\/uploads\/2025\/09\/couty-montage-sans-clic-540x335.jpg 540w, http:\/\/marques-peintre.fr\/wp-content\/uploads\/2025\/09\/couty-montage-sans-clic-768x477.jpg 768w, http:\/\/marques-peintre.fr\/wp-content\/uploads\/2025\/09\/couty-montage-sans-clic-1536x954.jpg 1536w, http:\/\/marques-peintre.fr\/wp-content\/uploads\/2025\/09\/couty-montage-sans-clic-2048x1272.jpg 2048w\" sizes=\"(max-width: 312px) 100vw, 312px\" \/><\/p>\n\n\n\n\n\n<h3><strong>Je remercie chaleureusement Charles Couty d&rsquo;avoir propos\u00e9 de mettre \u00e0 l&rsquo; honneur ce tableau au sein de cette prodigieuse exposition.<\/strong><\/h3>\n\n\n\n<figure class=\"wp-block-image aligncenter size-large is-resized\"><img decoding=\"async\" loading=\"lazy\" src=\"http:\/\/marques-peintre.fr\/wp-content\/uploads\/2025\/09\/20250624_IMG_0300-3-musee-couty-540x405.jpeg\" alt=\"\" class=\"wp-image-3150\" width=\"838\" height=\"629\" srcset=\"http:\/\/marques-peintre.fr\/wp-content\/uploads\/2025\/09\/20250624_IMG_0300-3-musee-couty-540x405.jpeg 540w, http:\/\/marques-peintre.fr\/wp-content\/uploads\/2025\/09\/20250624_IMG_0300-3-musee-couty-300x225.jpeg 300w, http:\/\/marques-peintre.fr\/wp-content\/uploads\/2025\/09\/20250624_IMG_0300-3-musee-couty-768x576.jpeg 768w, http:\/\/marques-peintre.fr\/wp-content\/uploads\/2025\/09\/20250624_IMG_0300-3-musee-couty-1536x1152.jpeg 1536w, http:\/\/marques-peintre.fr\/wp-content\/uploads\/2025\/09\/20250624_IMG_0300-3-musee-couty-2048x1536.jpeg 2048w\" sizes=\"(max-width: 838px) 100vw, 838px\" \/><figcaption class=\"wp-element-caption\">Devant l&rsquo;oeuvre \u00ab\u00a0Charlemagne\u00a0\u00bb\nde gauche \u00e0 droite: Patrick Marqu\u00e9s, Charles Couty<\/figcaption><\/figure>\n\n\n\n<figure class=\"wp-block-image size-large is-resized\"><a href=\"https:\/\/soundcloud.com\/shplax\/charlemagne-1\/s-tGbFdqh4syW?si=9cf3515da4dd4c2d8847568c876b3822&amp;utm_source=clipboard&amp;utm_medium=text&amp;utm_campaign=social_sharing\"><img decoding=\"async\" loading=\"lazy\" src=\"http:\/\/marques-peintre.fr\/wp-content\/uploads\/2025\/09\/Charlemagne-540x407.jpg\" alt=\"\" class=\"wp-image-3080\" width=\"837\" height=\"631\" srcset=\"http:\/\/marques-peintre.fr\/wp-content\/uploads\/2025\/09\/Charlemagne-540x407.jpg 540w, http:\/\/marques-peintre.fr\/wp-content\/uploads\/2025\/09\/Charlemagne-300x226.jpg 300w, http:\/\/marques-peintre.fr\/wp-content\/uploads\/2025\/09\/Charlemagne-768x578.jpg 768w, http:\/\/marques-peintre.fr\/wp-content\/uploads\/2025\/09\/Charlemagne-1536x1157.jpg 1536w, http:\/\/marques-peintre.fr\/wp-content\/uploads\/2025\/09\/Charlemagne-2048x1543.jpg 2048w\" sizes=\"(max-width: 837px) 100vw, 837px\" \/><\/a><\/figure>\n\n\n\n<div style=\"height:42px\" aria-hidden=\"true\" class=\"wp-block-spacer\"><\/div>\n\n\n\n<h3>Au c\u0153ur du&nbsp;<strong>Cours Charlemagne<\/strong>, dans le quartier de Perrache \u00e0 Lyon,&nbsp;<strong>Patrick Marques<\/strong>&nbsp;capte l\u2019\u00e2me d\u2019un lieu en mutation, entre histoire et modernit\u00e9. De ce regard na\u00eet un tableau \u2014&nbsp;<em>Charlemagne<\/em>&nbsp;\u2014 \u0153uvre plastique \u00e0 la fois urbaine et symbolique.<\/h3>\n<h3>De l\u2019image na\u00eet la parole. L\u2019artiste y pose sa voix, son texte, ses mots charg\u00e9s de m\u00e9moire, de textures et d\u2019\u00e9chos.<\/h3>\n<h3>\u00c0 ses c\u00f4t\u00e9s,&nbsp;<strong>Jean-Michel Pirollet<\/strong>&nbsp;sculpte le paysage sonore, cr\u00e9ant un \u00e9crin subtil entre ambiances de la ville, mati\u00e8re \u00e9lectronique et r\u00e9sonances profondes. Ensemble, ils offrent une exp\u00e9rience sensorielle o\u00f9 peinture, po\u00e9sie et son s\u2019entrelacent.<\/h3>\n<h3>Un hommage sensible et contemporain \u00e0 un fragment vivant de Lyon.<\/h3>\n<p>&nbsp;<\/p>\n<table width=\"228\">\n<tbody>\n<tr>\n<td>\n<h3><span style=\"background-color: #ccffff; color: #000000;\"><strong>Cliquer sur lien ci-apr\u00e8s pour \u00e9coute<\/strong><\/span><\/h3>\n<\/td>\n<\/tr>\n<tr>\n<td>\n<table width=\"228\">\n<tbody>\n<tr>\n<td>\n<h3><a href=\"https:\/\/soundcloud.com\/shplax\/charlemagne-1\/s-tGbFdqh4syW?si=9cf3515da4dd4c2d8847568c876b3822&amp;utm_source=clipboard&amp;utm_medium=text&amp;utm_campaign=social_sharing\">Charlemagne<\/a><\/h3>\n<h3><a href=\"https:\/\/soundcloud.com\/shplax\/charlemagne-1\/s-tGbFdqh4syW?si=9cf3515da4dd4c2d8847568c876b3822&amp;utm_source=clipboard&amp;utm_medium=text&amp;utm_campaign=social_sharing\">soundcloud.com<\/a><\/h3>\n<\/td>\n<\/tr>\n<\/tbody>\n<\/table>\n<\/td>\n<\/tr>\n<\/tbody>\n<\/table>\n","protected":false},"excerpt":{"rendered":"<p>Je remercie chaleureusement Charles Couty d&rsquo;avoir propos\u00e9 de mettre \u00e0 l&rsquo; honneur ce tableau au sein de cette prodigieuse exposition. Au c\u0153ur du&nbsp;Cours Charlemagne, dans le quartier de Perrache \u00e0 Lyon,&nbsp;Patrick Marques&nbsp;capte l\u2019\u00e2me d\u2019un lieu en mutation, entre histoire et modernit\u00e9. De ce regard na\u00eet un tableau \u2014&nbsp;Charlemagne&nbsp;\u2014 \u0153uvre plastique \u00e0 la fois urbaine et [&hellip;]<\/p>\n","protected":false},"author":1,"featured_media":0,"parent":466,"menu_order":0,"comment_status":"closed","ping_status":"closed","template":"","meta":{"ngg_post_thumbnail":0},"_links":{"self":[{"href":"http:\/\/marques-peintre.fr\/index.php?rest_route=\/wp\/v2\/pages\/3070"}],"collection":[{"href":"http:\/\/marques-peintre.fr\/index.php?rest_route=\/wp\/v2\/pages"}],"about":[{"href":"http:\/\/marques-peintre.fr\/index.php?rest_route=\/wp\/v2\/types\/page"}],"author":[{"embeddable":true,"href":"http:\/\/marques-peintre.fr\/index.php?rest_route=\/wp\/v2\/users\/1"}],"replies":[{"embeddable":true,"href":"http:\/\/marques-peintre.fr\/index.php?rest_route=%2Fwp%2Fv2%2Fcomments&post=3070"}],"version-history":[{"count":11,"href":"http:\/\/marques-peintre.fr\/index.php?rest_route=\/wp\/v2\/pages\/3070\/revisions"}],"predecessor-version":[{"id":3152,"href":"http:\/\/marques-peintre.fr\/index.php?rest_route=\/wp\/v2\/pages\/3070\/revisions\/3152"}],"up":[{"embeddable":true,"href":"http:\/\/marques-peintre.fr\/index.php?rest_route=\/wp\/v2\/pages\/466"}],"wp:attachment":[{"href":"http:\/\/marques-peintre.fr\/index.php?rest_route=%2Fwp%2Fv2%2Fmedia&parent=3070"}],"curies":[{"name":"wp","href":"https:\/\/api.w.org\/{rel}","templated":true}]}}