{"id":466,"date":"2010-05-05T22:32:16","date_gmt":"2010-05-05T20:32:16","guid":{"rendered":"http:\/\/marques-artiste-peintre.fr\/?page_id=466"},"modified":"2025-09-12T19:11:42","modified_gmt":"2025-09-12T17:11:42","slug":"expositions-marquantes","status":"publish","type":"page","link":"http:\/\/marques-peintre.fr\/?page_id=466","title":{"rendered":"Expositions marquantes"},"content":{"rendered":"\n\n<div class=\"wp-block-image\">\n<figure class=\"aligncenter size-large is-resized\"><a href=\"http:\/\/marques-peintre.fr\/?page_id=3070\"><img decoding=\"async\" loading=\"lazy\" src=\"http:\/\/marques-peintre.fr\/wp-content\/uploads\/2025\/09\/couty-montage-540x335.jpg\" alt=\"\" class=\"wp-image-3075\" width=\"658\" height=\"408\" srcset=\"http:\/\/marques-peintre.fr\/wp-content\/uploads\/2025\/09\/couty-montage-540x335.jpg 540w, http:\/\/marques-peintre.fr\/wp-content\/uploads\/2025\/09\/couty-montage-300x186.jpg 300w, http:\/\/marques-peintre.fr\/wp-content\/uploads\/2025\/09\/couty-montage-768x477.jpg 768w, http:\/\/marques-peintre.fr\/wp-content\/uploads\/2025\/09\/couty-montage-1536x954.jpg 1536w, http:\/\/marques-peintre.fr\/wp-content\/uploads\/2025\/09\/couty-montage-2048x1272.jpg 2048w\" sizes=\"(max-width: 658px) 100vw, 658px\" \/><\/a><\/figure><\/div>\n\n\n<hr class=\"wp-block-separator aligncenter has-text-color has-vivid-red-color has-alpha-channel-opacity has-vivid-red-background-color has-background\"\/>\n\n\n<div class=\"wp-block-image\">\n<figure class=\"aligncenter size-large is-resized\"><a href=\"http:\/\/marques-peintre.fr\/?page_id=3056\"><img decoding=\"async\" loading=\"lazy\" src=\"http:\/\/marques-peintre.fr\/wp-content\/uploads\/2025\/09\/Tomaselli-masculin-feminin-1-540x364.jpg\" alt=\"\" class=\"wp-image-3055\" width=\"691\" height=\"466\" srcset=\"http:\/\/marques-peintre.fr\/wp-content\/uploads\/2025\/09\/Tomaselli-masculin-feminin-1-540x364.jpg 540w, http:\/\/marques-peintre.fr\/wp-content\/uploads\/2025\/09\/Tomaselli-masculin-feminin-1-300x202.jpg 300w, http:\/\/marques-peintre.fr\/wp-content\/uploads\/2025\/09\/Tomaselli-masculin-feminin-1-768x518.jpg 768w, http:\/\/marques-peintre.fr\/wp-content\/uploads\/2025\/09\/Tomaselli-masculin-feminin-1-1536x1036.jpg 1536w, http:\/\/marques-peintre.fr\/wp-content\/uploads\/2025\/09\/Tomaselli-masculin-feminin-1.jpg 1983w\" sizes=\"(max-width: 691px) 100vw, 691px\" \/><\/a><\/figure><\/div>\n\n\n<hr class=\"wp-block-separator aligncenter has-text-color has-vivid-red-color has-alpha-channel-opacity has-vivid-red-background-color has-background\"\/>\n\n\n<div class=\"wp-block-image\">\n<figure class=\"aligncenter size-large is-resized\"><a href=\"http:\/\/marques-peintre.fr\/?page_id=2846\"><img decoding=\"async\" loading=\"lazy\" src=\"http:\/\/marques-peintre.fr\/wp-content\/uploads\/2023\/05\/BAT_AfficheMarques2023-BIDOUILEE-540x764.jpg\" alt=\"\" class=\"wp-image-2817\" width=\"357\" height=\"510\"\/><\/a><figcaption class=\"wp-element-caption\"><a href=\"http:\/\/marques-peintre.fr\/?page_id=2846\" data-type=\"page\" data-id=\"2846\">Visages de l\u2019 \u00e2me :  Cath\u00e9drale saint Jean de Lyon<\/a><\/figcaption><\/figure><\/div>\n\n\n<hr class=\"wp-block-separator aligncenter has-text-color has-vivid-red-color has-alpha-channel-opacity has-vivid-red-background-color has-background\"\/>\n\n\n<div class=\"wp-block-image\">\n<figure class=\"aligncenter is-resized\"><a href=\"http:\/\/marques-peintre.fr\/?page_id=2061\"><img decoding=\"async\" loading=\"lazy\" src=\"http:\/\/marques-peintre.fr\/wp-content\/uploads\/2016\/03\/Carton-dInvitation-photo-150x150.jpg\" alt=\"\" class=\"wp-image-1420\" width=\"360\" height=\"360\"\/><\/a><figcaption class=\"wp-element-caption\"><a href=\"http:\/\/marques-peintre.fr\/?page_id=2061\">2016 : R\u00e9trospective<\/a><\/figcaption><\/figure><\/div>\n\n\n<hr class=\"wp-block-separator aligncenter has-text-color has-vivid-red-color has-alpha-channel-opacity has-vivid-red-background-color has-background\"\/>\n\n\n<div class=\"wp-block-image\">\n<figure class=\"aligncenter size-large\"><a href=\"http:\/\/marques-peintre.fr\/?page_id=3013\"><img decoding=\"async\" loading=\"lazy\" width=\"540\" height=\"257\" src=\"http:\/\/marques-peintre.fr\/wp-content\/uploads\/2024\/01\/FlyerMarquesRegardsAlecoute-540x257.jpg\" alt=\"\" class=\"wp-image-3023\" srcset=\"http:\/\/marques-peintre.fr\/wp-content\/uploads\/2024\/01\/FlyerMarquesRegardsAlecoute-540x257.jpg 540w, http:\/\/marques-peintre.fr\/wp-content\/uploads\/2024\/01\/FlyerMarquesRegardsAlecoute-300x143.jpg 300w, http:\/\/marques-peintre.fr\/wp-content\/uploads\/2024\/01\/FlyerMarquesRegardsAlecoute-768x366.jpg 768w, http:\/\/marques-peintre.fr\/wp-content\/uploads\/2024\/01\/FlyerMarquesRegardsAlecoute-1536x731.jpg 1536w, http:\/\/marques-peintre.fr\/wp-content\/uploads\/2024\/01\/FlyerMarquesRegardsAlecoute-2048x975.jpg 2048w\" sizes=\"(max-width: 540px) 100vw, 540px\" \/><\/a><\/figure><\/div>\n\n\n<p style=\"text-align: center;\"><span style=\"color: #3366ff;\"><strong>2022: Brignais salle Guy de Chauliac<\/strong><\/span><\/p>\n\n\n\n<hr class=\"wp-block-separator aligncenter has-text-color has-vivid-red-color has-alpha-channel-opacity has-vivid-red-background-color has-background\"\/>\n\n\n<div class=\"wp-block-image\">\n<figure class=\"aligncenter is-resized\"><a href=\"http:\/\/marques-peintre.fr\/?page_id=471\"><img decoding=\"async\" loading=\"lazy\" src=\"http:\/\/marques-peintre.fr\/wp-content\/uploads\/2019\/03\/022-022-043-5001416-Choregraphie-hotel-dieu--150x150.jpg\" alt=\"\" class=\"wp-image-1838\" width=\"350\" height=\"350\"\/><\/a><figcaption class=\"wp-element-caption\"><a href=\"http:\/\/marques-peintre.fr\/?page_id=471\">2003 : Lyon : Passions Humaines<\/a><\/figcaption><\/figure><\/div>\n\n\n<hr class=\"wp-block-separator aligncenter has-text-color has-vivid-red-color has-alpha-channel-opacity has-vivid-red-background-color has-background\"\/>\n\n\n<div class=\"wp-block-image\">\n<figure class=\"aligncenter is-resized\"><a href=\"http:\/\/marques-peintre.fr\/?page_id=475\"><img decoding=\"async\" loading=\"lazy\" src=\"http:\/\/marques-peintre.fr\/wp-content\/uploads\/2019\/03\/068-065-046-5002525-16-150x150.jpg\" alt=\"\" class=\"wp-image-1863\" width=\"354\" height=\"354\"\/><\/a><figcaption class=\"wp-element-caption\"><a href=\"http:\/\/marques-peintre.fr\/?page_id=475\">2002 : Lille : Mus\u00e9e de l&rsquo;Hospice Comtesse<\/a><\/figcaption><\/figure><\/div>\n\n\n<hr class=\"wp-block-separator aligncenter has-text-color has-vivid-red-color has-alpha-channel-opacity has-vivid-red-background-color has-background\"\/>\n\n\n<div class=\"wp-block-image\">\n<figure class=\"aligncenter is-resized\"><a href=\"http:\/\/marques-peintre.fr\/?page_id=812\"><img decoding=\"async\" loading=\"lazy\" src=\"http:\/\/marques-peintre.fr\/wp-content\/uploads\/2019\/03\/126-096-5003263-M\u00e9morial-02-150x150.jpg\" alt=\"\" class=\"wp-image-1887\" width=\"360\" height=\"360\"\/><\/a><figcaption class=\"wp-element-caption\"><a href=\"http:\/\/marques-peintre.fr\/?page_id=812\">2009 : Tournus<\/a><\/figcaption><\/figure><\/div>\n\n\n<hr class=\"wp-block-separator aligncenter has-text-color has-vivid-red-color has-alpha-channel-opacity has-vivid-red-background-color has-background\"\/>\n\n\n<div class=\"wp-block-image\">\n<figure class=\"aligncenter is-resized\"><a href=\"http:\/\/marques-peintre.fr\/?page_id=2051\"><img decoding=\"async\" loading=\"lazy\" src=\"http:\/\/marques-peintre.fr\/wp-content\/uploads\/2019\/03\/008-007-009-019-150x150.jpg\" alt=\"\" class=\"wp-image-1829\" width=\"360\" height=\"360\"\/><\/a><figcaption class=\"wp-element-caption\"><a href=\"http:\/\/marques-peintre.fr\/?page_id=2051\">2018 : Femme&#8230; Corps et Ames<\/a><\/figcaption><\/figure><\/div>\n\n\n<hr class=\"wp-block-separator aligncenter has-text-color has-vivid-red-color has-alpha-channel-opacity has-vivid-red-background-color has-background\"\/>\n\n\n<div class=\"wp-block-image\">\n<figure class=\"aligncenter is-resized\"><a href=\"http:\/\/marques-peintre.fr\/?page_id=469\"><img decoding=\"async\" loading=\"lazy\" src=\"http:\/\/marques-peintre.fr\/wp-content\/uploads\/2010\/04\/Ang\u00e9lus-dossier-word-150x150.jpg\" alt=\"\" class=\"wp-image-231\" width=\"362\" height=\"362\"\/><\/a><figcaption class=\"wp-element-caption\"><a href=\"http:\/\/marques-peintre.fr\/?page_id=469\">2010 : Barbizon : L&rsquo;ang\u00e9lus<\/a><\/figcaption><\/figure><\/div>\n\n\n<hr class=\"wp-block-separator aligncenter has-text-color has-vivid-red-color has-alpha-channel-opacity has-vivid-red-background-color has-background\"\/>\n\n\n<div class=\"wp-block-image\">\n<figure class=\"aligncenter is-resized\"><a href=\"http:\/\/marques-peintre.fr\/?page_id=491\"><img decoding=\"async\" loading=\"lazy\" src=\"http:\/\/marques-peintre.fr\/wp-content\/uploads\/2019\/03\/063-060-5003191-26-150x150.jpg\" alt=\"\" class=\"wp-image-1858\" width=\"356\" height=\"356\"\/><\/a><figcaption class=\"wp-element-caption\"><a href=\"http:\/\/marques-peintre.fr\/?page_id=491\">2005 : Barcelone<\/a><\/figcaption><\/figure><\/div>\n\n\n<hr class=\"wp-block-separator aligncenter has-text-color has-vivid-red-color has-alpha-channel-opacity has-vivid-red-background-color has-background\"\/>\n\n\n<div class=\"wp-block-image\">\n<figure class=\"aligncenter size-large is-resized\"><a href=\"http:\/\/marques-peintre.fr\/?page_id=2068\"><img decoding=\"async\" loading=\"lazy\" src=\"http:\/\/marques-peintre.fr\/wp-content\/uploads\/2024\/01\/5009866-Warwick-annonce-blog-540x756.jpg\" alt=\"\" class=\"wp-image-3044\" width=\"362\" height=\"507\" srcset=\"http:\/\/marques-peintre.fr\/wp-content\/uploads\/2024\/01\/5009866-Warwick-annonce-blog-540x756.jpg 540w, http:\/\/marques-peintre.fr\/wp-content\/uploads\/2024\/01\/5009866-Warwick-annonce-blog-300x420.jpg 300w, http:\/\/marques-peintre.fr\/wp-content\/uploads\/2024\/01\/5009866-Warwick-annonce-blog-768x1075.jpg 768w, http:\/\/marques-peintre.fr\/wp-content\/uploads\/2024\/01\/5009866-Warwick-annonce-blog.jpg 787w\" sizes=\"(max-width: 362px) 100vw, 362px\" \/><\/a><\/figure><\/div>\n\n\n<p style=\"text-align: center;\"><span style=\"color: #008080;\"><strong>2013: Paris Champs Elys\u00e9e h\u00f4tel Warwick<\/strong><\/span><\/p>\n\n\n\n<hr class=\"wp-block-separator aligncenter has-text-color has-vivid-red-color has-alpha-channel-opacity has-vivid-red-background-color has-background\"\/>\n\n\n<div class=\"wp-block-image\">\n<figure class=\"aligncenter is-resized\"><a href=\"http:\/\/marques-peintre.fr\/?page_id=504\"><img decoding=\"async\" loading=\"lazy\" src=\"http:\/\/marques-peintre.fr\/wp-content\/uploads\/2019\/03\/033-032-016-5003251-39-150x150.jpg\" alt=\"\" class=\"wp-image-1848\" width=\"358\" height=\"358\"\/><\/a><figcaption class=\"wp-element-caption\"><a href=\"http:\/\/marques-peintre.fr\/?page_id=504\">2001 : Paris : Th\u00e9\u00e2tre Le Trianon<\/a><\/figcaption><\/figure><\/div>\n\n\n<p>Autres expositions en galeries : Lyliane Fran\u00e7ois (Paris), Iris (Barcelone), Hermes ( Lyon), Galerie du cygne (Gen\u00e8ve), galerie du parc (Lyon) , Art passion (Montpellier), au temps qui passe (Gen\u00e8ve-G\u00e9nolier),<\/p>\n\n\n\n<h2 class=\"wp-block-heading\"><\/h2>\n","protected":false},"excerpt":{"rendered":"<p>2022: Brignais salle Guy de Chauliac 2013: Paris Champs Elys\u00e9e h\u00f4tel Warwick Autres expositions en galeries : Lyliane Fran\u00e7ois (Paris), Iris (Barcelone), Hermes ( Lyon), Galerie du cygne (Gen\u00e8ve), galerie du parc (Lyon) , Art passion (Montpellier), au temps qui passe (Gen\u00e8ve-G\u00e9nolier),<\/p>\n","protected":false},"author":1,"featured_media":0,"parent":0,"menu_order":0,"comment_status":"closed","ping_status":"open","template":"","meta":{"ngg_post_thumbnail":0},"_links":{"self":[{"href":"http:\/\/marques-peintre.fr\/index.php?rest_route=\/wp\/v2\/pages\/466"}],"collection":[{"href":"http:\/\/marques-peintre.fr\/index.php?rest_route=\/wp\/v2\/pages"}],"about":[{"href":"http:\/\/marques-peintre.fr\/index.php?rest_route=\/wp\/v2\/types\/page"}],"author":[{"embeddable":true,"href":"http:\/\/marques-peintre.fr\/index.php?rest_route=\/wp\/v2\/users\/1"}],"replies":[{"embeddable":true,"href":"http:\/\/marques-peintre.fr\/index.php?rest_route=%2Fwp%2Fv2%2Fcomments&post=466"}],"version-history":[{"count":72,"href":"http:\/\/marques-peintre.fr\/index.php?rest_route=\/wp\/v2\/pages\/466\/revisions"}],"predecessor-version":[{"id":3109,"href":"http:\/\/marques-peintre.fr\/index.php?rest_route=\/wp\/v2\/pages\/466\/revisions\/3109"}],"wp:attachment":[{"href":"http:\/\/marques-peintre.fr\/index.php?rest_route=%2Fwp%2Fv2%2Fmedia&parent=466"}],"curies":[{"name":"wp","href":"https:\/\/api.w.org\/{rel}","templated":true}]}}