{"id":469,"date":"2010-05-05T22:37:29","date_gmt":"2010-05-05T20:37:29","guid":{"rendered":"http:\/\/marques-artiste-peintre.fr\/?page_id=469"},"modified":"2025-09-12T21:12:04","modified_gmt":"2025-09-12T19:12:04","slug":"barbizon","status":"publish","type":"page","link":"http:\/\/marques-peintre.fr\/?page_id=469","title":{"rendered":"Barbizon"},"content":{"rendered":"<p><a href=\"http:\/\/marques-artiste-peintre.fr\/wp-content\/uploads\/2010\/04\/ang\u00e9lus-carton-image.jpg\" rel=\"lightbox[469]\" title=\"ang\u00e9lus carton image\"><img decoding=\"async\" loading=\"lazy\" class=\"aligncenter\" title=\"ang\u00e9lus carton image\" src=\"http:\/\/marques-artiste-peintre.fr\/wp-content\/uploads\/2010\/04\/ang\u00e9lus-carton-image-204x300.jpg\" alt=\"\" width=\"204\" height=\"300\"><\/a><\/p>\n<p><strong>L\u2019Ang\u00e9lus de Millet a 150 ans : <\/strong>150 artistes se sont joint aux plus grands, tels que Klasen, Ben, Combas, Raynaud, Boisrond,&nbsp; Sosno, Kriki, Erro, Monory, Lebel, Kounellis, Blot, Fromanger, Spoeri\u2026 et bien d\u2019autres, pour f\u00eater son anniversaire.<\/p>\n<p>Exposition collective, \u00e0 l\u2019initiative de la ville de Barbizon, sous le patronage de M.Thorbjom Jagland, Secr\u00e9taire g\u00e9n\u00e9ral du conseil de l&rsquo;Europe avec le parrainage de M.Fr\u00e9d\u00e9ric Mitterand, Ministre de la Culture et de la Communication.<\/p>\n<p>Alors que ce tableau mythique, honore de sa pr\u00e9sence l\u2019Exposition Universelle de Shanghai, la ville de Barbizon expose les travaux d\u2019artistes qui expriment, chacun \u00e0 leur mani\u00e8re, un clin d\u2019\u0153il personnel \u00e0 l\u2019\u0153uvre.<\/p>\n<p><strong>Oeuvre pr\u00e9sent\u00e9e par Patrick Marques \u00ab Promesse \u00bb&nbsp; 260cm x 162cm huile sur toile&nbsp;&nbsp;:<\/strong><\/p>\n<p><a href=\"http:\/\/marques-artiste-peintre.fr\/wp-content\/uploads\/2010\/04\/Ang\u00e9lus-dossier-word.jpg\" rel=\"lightbox[469]\" title=\"Ang\u00e9lus dossier word\"><img decoding=\"async\" loading=\"lazy\" class=\"aligncenter\" title=\"Ang\u00e9lus dossier word\" src=\"http:\/\/marques-artiste-peintre.fr\/wp-content\/uploads\/2010\/04\/Ang\u00e9lus-dossier-word.jpg\" alt=\"\" width=\"445\" height=\"352\"><\/a><\/p>\n<p>L\u2019Ang\u00e9lus sonne\u2026Le clocher promet-il l\u2019instant supr\u00eame du rassemblement de toutes les pri\u00e8res du monde ? L\u2019union de deux \u00e9l\u00e9ments de diptyque, propres \u00e0 chacun des personnages, symbolise cette pri\u00e8re universelle esp\u00e9r\u00e9e. Aura-t-elle, un jour, la force de transfigurer l\u2019espace en un unique visage. Visage infini\u2026 Celui de tous les Dieux qui rassemblent et qui parlent d\u2019amour\u2026Le Ma\u00eetre Millet aurait-il voulu vraiment peindre, \u00e0 l\u2019origine, l\u2019enterrement d\u2019un enfant ? Le tableau en porte la croix au point de convergence des pri\u00e8res du couple. Chacun prie au c\u0153ur de sa solitude et de sa souffrance. Alors, survient, du c\u00f4t\u00e9 de la femme cette lumi\u00e8re bleut\u00e9e venue d\u2019en haut, qui \u00e9claire un myst\u00e8re de naissance. Visage &nbsp;porteur des espoirs de chacun\u2026Visage d\u2019un monde \u00e0 renaitre dans l\u2019unit\u00e9 et dans la paix\u2026Visage promesse\u2026<\/p>\n<p>Tout un programme culturel est associ\u00e9 \u00e0 l&rsquo;\u00e9v\u00e9nement pendant les trois mois d&rsquo;expo ( cliquez sur l&rsquo;image ci-apr\u00e8s):<\/p>\n<p><a href=\"http:\/\/marques-artiste-peintre.fr\/wp-content\/uploads\/2010\/04\/Angelus-programme.jpg\" rel=\"lightbox[469]\" title=\"Angelus programme\"><img decoding=\"async\" loading=\"lazy\" class=\"aligncenter\" title=\"Angelus programme\" src=\"http:\/\/marques-artiste-peintre.fr\/wp-content\/uploads\/2010\/04\/Angelus-programme-300x215.jpg\" alt=\"\" width=\"300\" height=\"215\"><\/a><\/p>\n","protected":false},"excerpt":{"rendered":"<p>L\u2019Ang\u00e9lus de Millet a 150 ans : 150 artistes se sont joint aux plus grands, tels que Klasen, Ben, Combas, Raynaud, Boisrond,&nbsp; Sosno, Kriki, Erro, Monory, Lebel, Kounellis, Blot, Fromanger, Spoeri\u2026 et bien d\u2019autres, pour f\u00eater son anniversaire. Exposition collective, \u00e0 l\u2019initiative de la ville de Barbizon, sous le patronage de M.Thorbjom Jagland, Secr\u00e9taire g\u00e9n\u00e9ral [&hellip;]<\/p>\n","protected":false},"author":1,"featured_media":0,"parent":466,"menu_order":9,"comment_status":"closed","ping_status":"closed","template":"","meta":{"ngg_post_thumbnail":0},"_links":{"self":[{"href":"http:\/\/marques-peintre.fr\/index.php?rest_route=\/wp\/v2\/pages\/469"}],"collection":[{"href":"http:\/\/marques-peintre.fr\/index.php?rest_route=\/wp\/v2\/pages"}],"about":[{"href":"http:\/\/marques-peintre.fr\/index.php?rest_route=\/wp\/v2\/types\/page"}],"author":[{"embeddable":true,"href":"http:\/\/marques-peintre.fr\/index.php?rest_route=\/wp\/v2\/users\/1"}],"replies":[{"embeddable":true,"href":"http:\/\/marques-peintre.fr\/index.php?rest_route=%2Fwp%2Fv2%2Fcomments&post=469"}],"version-history":[{"count":7,"href":"http:\/\/marques-peintre.fr\/index.php?rest_route=\/wp\/v2\/pages\/469\/revisions"}],"predecessor-version":[{"id":2663,"href":"http:\/\/marques-peintre.fr\/index.php?rest_route=\/wp\/v2\/pages\/469\/revisions\/2663"}],"up":[{"embeddable":true,"href":"http:\/\/marques-peintre.fr\/index.php?rest_route=\/wp\/v2\/pages\/466"}],"wp:attachment":[{"href":"http:\/\/marques-peintre.fr\/index.php?rest_route=%2Fwp%2Fv2%2Fmedia&parent=469"}],"curies":[{"name":"wp","href":"https:\/\/api.w.org\/{rel}","templated":true}]}}