{"id":471,"date":"2010-05-05T22:39:11","date_gmt":"2010-05-05T20:39:11","guid":{"rendered":"http:\/\/marques-artiste-peintre.fr\/?page_id=471"},"modified":"2025-09-12T21:11:19","modified_gmt":"2025-09-12T19:11:19","slug":"lyon-2003","status":"publish","type":"page","link":"http:\/\/marques-peintre.fr\/?page_id=471","title":{"rendered":"Lyon"},"content":{"rendered":"<p><span style=\"color: #ff6600;\"><span style=\"font-size: medium;\">\u00ab\u00a0Lyon accueille Marqu\u00e8s\u00a0\u00bb<\/span><\/span><\/p>\n<p><span style=\"color: #ff6600;\">Dates&nbsp;:<\/span>&nbsp;&nbsp;&nbsp;&nbsp;&nbsp;&nbsp;&nbsp;&nbsp;&nbsp;&nbsp;&nbsp;&nbsp;&nbsp;&nbsp;&nbsp;&nbsp;&nbsp;&nbsp;&nbsp;&nbsp;&nbsp;&nbsp;&nbsp;&nbsp;&nbsp;&nbsp;&nbsp;&nbsp;&nbsp;&nbsp;&nbsp;&nbsp;&nbsp;&nbsp;&nbsp;&nbsp;&nbsp;&nbsp;&nbsp;&nbsp;&nbsp;&nbsp;&nbsp;&nbsp;&nbsp;&nbsp;&nbsp;&nbsp; du 20 mai au 19 juin 2003<\/p>\n<p><span style=\"color: #ff6600;\">Description&nbsp;:&nbsp;<\/span> &nbsp;&nbsp;&nbsp;&nbsp;&nbsp;&nbsp;&nbsp;&nbsp;&nbsp;&nbsp;&nbsp;&nbsp;&nbsp;&nbsp;&nbsp;&nbsp;&nbsp;&nbsp;&nbsp;&nbsp;&nbsp;&nbsp;&nbsp;&nbsp;&nbsp;&nbsp;&nbsp;&nbsp;&nbsp;&nbsp; &nbsp;\u00ab Passions Humaines \u00bb au Grand D\u00f4me de l\u2019H\u00f4tel Dieu<\/p>\n<p>&nbsp;&nbsp;&nbsp;&nbsp;&nbsp;&nbsp;&nbsp;&nbsp;&nbsp;&nbsp;&nbsp;&nbsp;&nbsp;&nbsp;&nbsp;&nbsp;&nbsp;&nbsp;&nbsp;&nbsp;&nbsp;&nbsp;&nbsp;&nbsp;&nbsp;&nbsp;&nbsp;&nbsp;&nbsp;&nbsp;&nbsp;&nbsp;&nbsp;&nbsp;&nbsp;&nbsp;&nbsp;&nbsp;&nbsp;&nbsp;&nbsp;&nbsp;&nbsp;&nbsp;&nbsp;&nbsp;&nbsp;&nbsp;&nbsp;&nbsp;&nbsp;&nbsp;&nbsp;&nbsp;&nbsp;&nbsp;&nbsp;&nbsp;&nbsp;&nbsp;&nbsp; \u00ab Femmes \u00bb \u00e0 l\u2019Orangerie du Parc de la T\u00eate d\u2019Or<\/p>\n<p><span style=\"color: #ff6600;\">Parte<\/span><span style=\"color: #ff6600;\"><span style=\"color: #ff6600;\">naires&nbsp;et sponsors&nbsp;:<\/span>&nbsp;<\/span> &nbsp;&nbsp;&nbsp;&nbsp;&nbsp;&nbsp;&nbsp; &nbsp;Hospices Civils de Lyon, Mairie de Lyon, &nbsp;Mairie de Lyon 6\u00b0,&nbsp; Groupe CIC Lyonnaise de Banque, In\u00e9o, Seitha, &nbsp;JC Decaux<\/p>\n<p><span style=\"color: #ff6600;\">M\u00e9dias&nbsp;:<\/span> &nbsp;&nbsp;&nbsp;&nbsp;&nbsp;&nbsp;&nbsp;&nbsp;&nbsp;&nbsp;&nbsp;&nbsp;&nbsp;&nbsp;&nbsp;&nbsp;&nbsp;&nbsp;&nbsp;&nbsp;&nbsp;&nbsp;&nbsp;&nbsp;&nbsp;&nbsp;&nbsp;&nbsp;&nbsp;&nbsp;&nbsp;&nbsp;&nbsp;&nbsp;&nbsp;&nbsp;&nbsp;&nbsp;&nbsp;&nbsp;&nbsp; &nbsp; L\u2019\u00e9v\u00e9nement a \u00e9t\u00e9 largement soutenu par les m\u00e9dias&nbsp;&nbsp; r\u00e9gionaux :&nbsp;&nbsp;&nbsp; TLM, Cit\u00e9vision, Le Progr\u00e8s, Lyon Citoyen, Tonic, Lyon Poche, Lyon Figaro,&nbsp;&nbsp;Mapra,&nbsp;&nbsp;Webcity, Lyon People,&nbsp;&nbsp;Cityvox, Metrolyon,Rh\u00f4ne-Alpes Passions&nbsp;&nbsp;<\/p>\n<div id='gallery-1' class='gallery galleryid-471 gallery-columns-1 gallery-size-large'><figure class='gallery-item'>\n\t\t\t<div class='gallery-icon landscape'>\n\t\t\t\t<a href='http:\/\/marques-peintre.fr\/wp-content\/uploads\/2019\/09\/Hotel-Dieu-Dessus.jpg' rel=\"lightbox[471]\"><img width=\"540\" height=\"360\" src=\"http:\/\/marques-peintre.fr\/wp-content\/uploads\/2019\/09\/Hotel-Dieu-Dessus-540x360.jpg\" class=\"attachment-large size-large\" alt=\"\" decoding=\"async\" loading=\"lazy\" srcset=\"http:\/\/marques-peintre.fr\/wp-content\/uploads\/2019\/09\/Hotel-Dieu-Dessus-540x360.jpg 540w, http:\/\/marques-peintre.fr\/wp-content\/uploads\/2019\/09\/Hotel-Dieu-Dessus-300x200.jpg 300w, http:\/\/marques-peintre.fr\/wp-content\/uploads\/2019\/09\/Hotel-Dieu-Dessus.jpg 570w\" sizes=\"(max-width: 540px) 100vw, 540px\" \/><\/a>\n\t\t\t<\/div><\/figure><figure class='gallery-item'>\n\t\t\t<div class='gallery-icon landscape'>\n\t\t\t\t<a href='http:\/\/marques-peintre.fr\/wp-content\/uploads\/2010\/05\/Lyon-accueille-Marqu\u00e8s.jpg' rel=\"lightbox[471]\"><img width=\"540\" height=\"345\" src=\"http:\/\/marques-peintre.fr\/wp-content\/uploads\/2010\/05\/Lyon-accueille-Marqu\u00e8s-540x345.jpg\" class=\"attachment-large size-large\" alt=\"\" decoding=\"async\" loading=\"lazy\" srcset=\"http:\/\/marques-peintre.fr\/wp-content\/uploads\/2010\/05\/Lyon-accueille-Marqu\u00e8s-540x345.jpg 540w, http:\/\/marques-peintre.fr\/wp-content\/uploads\/2010\/05\/Lyon-accueille-Marqu\u00e8s-300x192.jpg 300w, http:\/\/marques-peintre.fr\/wp-content\/uploads\/2010\/05\/Lyon-accueille-Marqu\u00e8s.jpg 600w\" sizes=\"(max-width: 540px) 100vw, 540px\" \/><\/a>\n\t\t\t<\/div><\/figure><figure class='gallery-item'>\n\t\t\t<div class='gallery-icon landscape'>\n\t\t\t\t<a href='http:\/\/marques-peintre.fr\/wp-content\/uploads\/2010\/05\/Lyon-d\u00f4me-hotel-Dieu-02.jpg' rel=\"lightbox[471]\"><img width=\"540\" height=\"361\" src=\"http:\/\/marques-peintre.fr\/wp-content\/uploads\/2010\/05\/Lyon-d\u00f4me-hotel-Dieu-02-540x361.jpg\" class=\"attachment-large size-large\" alt=\"\" decoding=\"async\" loading=\"lazy\" srcset=\"http:\/\/marques-peintre.fr\/wp-content\/uploads\/2010\/05\/Lyon-d\u00f4me-hotel-Dieu-02-540x361.jpg 540w, http:\/\/marques-peintre.fr\/wp-content\/uploads\/2010\/05\/Lyon-d\u00f4me-hotel-Dieu-02-300x201.jpg 300w, http:\/\/marques-peintre.fr\/wp-content\/uploads\/2010\/05\/Lyon-d\u00f4me-hotel-Dieu-02.jpg 600w\" sizes=\"(max-width: 540px) 100vw, 540px\" \/><\/a>\n\t\t\t<\/div><\/figure><figure class='gallery-item'>\n\t\t\t<div class='gallery-icon landscape'>\n\t\t\t\t<a href='http:\/\/marques-peintre.fr\/wp-content\/uploads\/2010\/05\/Choregraphie-hotel-dieu-.jpg' rel=\"lightbox[471]\"><img width=\"540\" height=\"414\" src=\"http:\/\/marques-peintre.fr\/wp-content\/uploads\/2010\/05\/Choregraphie-hotel-dieu--540x414.jpg\" class=\"attachment-large size-large\" alt=\"\" decoding=\"async\" loading=\"lazy\" srcset=\"http:\/\/marques-peintre.fr\/wp-content\/uploads\/2010\/05\/Choregraphie-hotel-dieu--540x414.jpg 540w, http:\/\/marques-peintre.fr\/wp-content\/uploads\/2010\/05\/Choregraphie-hotel-dieu--300x230.jpg 300w, http:\/\/marques-peintre.fr\/wp-content\/uploads\/2010\/05\/Choregraphie-hotel-dieu-.jpg 600w\" sizes=\"(max-width: 540px) 100vw, 540px\" \/><\/a>\n\t\t\t<\/div><\/figure><figure class='gallery-item'>\n\t\t\t<div class='gallery-icon landscape'>\n\t\t\t\t<a href='http:\/\/marques-peintre.fr\/wp-content\/uploads\/2010\/05\/IMGA1724.jpg' rel=\"lightbox[471]\"><img width=\"540\" height=\"405\" src=\"http:\/\/marques-peintre.fr\/wp-content\/uploads\/2010\/05\/IMGA1724-540x405.jpg\" class=\"attachment-large size-large\" alt=\"\" decoding=\"async\" loading=\"lazy\" srcset=\"http:\/\/marques-peintre.fr\/wp-content\/uploads\/2010\/05\/IMGA1724-540x405.jpg 540w, http:\/\/marques-peintre.fr\/wp-content\/uploads\/2010\/05\/IMGA1724-300x225.jpg 300w, http:\/\/marques-peintre.fr\/wp-content\/uploads\/2010\/05\/IMGA1724.jpg 600w\" sizes=\"(max-width: 540px) 100vw, 540px\" \/><\/a>\n\t\t\t<\/div><\/figure><figure class='gallery-item'>\n\t\t\t<div class='gallery-icon landscape'>\n\t\t\t\t<a href='http:\/\/marques-peintre.fr\/wp-content\/uploads\/2019\/09\/Orangerie-Parc-Te\u0302te-dOr.jpg' rel=\"lightbox[471]\"><img width=\"486\" height=\"380\" src=\"http:\/\/marques-peintre.fr\/wp-content\/uploads\/2019\/09\/Orangerie-Parc-Te\u0302te-dOr.jpg\" class=\"attachment-large size-large\" alt=\"\" decoding=\"async\" loading=\"lazy\" srcset=\"http:\/\/marques-peintre.fr\/wp-content\/uploads\/2019\/09\/Orangerie-Parc-Te\u0302te-dOr.jpg 486w, http:\/\/marques-peintre.fr\/wp-content\/uploads\/2019\/09\/Orangerie-Parc-Te\u0302te-dOr-300x235.jpg 300w\" sizes=\"(max-width: 486px) 100vw, 486px\" \/><\/a>\n\t\t\t<\/div><\/figure><figure class='gallery-item'>\n\t\t\t<div class='gallery-icon landscape'>\n\t\t\t\t<a href='http:\/\/marques-peintre.fr\/wp-content\/uploads\/2010\/05\/orangerie-int\u00e9rieur.jpg' rel=\"lightbox[471]\"><img width=\"540\" height=\"375\" src=\"http:\/\/marques-peintre.fr\/wp-content\/uploads\/2010\/05\/orangerie-int\u00e9rieur-540x375.jpg\" class=\"attachment-large size-large\" alt=\"\" decoding=\"async\" loading=\"lazy\" srcset=\"http:\/\/marques-peintre.fr\/wp-content\/uploads\/2010\/05\/orangerie-int\u00e9rieur-540x375.jpg 540w, http:\/\/marques-peintre.fr\/wp-content\/uploads\/2010\/05\/orangerie-int\u00e9rieur-300x209.jpg 300w, http:\/\/marques-peintre.fr\/wp-content\/uploads\/2010\/05\/orangerie-int\u00e9rieur.jpg 600w\" sizes=\"(max-width: 540px) 100vw, 540px\" \/><\/a>\n\t\t\t<\/div><\/figure>\n\t\t<\/div>\n\n","protected":false},"excerpt":{"rendered":"<p>\u00ab\u00a0Lyon accueille Marqu\u00e8s\u00a0\u00bb Dates&nbsp;:&nbsp;&nbsp;&nbsp;&nbsp;&nbsp;&nbsp;&nbsp;&nbsp;&nbsp;&nbsp;&nbsp;&nbsp;&nbsp;&nbsp;&nbsp;&nbsp;&nbsp;&nbsp;&nbsp;&nbsp;&nbsp;&nbsp;&nbsp;&nbsp;&nbsp;&nbsp;&nbsp;&nbsp;&nbsp;&nbsp;&nbsp;&nbsp;&nbsp;&nbsp;&nbsp;&nbsp;&nbsp;&nbsp;&nbsp;&nbsp;&nbsp;&nbsp;&nbsp;&nbsp;&nbsp;&nbsp;&nbsp;&nbsp; du 20 mai au 19 juin 2003 Description&nbsp;:&nbsp; &nbsp;&nbsp;&nbsp;&nbsp;&nbsp;&nbsp;&nbsp;&nbsp;&nbsp;&nbsp;&nbsp;&nbsp;&nbsp;&nbsp;&nbsp;&nbsp;&nbsp;&nbsp;&nbsp;&nbsp;&nbsp;&nbsp;&nbsp;&nbsp;&nbsp;&nbsp;&nbsp;&nbsp;&nbsp;&nbsp; &nbsp;\u00ab Passions Humaines \u00bb au Grand D\u00f4me de l\u2019H\u00f4tel Dieu &nbsp;&nbsp;&nbsp;&nbsp;&nbsp;&nbsp;&nbsp;&nbsp;&nbsp;&nbsp;&nbsp;&nbsp;&nbsp;&nbsp;&nbsp;&nbsp;&nbsp;&nbsp;&nbsp;&nbsp;&nbsp;&nbsp;&nbsp;&nbsp;&nbsp;&nbsp;&nbsp;&nbsp;&nbsp;&nbsp;&nbsp;&nbsp;&nbsp;&nbsp;&nbsp;&nbsp;&nbsp;&nbsp;&nbsp;&nbsp;&nbsp;&nbsp;&nbsp;&nbsp;&nbsp;&nbsp;&nbsp;&nbsp;&nbsp;&nbsp;&nbsp;&nbsp;&nbsp;&nbsp;&nbsp;&nbsp;&nbsp;&nbsp;&nbsp;&nbsp;&nbsp; \u00ab Femmes \u00bb \u00e0 l\u2019Orangerie du Parc de la T\u00eate d\u2019Or Partenaires&nbsp;et sponsors&nbsp;:&nbsp; &nbsp;&nbsp;&nbsp;&nbsp;&nbsp;&nbsp;&nbsp; &nbsp;Hospices Civils de Lyon, Mairie de Lyon, &nbsp;Mairie de Lyon 6\u00b0,&nbsp; Groupe CIC Lyonnaise de Banque, In\u00e9o, [&hellip;]<\/p>\n","protected":false},"author":1,"featured_media":0,"parent":466,"menu_order":5,"comment_status":"closed","ping_status":"closed","template":"","meta":{"ngg_post_thumbnail":0},"_links":{"self":[{"href":"http:\/\/marques-peintre.fr\/index.php?rest_route=\/wp\/v2\/pages\/471"}],"collection":[{"href":"http:\/\/marques-peintre.fr\/index.php?rest_route=\/wp\/v2\/pages"}],"about":[{"href":"http:\/\/marques-peintre.fr\/index.php?rest_route=\/wp\/v2\/types\/page"}],"author":[{"embeddable":true,"href":"http:\/\/marques-peintre.fr\/index.php?rest_route=\/wp\/v2\/users\/1"}],"replies":[{"embeddable":true,"href":"http:\/\/marques-peintre.fr\/index.php?rest_route=%2Fwp%2Fv2%2Fcomments&post=471"}],"version-history":[{"count":6,"href":"http:\/\/marques-peintre.fr\/index.php?rest_route=\/wp\/v2\/pages\/471\/revisions"}],"predecessor-version":[{"id":2650,"href":"http:\/\/marques-peintre.fr\/index.php?rest_route=\/wp\/v2\/pages\/471\/revisions\/2650"}],"up":[{"embeddable":true,"href":"http:\/\/marques-peintre.fr\/index.php?rest_route=\/wp\/v2\/pages\/466"}],"wp:attachment":[{"href":"http:\/\/marques-peintre.fr\/index.php?rest_route=%2Fwp%2Fv2%2Fmedia&parent=471"}],"curies":[{"name":"wp","href":"https:\/\/api.w.org\/{rel}","templated":true}]}}