{"id":71,"date":"2010-04-26T21:56:50","date_gmt":"2010-04-26T19:56:50","guid":{"rendered":"http:\/\/marques-artiste-peintre.fr\/?page_id=71"},"modified":"2019-09-26T10:08:02","modified_gmt":"2019-09-26T08:08:02","slug":"marques","status":"publish","type":"page","link":"http:\/\/marques-peintre.fr\/?page_id=71","title":{"rendered":"Revue de Presse"},"content":{"rendered":"<p><span style=\"color: #000000;\">Vous trouverez dans ce chapitre, en textes et en images, des informations sur le peintre, sa vie et son parcours, ainsi qu&rsquo;une page&nbsp; <a href=\"http:\/\/marques-peintre.fr\/?page_id=106\"><span style=\"color: #0000ff;\">\u00ab\u00a0Acquisitions\u00a0\u00bb<\/span> <\/a>donnant quelques exemples d&rsquo;achats d&rsquo;entreprises,&nbsp; de diverses institutions, ainsi que de collectionneurs priv\u00e9s.<\/span><\/p>\n<p>Vous trouverez aussi quelques <a href=\"http:\/\/marques-peintre.fr\/?page_id=305\"><span style=\"color: #0000ff;\">\u00ab\u00a0articles de presse\u00a0\u00bb<\/span><\/a> de r\u00e9f\u00e9rence : <span style=\"color: #000000;\">Le progr\u00e8s, Lyon people, le figaro &#8230;.<\/span><\/p>\n<p>&nbsp;<\/p>\n<table>\n<tbody>\n<tr>\n<td style=\"width: 92px; text-align: left;\"><span style=\"color: #000000;\"><a style=\"color: #000000;\" href=\"http:\/\/marques-peintre.fr\/?page_id=75\">Biographie<\/a><\/span><\/td>\n<td style=\"width: 89px;\"><span style=\"color: #000000;\"><a style=\"color: #000000;\" href=\"http:\/\/marques-peintre.fr\/?page_id=173\">D\u00e9marche<\/a><\/span><\/td>\n<td style=\"width: 58px;\"><span style=\"color: #000000;\"><a style=\"color: #000000;\" href=\"http:\/\/marques-peintre.fr\/?page_id=305\">Presse<\/a><\/span><\/td>\n<td style=\"width: 102px;\"><span style=\"color: #000000;\"><a style=\"color: #000000;\" href=\"http:\/\/marques-peintre.fr\/?page_id=106\">Acquisitions<\/a><\/span><\/td>\n<td style=\"width: 113px;\"><span style=\"color: #000000;\"><a style=\"color: #000000;\" href=\"http:\/\/marques-peintre.fr\/?page_id=79\">T\u00e9moignages<\/a><\/span><\/td>\n<td style=\"width: 98px;\"><span style=\"color: #000000;\"><a style=\"color: #000000;\" href=\"http:\/\/marques-peintre.fr\/?page_id=87\">Rencontres<\/a><\/span><\/td>\n<\/tr>\n<\/tbody>\n<\/table>\n","protected":false},"excerpt":{"rendered":"<p>Vous trouverez dans ce chapitre, en textes et en images, des informations sur le peintre, sa vie et son parcours, ainsi qu&rsquo;une page&nbsp; \u00ab\u00a0Acquisitions\u00a0\u00bb donnant quelques exemples d&rsquo;achats d&rsquo;entreprises,&nbsp; de diverses institutions, ainsi que de collectionneurs priv\u00e9s. Vous trouverez aussi quelques \u00ab\u00a0articles de presse\u00a0\u00bb de r\u00e9f\u00e9rence : Le progr\u00e8s, Lyon people, le figaro &#8230;. &nbsp; [&hellip;]<\/p>\n","protected":false},"author":1,"featured_media":0,"parent":0,"menu_order":4,"comment_status":"closed","ping_status":"open","template":"","meta":{"ngg_post_thumbnail":0},"_links":{"self":[{"href":"http:\/\/marques-peintre.fr\/index.php?rest_route=\/wp\/v2\/pages\/71"}],"collection":[{"href":"http:\/\/marques-peintre.fr\/index.php?rest_route=\/wp\/v2\/pages"}],"about":[{"href":"http:\/\/marques-peintre.fr\/index.php?rest_route=\/wp\/v2\/types\/page"}],"author":[{"embeddable":true,"href":"http:\/\/marques-peintre.fr\/index.php?rest_route=\/wp\/v2\/users\/1"}],"replies":[{"embeddable":true,"href":"http:\/\/marques-peintre.fr\/index.php?rest_route=%2Fwp%2Fv2%2Fcomments&post=71"}],"version-history":[{"count":16,"href":"http:\/\/marques-peintre.fr\/index.php?rest_route=\/wp\/v2\/pages\/71\/revisions"}],"predecessor-version":[{"id":2628,"href":"http:\/\/marques-peintre.fr\/index.php?rest_route=\/wp\/v2\/pages\/71\/revisions\/2628"}],"wp:attachment":[{"href":"http:\/\/marques-peintre.fr\/index.php?rest_route=%2Fwp%2Fv2%2Fmedia&parent=71"}],"curies":[{"name":"wp","href":"https:\/\/api.w.org\/{rel}","templated":true}]}}