{"id":75,"date":"2010-04-26T22:01:16","date_gmt":"2010-04-26T20:01:16","guid":{"rendered":"http:\/\/marques-artiste-peintre.fr\/?page_id=75"},"modified":"2025-09-18T10:41:12","modified_gmt":"2025-09-18T08:41:12","slug":"biographie","status":"publish","type":"page","link":"http:\/\/marques-peintre.fr\/?page_id=75","title":{"rendered":"Biographie"},"content":{"rendered":"<p>N\u00e9 en 1951, Patrick Marqu\u00e8s peint ses premi\u00e8res toiles \u00e0 l\u2019\u00e2ge de neuf ans, depuis sa rencontre avec le peintre Christian Sandrin.<\/p>\n<div id='gallery-1' class='gallery galleryid-75 gallery-columns-2 gallery-size-thumbnail'><figure class='gallery-item'>\n\t\t\t<div class='gallery-icon portrait'>\n\t\t\t\t<a href='http:\/\/marques-peintre.fr\/wp-content\/uploads\/2010\/04\/Enfant-transparent.jpg' rel=\"lightbox[75]\"><img width=\"150\" height=\"150\" src=\"http:\/\/marques-peintre.fr\/wp-content\/uploads\/2010\/04\/Enfant-transparent-150x150.jpg\" class=\"attachment-thumbnail size-thumbnail\" alt=\"\" decoding=\"async\" loading=\"lazy\" \/><\/a>\n\t\t\t<\/div><\/figure><figure class='gallery-item'>\n\t\t\t<div class='gallery-icon landscape'>\n\t\t\t\t<a href='http:\/\/marques-peintre.fr\/wp-content\/uploads\/2010\/04\/1-DSCN2123.jpg' rel=\"lightbox[75]\"><img width=\"150\" height=\"150\" src=\"http:\/\/marques-peintre.fr\/wp-content\/uploads\/2010\/04\/1-DSCN2123-150x150.jpg\" class=\"attachment-thumbnail size-thumbnail\" alt=\"\" decoding=\"async\" loading=\"lazy\" \/><\/a>\n\t\t\t<\/div><\/figure>\n\t\t<\/div>\n\n<p><em><span style=\"color: #ff0000;\">\u00ab Durant l\u2019 ann\u00e9e 2009, la plan\u00e8te a perdu discr\u00e8tement un homme de 91 ans, qui nous laissait des millions de couleurs sorties de sa palette. La couleur s\u2019est inscrite dans ma vie, depuis ma tendre enfance, le jour de ma rencontre avec la peinture de Christian, en 1960. Je n\u2019avais pas dix ans. Depuis, cette couleur n\u2019a plus quitt\u00e9 mon \u00e2me\u2026 Elle me guide et me parle. Le peintre Christian Sandrin fut mon ma\u00eetre et mon ami\u2026 J\u2019ai r\u00e9alis\u00e9 cette peinture en son hommage \u00bb Patrick Marques<\/span><\/em><\/p>\n<p style=\"text-align: center;\"><span style=\"color: #ff6600;\"><a href=\"http:\/\/marques-artiste-peintre.fr\/wp-content\/uploads\/2010\/04\/Christian-Sandrin-114cm-x-162cm.jpg\" rel=\"lightbox[75]\" title=\"Christian Sandrin (114cm x 162cm)\"><img decoding=\"async\" loading=\"lazy\" class=\"size-full wp-image-192 aligncenter\" title=\"Christian Sandrin (114cm x 162cm)\" src=\"http:\/\/marques-artiste-peintre.fr\/wp-content\/uploads\/2010\/04\/Christian-Sandrin-114cm-x-162cm.jpg\" alt=\"\" width=\"228\" height=\"326\"><\/a><\/span><\/p>\n<p>Son parcours de formation est plut\u00f4t chaotique : ing\u00e9nieur dipl\u00f4m\u00e9 de l\u2019ECAM, puis \u00e9cole des beaux arts de Clermont-Ferrand en cours du soir. Lors de ses divers parcours professionnels, il n\u2019a jamais cess\u00e9 de peindre, dans une d\u00e9termination qui le m\u00e8nera, peu \u00e0 peu, \u00e0 se consacrer \u00e0 100% \u00e0 son activit\u00e9 artistique depuis 1998.<\/p>\n<p>Depuis cet instant, jusqu\u2019\u00e0 aujourd\u2019hui, sa peinture a connu un accueil particuli\u00e8rement accru de la part de tous. En effet, de nombreuses villes, entreprises, et collectionneurs, mus\u00e9es ont soutenu sa d\u00e9marche par acquisitions d\u2019\u0153uvres et contributions financi\u00e8res \u00e0 la r\u00e9alisation de grands projets.<\/p>\n<p><span style=\"color: #ff0000;\">Soutien du m\u00e9c\u00e9nat et amateurs d\u2019art:<\/span><\/p>\n<p>De nombreuses villes, entreprises, et collectionneurs, mus\u00e9es, ont soutenu sa d\u00e9marche par acquisitions d\u2019oeuvres et contributions financi\u00e8res \u00e0 la r\u00e9alisation de grands projets:<\/p>\n<p>Groupe CIC, groupe Vinci, groupe Thal\u00e8s, groupe Suez , institut M\u00e9rieux, JC Decaux&#8230;<\/p>\n<p>Groupe AQUAIR, Eurovia , Cegelec, In\u00e9o, Airsys, banque Scalbert Dupont, Lyonnaise de banque, Lasalle investment management, Sogelym, , groupe Cardinal, Syntagme, HBI, Badey entreprise, Comaloc, Gasquet, Seitha, Cirrus, GCC (G\u00e9nie Civil et Construction), SDRA &#8230;<\/p>\n<p>Villes de Lyon, Lille, Clermont Ferrand, Vourles, Cabri\u00e8s, Tarare, Brignais, Tournus, Embrun, Dioc\u00e8se&nbsp;de la ville de Lyon.<\/p>\n<p>Collections de la ville de Lyon, Vourles, Brignais, et d\u00e9partement du Rh\u00f4ne&#8230;<\/p>\n<p>Mus\u00e9e du patrimoine de la fondation \u00ablions club de France\u00bb.<\/p>\n<p>Collections priv\u00e9es anonymes internationales, parmi les collectionneurs et grands manageurs<\/p>\n<p><span style=\"color: #ff0000;\">Distinctions:<\/span><\/p>\n<p>Une peinture 10 fois m\u00e9daill\u00e9e dans les salons de peinture (Prix Jean Forey au&nbsp;Salon d\u2019Hiver de la ville de Lyon (1998) \/ Prix de la ville de Clermont-Ferrand au Salon d\u2019Hiver de Clermont-Ferrand (1994) \/ Prix Camille Vigouroux de l\u2019Acad\u00e9mie des Sciences Arts et Belles Lettres d\u2019Auvergne&nbsp;(1990) \/ Prix de la ville de Clermont-Ferrand au Salon d\u2019Hiver de Clermont-Ferrand \/ &#8230;etc&#8230; )<\/p>\n<p><span style=\"color: #ff0000;\">Invitations d\u2019honneur:<\/span><\/p>\n<p>9 expositions en tant qu\u2019invit\u00e9 d\u2019honneur dans les salons de peinture.<\/p>\n<p style=\"text-align: center;\">&nbsp;<\/p>\n","protected":false},"excerpt":{"rendered":"<p>N\u00e9 en 1951, Patrick Marqu\u00e8s peint ses premi\u00e8res toiles \u00e0 l\u2019\u00e2ge de neuf ans, depuis sa rencontre avec le peintre Christian Sandrin. \u00ab Durant l\u2019 ann\u00e9e 2009, la plan\u00e8te a perdu discr\u00e8tement un homme de 91 ans, qui nous laissait des millions de couleurs sorties de sa palette. La couleur s\u2019est inscrite dans ma vie, [&hellip;]<\/p>\n","protected":false},"author":1,"featured_media":0,"parent":71,"menu_order":3,"comment_status":"closed","ping_status":"open","template":"","meta":{"ngg_post_thumbnail":0},"_links":{"self":[{"href":"http:\/\/marques-peintre.fr\/index.php?rest_route=\/wp\/v2\/pages\/75"}],"collection":[{"href":"http:\/\/marques-peintre.fr\/index.php?rest_route=\/wp\/v2\/pages"}],"about":[{"href":"http:\/\/marques-peintre.fr\/index.php?rest_route=\/wp\/v2\/types\/page"}],"author":[{"embeddable":true,"href":"http:\/\/marques-peintre.fr\/index.php?rest_route=\/wp\/v2\/users\/1"}],"replies":[{"embeddable":true,"href":"http:\/\/marques-peintre.fr\/index.php?rest_route=%2Fwp%2Fv2%2Fcomments&post=75"}],"version-history":[{"count":51,"href":"http:\/\/marques-peintre.fr\/index.php?rest_route=\/wp\/v2\/pages\/75\/revisions"}],"predecessor-version":[{"id":3178,"href":"http:\/\/marques-peintre.fr\/index.php?rest_route=\/wp\/v2\/pages\/75\/revisions\/3178"}],"up":[{"embeddable":true,"href":"http:\/\/marques-peintre.fr\/index.php?rest_route=\/wp\/v2\/pages\/71"}],"wp:attachment":[{"href":"http:\/\/marques-peintre.fr\/index.php?rest_route=%2Fwp%2Fv2%2Fmedia&parent=75"}],"curies":[{"name":"wp","href":"https:\/\/api.w.org\/{rel}","templated":true}]}}