{"id":79,"date":"2010-04-26T22:02:37","date_gmt":"2010-04-26T20:02:37","guid":{"rendered":"http:\/\/marques-artiste-peintre.fr\/?page_id=79"},"modified":"2025-09-18T10:39:59","modified_gmt":"2025-09-18T08:39:59","slug":"on-en-parle","status":"publish","type":"page","link":"http:\/\/marques-peintre.fr\/?page_id=79","title":{"rendered":"T\u00e9moignages"},"content":{"rendered":"\n<p style=\"font-weight: 400;\"><span style=\"color: #ff0000;\">S\u00e9raphin Terim. <a href=\"http:\/\/marques-peintre.fr\/?page_id=305\">Extrait de \u00ab&nbsp;lyon people avril 2023&nbsp;\u00bb<\/a><\/span><\/p>\n<p style=\"font-weight: 400;\">\u00ab&nbsp;\u2026 On ne compte plus les expositions en France et \u00e0 l&rsquo;\u00e9tranger qui ont sillonn\u00e9 son parcours au fil des ann\u00e9es\u2026&nbsp;\u00bb<\/p>\n<p style=\"font-weight: 400;\">\u00ab\u00a0\u2026 Il porte un amour d\u00e9mesur\u00e9 \u00e0 la femme. Il la transcende sur ses toiles o\u00f9 les couleurs viennent sublimer ces corps aux formes g\u00e9n\u00e9reuses dont l&rsquo;impudeur cache un infini respect\u2026 \u00bb<\/p>\n<p style=\"font-weight: 400;\">\u00ab&nbsp;\u2026 De loin, elles sont un visage, un regard, un corps \u2026 De pr\u00e8s, c\u2019est un autre univers qui s&rsquo;offre \u00e0 nous. La couleur vibre et rayonne. Le trait puissant du pinceau nous propose une lecture diff\u00e9rente. Il nous invite \u00e0 \u00e9couter son \u00e2me, \u00e0 partir \u00e0 l&rsquo;assaut des myst\u00e8res de l&rsquo;infini et de l&rsquo;\u00e9ternit\u00e9\u2026&nbsp;\u00bb<\/p>\n<p style=\"font-weight: 400;\">\u00ab&nbsp; \u2026 Son antre ressemble \u00e0 une matrice obscure o\u00f9 sa palette accouche des couleurs de l&rsquo;esp\u00e9rance et de sa foi en l&rsquo;humanit\u00e9\u2026&nbsp;\u00bb<\/p>\n\n\n\n<p><span style=\"color: #ff0000;\">Alain Vollerin. Critique d&rsquo;art lyonnais. <a href=\"http:\/\/marques-peintre.fr\/?page_id=305\">( extrait article de presse mars 2017 )<\/a><\/span><\/p>\n<p>Patrick Marqu\u00e8s analyse son \u0153uvre, aussi bien qu\u2019il la construit depuis ses d\u00e9buts, et les encouragements de son ma\u00eetre <strong>Christian Sandrin<\/strong>. Ecoutons-le : \u00ab La v\u00e9rit\u00e9 des choses n\u2019est pas leur apparence, mais ce qu\u2019elles r\u00e9v\u00e8lent. La beaut\u00e9 n\u2019est pas la forme, mais le rayonnement de la forme\u2026 \u00bb Le corps f\u00e9minin est son viatique. Il y a de la ferveur, de l\u2019obsession, de la vigueur, de l\u2019outrance dans la peinture de Patrick Marqu\u00e8s&#8230;Toutes ses toiles sont passionnantes, mais une, doit particuli\u00e8rement retenir votre attention. Il s\u2019agit de l\u2019Ang\u00e9lus. Peut-\u00eatre, penserez-vous, comme moi, \u00e0 l\u2019engagement de V\u00e9lasquez, du Greco, d\u2019Anselm Kieffer, ou, d\u2019Etienne Sandorfi ? Un \u00e9v\u00e9nement incontournable.&nbsp;<\/p>\n<p><strong>Patrick Marqu\u00e8s. R\u00e9trospective.<br>Maison Forte, \u00e0 Voules, jusqu\u2019au 20 mars 2016<\/strong><\/p>\n\n\n\n<p style=\"font-weight: 400;\"><span style=\"color: #ff0000;\">G\u00e9rard Angel, journaliste, dans \u00ab&nbsp;Les Potins d\u2019Angel&nbsp;\u00bb en 2020, \u00e0 propos &nbsp;de la derni\u00e8re grande exposition de la maison forte de Vourles&nbsp;organis\u00e9e par le collectionneur Michel Regnier, adjoint \u00e0 la culture sous les mandats du maire Serge Fages&nbsp;:<\/span><\/p>\n<p style=\"font-weight: 400;\">\u00ab&nbsp;\u2026 de nombreux collectionneurs de Lyon et de la r\u00e9gion avaient, une fois de plus fait le d\u00e9placement\u2026 L\u2019exposition fait la part belle \u00e0 des ma\u00eetres tels que Duclaux, Bonnefond, Chenavard, Flandrin, ou, plus pr\u00e8s de nous, Couty, Fusaro, <strong>Marqu\u00e9s\u2026<\/strong>&nbsp;\u00bb<\/p>\n\n\n\n<p><span style=\"color: #ff0000;\">Pape Fran\u00e7ois \u00e0 propos de l&rsquo;oeuvre du chemin de croix de Brignais.<\/span><\/p>\n\n\n\n<figure class=\"wp-block-image size-large\"><img decoding=\"async\" loading=\"lazy\" width=\"540\" height=\"689\" src=\"http:\/\/marques-peintre.fr\/wp-content\/uploads\/2025\/09\/Vatican-lettre-540x689.jpg\" alt=\"\" class=\"wp-image-3175\" srcset=\"http:\/\/marques-peintre.fr\/wp-content\/uploads\/2025\/09\/Vatican-lettre-540x689.jpg 540w, http:\/\/marques-peintre.fr\/wp-content\/uploads\/2025\/09\/Vatican-lettre-300x383.jpg 300w, http:\/\/marques-peintre.fr\/wp-content\/uploads\/2025\/09\/Vatican-lettre.jpg 735w\" sizes=\"(max-width: 540px) 100vw, 540px\" \/><\/figure>\n\n\n\n<p style=\"font-weight: 400;\"><span style=\"color: #ff0000;\"><strong>Alain Vollerin. Critique d\u2019art lyonnais sur le blog des arts mars 2017:<\/strong><\/span><\/p>\n<p style=\"font-weight: 400;\"><em>\u00ab\u00a0Dans son immense sinc\u00e9rit\u00e9, Patrick Marqu\u00e8s sait trouver les mots pr\u00e9cis pour dire ses \u00e9tats d\u2019 \u00e2me face \u00e0 son engagement pictural. Quelle responsabilit\u00e9! Quel courage!&#8230;. Comment parvint-il \u00e0 un tel niveau de dialogue avec les formes f\u00e9minines? Comment nacquit le miracle de ces dons de femmes: langoureuses, offertes, plantureuses, amoureuses&#8230; etc&#8230;? Pourquoi tous ces mod\u00e8les accept\u00e8rent-ils de partager l\u2019engouement de Patrick Marqu\u00e8s, pour la repr\u00e9sentation de leur compl\u00e8te nudit\u00e9? Pourquoi tant de simplicit\u00e9 et de g\u00e9n\u00e9rosit\u00e9? Comment Patrick Marqu\u00e8s est-il devenu le peintre du corps f\u00e9minin? En un mot, comment as-t-il su les convaincre?&#8230; Admirable talent de Patrick Marques pour le dessin. Comment &#8230; as-t-il rompu avec le discours sur la forme, pour fondre sa peinture dans de longues coul\u00e9es<\/em><\/p>\n<p style=\"font-weight: 400;\"><em>de larmes? Comment &#8230; As-t-il gagn\u00e9 le pari sur la question de fond: Peut-on, au XXI\u00b0 si\u00e8cle, peindre encore en appuyant sa toile sur un chevalet? Une r\u00e9ponse vient imm\u00e9diatement \u00e0 mon esprit: au nom de l\u2019amour. Cette exposition&#8230; est dans une large proportion, le triomphe de l\u2019amour&#8230;\u00a0\u00bb<\/em><\/p>\n\n\n<p><span style=\"color: #ff6600;\"><strong>Jean paul Humeau<\/strong> <strong>(commissaire de l&rsquo;exposition&nbsp;\u00a0\u00bb Tournus accueille marqu\u00e8s\u00a0\u00bb<\/strong> 25 juin au 13 septembre 2008<\/span><\/p>\n<p>Patrick Marqu\u00e8s est un homme habit\u00e9 par ses questionnements. Avoir la chance de croiser son chemin est un don exceptionnel. Dans notre monde avide de puissance et d\u2019argent, il se r\u00e9v\u00e8le \u00eatre le catalyseur des sentiments qui nous habitent, en for\u00e7ant les barrages qui retiennent nos \u00e9motions profondes.Je me r\u00e9jouis que ce lieu majestueux du r\u00e9fectoire des moines de Tournus, patin\u00e9 de son histoire humaine, puisse \u00eatre deux mois durant l\u2019\u00e9crin de la peinture de Marqu\u00e8s.<\/p>\n<p>Un tel lieu, outre la capacit\u00e9 d\u2019accueillir ses toiles de tr\u00e8s grande taille, entre en parfaite r\u00e9sonnance avec sa peinture, dont l\u2019expression se borne \u00e0 fouiller le myst\u00e8re de l\u2019\u00eatre\u2026 &nbsp;<\/p>\n<p><span style=\"color: #ff6600;\"><strong>Catherine Monnet (conservatrice du mus\u00e9e de Lille de l\u2019hospice comtesse). <\/strong>9 janvier 2003<\/span><\/p>\n<p>Je souhaiterais vous faire savoir combien le Mus\u00e9e de l\u2019hospice Comtesse \u00e0 Lille \u00e9tait satisfait d\u2019avoir accueilli cette s\u00e9lection de toiles sur le th\u00e8me des \u00ab&nbsp;passions humaines&nbsp;\u00bb.<\/p>\n<p>La salle des malades de notre \u00e9tablissement a su donner pour un temps, l\u2019\u00e9cho de votre travail qui a laiss\u00e9 peu de visiteurs insensibles.<\/p>\n<p>La mati\u00e8re se transforme entre vos mains, par des coups de pinceaux qui savent \u00eatre larges ou, au contraire, d\u2019une extr\u00eame minutie, pour en faire des corps et des visages, qui, sit\u00f4t pass\u00e9 le premier coup d\u2019\u0153il, s\u2019effacent pour laisser place aux \u00e9motions, aux tensions, aux douleurs.<\/p>\n<p>Votre peinture est visiblement, de plus en plus, celle de l\u2019\u00e2me et non celle des corps, contrairement \u00e0 votre approche d\u2019origine.<\/p>\n<p>\u00ab&nbsp;Passions humaines&nbsp;\u00bb, oui, c\u2019\u00e9tait bien le titre qu\u2019il fallait \u00e0 cette d\u00e9couverte.<\/p>\n<p><span style=\"color: #ff6600;\"><strong>Patrice B\u00e9ghain&nbsp; (adjoint \u00e0 la culture de la ville de Lyon). <\/strong>20 mai 2003<\/span><\/p>\n<p>Un cri d\u2019amour.<\/p>\n<p>Lyon accueille Patrick Marqu\u00e8s, avec ses cris d\u2019amour, pour la passion des corps f\u00e9minins et sa lumi\u00e8re tragique.<\/p>\n<p>De ces \u00e9vocations de la puissance de la chair, de ces corps abandonn\u00e9s aux sursauts et aux \u00e9vanouissements exprim\u00e9s par le peintre, je souhaite retenir la sensation troublante d\u2019une beaut\u00e9 transfigur\u00e9e.<\/p>\n<p>L\u2019\u00e9nergie des corps prenant place sur la toile, cette chaleur construite par ces couleurs de feux, rendent hommage \u00e0 une beaut\u00e9 tragique et silencieuse.<\/p>\n<p>Le peintre traduit ces instants de perte et d\u2019\u00e9puisement o\u00f9 les visages se ferment, o\u00f9 la tension des corps atteint son apog\u00e9e.<\/p>\n<p>La figure humaine dans tout son myst\u00e8re et dans toute sa solitude est pr\u00e9sente face \u00e0 nous.<\/p>\n<p>A travers ces \u0153uvres, les corps des femmes conservent cette douce sensualit\u00e9 qu\u2019ont d\u00e9j\u00e0 pu exprimer de grands artistes.<\/p>\n<p>Ces \u0153uvres trouveront, dans des lieux porteurs d\u2019\u00e9motion, l\u2019orangerie du parc de la t\u00eate d\u2019or et le grand D\u00f4me de l\u2019h\u00f4tel Dieu, une dimension sublime.<\/p>\n<p><span style=\"color: #ff6600;\"><strong>Elodie Humeau&nbsp; (Maire ajointe du 6\u00b0 arrondissement de Lyon, d\u00e9l\u00e9gu\u00e9e \u00e0 la culture). <\/strong>22 mai 2003<\/span><\/p>\n<p>Tout a commenc\u00e9 par un regard\u2026 Il y a deux ans.<\/p>\n<p>Un regard entre deux femmes. Entre une femme peinte sur une toile et une autre femme. Moi<\/p>\n<p>Tout a commenc\u00e9 par un regard. Et c\u2019est pour ce regard que j\u2019ai souhait\u00e9 cette double exposition \u00ab&nbsp;Lyon accueille Marqu\u00e8s&nbsp;\u00bb. Pour que vous puissiez, \u00e0 votre tour, plonger vos yeux dans ses toiles, et en d\u00e9couvrir, au d\u00e9tour d\u2019une expression, d\u2019un geste ou d\u2019un regard, ce qui m\u2019a fait pleurer ce jour l\u00e0.<\/p>\n<p>Marqu\u00e8s a choisi de peindre des femmes. Pas seulement des \u00eatres de chair et de sang, des visages et des corps. Ses femmes sont d\u2019abord habit\u00e9es. Par l\u2019amour, la qu\u00eate, la passion. Elles sont heureuses, tourment\u00e9es, paisibles, pleines d\u2019espoir\u2026 Vivantes&nbsp;! Il suffit de lire dans leur regard. Tout a commenc\u00e9\u2026<\/p>\n<p>Ce rayonnement, cette recherche de l\u2019absolu, cette lumi\u00e8re toujours pr\u00e9sente, symbole de l\u2019espoir ou du passage, signent les toiles de Marqu\u00e8s. Signent son regard sur l\u2019\u00eatre.<\/p>\n<p>Marqu\u00e8s fait d\u00e9cid\u00e9ment un beau cadeau \u00e0 Lyon, la ville de ses d\u00e9buts. Ces deux expositions conjointes, Passions humaines et femmes, correspondent d\u2019ailleurs bien au caract\u00e8re de notre ville. Lyon qui sait s\u2019enflammer et porter haut ses convictions. Lyon qui se donne difficilement mais qui, apr\u00e8s, aime de fa\u00e7on passionn\u00e9e. Lyon, une ville au caract\u00e8re de femme.<\/p>\n<p>Tout a commenc\u00e9 \u00e0 Lyon. Par un regard\u2026<\/p>\n<p><span style=\"color: #ff6600;\"><strong>Jean Claude Casadesus (Chef d\u2019orchestre national de Lille). <\/strong>novembre 2002<\/span><\/p>\n<p>Avec mon admiration pour votre int\u00e9riorit\u00e9, et vos vibrations proches de celles que nous offre la musique.<\/p>\n<p>Mais, l\u2019\u0153il du peintre et l\u2019oreille du musicien ne sont \u2013 ils pas les fen\u00eatres qui conduisent, au-del\u00e0 du miroir, au monde de l\u2019invisible&nbsp;?<\/p>\n<p>Avec tous mes v\u0153ux pour un succ\u00e8s que vous avez d\u00e9j\u00e0 et que vous m\u00e9ritez.<\/p>\n<p>Chaleureusement.<\/p>\n<p><span style=\"color: #ff6600;\"><strong>Philippe Barbarin (Cardinal archev\u00eaque de Lyon). <\/strong>1 juin 2003<\/span><\/p>\n<p>Sur nos chemins, dans nos rencontres, quand les routes ou les regards se croisent, une lumi\u00e8re survient. Elle parcourt tout l\u2019\u00eatre int\u00e9rieur, traverse ses joies, atteint l\u2019intime de ses d\u00e9chirures. Elle fait \u0153uvre de paix. Une lumi\u00e8re qui vient d\u2019ailleurs et qui est vraiment donn\u00e9e \u00e0 l\u2019homme, qu\u2019on peut toujours d\u00e9couvrir en lui. Merci \u00e0 patrick Marqu\u00e8s de nous donner \u00e0 r\u00e9entendre cette parole de vie&nbsp;: \u00ab&nbsp;Vous \u00eates la lumi\u00e8re du monde&nbsp;\u00bb<\/p>","protected":false},"excerpt":{"rendered":"<p>S\u00e9raphin Terim. Extrait de \u00ab&nbsp;lyon people avril 2023&nbsp;\u00bb \u00ab&nbsp;\u2026 On ne compte plus les expositions en France et \u00e0 l&rsquo;\u00e9tranger qui ont sillonn\u00e9 son parcours au fil des ann\u00e9es\u2026&nbsp;\u00bb \u00ab\u00a0\u2026 Il porte un amour d\u00e9mesur\u00e9 \u00e0 la femme. Il la transcende sur ses toiles o\u00f9 les couleurs viennent sublimer ces corps aux formes g\u00e9n\u00e9reuses dont [&hellip;]<\/p>\n","protected":false},"author":1,"featured_media":0,"parent":71,"menu_order":1,"comment_status":"closed","ping_status":"open","template":"","meta":{"ngg_post_thumbnail":0},"_links":{"self":[{"href":"http:\/\/marques-peintre.fr\/index.php?rest_route=\/wp\/v2\/pages\/79"}],"collection":[{"href":"http:\/\/marques-peintre.fr\/index.php?rest_route=\/wp\/v2\/pages"}],"about":[{"href":"http:\/\/marques-peintre.fr\/index.php?rest_route=\/wp\/v2\/types\/page"}],"author":[{"embeddable":true,"href":"http:\/\/marques-peintre.fr\/index.php?rest_route=\/wp\/v2\/users\/1"}],"replies":[{"embeddable":true,"href":"http:\/\/marques-peintre.fr\/index.php?rest_route=%2Fwp%2Fv2%2Fcomments&post=79"}],"version-history":[{"count":25,"href":"http:\/\/marques-peintre.fr\/index.php?rest_route=\/wp\/v2\/pages\/79\/revisions"}],"predecessor-version":[{"id":3177,"href":"http:\/\/marques-peintre.fr\/index.php?rest_route=\/wp\/v2\/pages\/79\/revisions\/3177"}],"up":[{"embeddable":true,"href":"http:\/\/marques-peintre.fr\/index.php?rest_route=\/wp\/v2\/pages\/71"}],"wp:attachment":[{"href":"http:\/\/marques-peintre.fr\/index.php?rest_route=%2Fwp%2Fv2%2Fmedia&parent=79"}],"curies":[{"name":"wp","href":"https:\/\/api.w.org\/{rel}","templated":true}]}}