{"id":812,"date":"2010-05-08T15:30:37","date_gmt":"2010-05-08T13:30:37","guid":{"rendered":"http:\/\/marques-artiste-peintre.fr\/?page_id=812"},"modified":"2025-09-12T21:11:37","modified_gmt":"2025-09-12T19:11:37","slug":"tournus-a-2009","status":"publish","type":"page","link":"http:\/\/marques-peintre.fr\/?page_id=812","title":{"rendered":"Tournus"},"content":{"rendered":"<div><span style=\"color: #ff6600;\">\u00ab\u00a0Tournus accueille Marqu\u00e8s\u00a0\u00bb<\/span><\/div>\n<div>&nbsp;<\/div>\n<div>&nbsp;<strong>Date&nbsp;:&nbsp;&nbsp;&nbsp;&nbsp;&nbsp;&nbsp;&nbsp;&nbsp;&nbsp;&nbsp;&nbsp;&nbsp;&nbsp;&nbsp;&nbsp;&nbsp;&nbsp;&nbsp;&nbsp;&nbsp;&nbsp;&nbsp;&nbsp;&nbsp;&nbsp;&nbsp;du 25 juin au 13 septembre 2009&nbsp; <\/strong><\/div>\n<p>&nbsp;<strong>Lieu :&nbsp;&nbsp;&nbsp;&nbsp;&nbsp;&nbsp;&nbsp;&nbsp;&nbsp;&nbsp;&nbsp;&nbsp;&nbsp;&nbsp;&nbsp;&nbsp;&nbsp;&nbsp;&nbsp;&nbsp;&nbsp;&nbsp;&nbsp;&nbsp;&nbsp; Abbaye de Tournus R\u00e9fectoire des moines<\/strong><\/p>\n<p>&nbsp;<strong>Commentaire:&nbsp; Fr\u00e9quentation record de 16.000 visiteurs durant ces deux mois et demie d&rsquo;\u00e9t\u00e9, dans ce lieu prestigieux de renomm\u00e9e internationale.<\/strong><\/p>\n<div id='gallery-1' class='gallery galleryid-812 gallery-columns-1 gallery-size-large'><figure class='gallery-item'>\n\t\t\t<div class='gallery-icon landscape'>\n\t\t\t\t<a href='http:\/\/marques-peintre.fr\/wp-content\/uploads\/2019\/09\/Abbaye-Tournus.jpg' rel=\"lightbox[812]\"><img width=\"507\" height=\"380\" src=\"http:\/\/marques-peintre.fr\/wp-content\/uploads\/2019\/09\/Abbaye-Tournus.jpg\" class=\"attachment-large size-large\" alt=\"\" decoding=\"async\" loading=\"lazy\" srcset=\"http:\/\/marques-peintre.fr\/wp-content\/uploads\/2019\/09\/Abbaye-Tournus.jpg 507w, http:\/\/marques-peintre.fr\/wp-content\/uploads\/2019\/09\/Abbaye-Tournus-300x225.jpg 300w\" sizes=\"(max-width: 507px) 100vw, 507px\" \/><\/a>\n\t\t\t<\/div><\/figure><figure class='gallery-item'>\n\t\t\t<div class='gallery-icon landscape'>\n\t\t\t\t<a href='http:\/\/marques-peintre.fr\/wp-content\/uploads\/2019\/09\/Re\u0301fectoire-des-moines-Tournus.jpg' rel=\"lightbox[812]\"><img width=\"474\" height=\"316\" src=\"http:\/\/marques-peintre.fr\/wp-content\/uploads\/2019\/09\/Re\u0301fectoire-des-moines-Tournus.jpg\" class=\"attachment-large size-large\" alt=\"\" decoding=\"async\" loading=\"lazy\" srcset=\"http:\/\/marques-peintre.fr\/wp-content\/uploads\/2019\/09\/Re\u0301fectoire-des-moines-Tournus.jpg 474w, http:\/\/marques-peintre.fr\/wp-content\/uploads\/2019\/09\/Re\u0301fectoire-des-moines-Tournus-300x200.jpg 300w\" sizes=\"(max-width: 474px) 100vw, 474px\" \/><\/a>\n\t\t\t<\/div><\/figure><figure class='gallery-item'>\n\t\t\t<div class='gallery-icon landscape'>\n\t\t\t\t<a href='http:\/\/marques-peintre.fr\/wp-content\/uploads\/2010\/05\/DSC7228.jpg' rel=\"lightbox[812]\"><img width=\"540\" height=\"359\" src=\"http:\/\/marques-peintre.fr\/wp-content\/uploads\/2010\/05\/DSC7228-540x359.jpg\" class=\"attachment-large size-large\" alt=\"\" decoding=\"async\" loading=\"lazy\" srcset=\"http:\/\/marques-peintre.fr\/wp-content\/uploads\/2010\/05\/DSC7228-540x359.jpg 540w, http:\/\/marques-peintre.fr\/wp-content\/uploads\/2010\/05\/DSC7228-300x200.jpg 300w, http:\/\/marques-peintre.fr\/wp-content\/uploads\/2010\/05\/DSC7228.jpg 600w\" sizes=\"(max-width: 540px) 100vw, 540px\" \/><\/a>\n\t\t\t<\/div><\/figure><figure class='gallery-item'>\n\t\t\t<div class='gallery-icon landscape'>\n\t\t\t\t<a href='http:\/\/marques-peintre.fr\/wp-content\/uploads\/2010\/05\/DSC7244.jpg' rel=\"lightbox[812]\"><img width=\"540\" height=\"359\" src=\"http:\/\/marques-peintre.fr\/wp-content\/uploads\/2010\/05\/DSC7244-540x359.jpg\" class=\"attachment-large size-large\" alt=\"\" decoding=\"async\" loading=\"lazy\" srcset=\"http:\/\/marques-peintre.fr\/wp-content\/uploads\/2010\/05\/DSC7244-540x359.jpg 540w, http:\/\/marques-peintre.fr\/wp-content\/uploads\/2010\/05\/DSC7244-300x200.jpg 300w, http:\/\/marques-peintre.fr\/wp-content\/uploads\/2010\/05\/DSC7244.jpg 600w\" sizes=\"(max-width: 540px) 100vw, 540px\" \/><\/a>\n\t\t\t<\/div><\/figure><figure class='gallery-item'>\n\t\t\t<div class='gallery-icon landscape'>\n\t\t\t\t<a href='http:\/\/marques-peintre.fr\/wp-content\/uploads\/2010\/05\/DSC7247.jpg' rel=\"lightbox[812]\"><img width=\"540\" height=\"359\" src=\"http:\/\/marques-peintre.fr\/wp-content\/uploads\/2010\/05\/DSC7247-540x359.jpg\" class=\"attachment-large size-large\" alt=\"\" decoding=\"async\" loading=\"lazy\" srcset=\"http:\/\/marques-peintre.fr\/wp-content\/uploads\/2010\/05\/DSC7247-540x359.jpg 540w, http:\/\/marques-peintre.fr\/wp-content\/uploads\/2010\/05\/DSC7247-300x200.jpg 300w, http:\/\/marques-peintre.fr\/wp-content\/uploads\/2010\/05\/DSC7247.jpg 600w\" sizes=\"(max-width: 540px) 100vw, 540px\" \/><\/a>\n\t\t\t<\/div><\/figure><figure class='gallery-item'>\n\t\t\t<div class='gallery-icon landscape'>\n\t\t\t\t<a href='http:\/\/marques-peintre.fr\/wp-content\/uploads\/2010\/05\/DSC7250.jpg' rel=\"lightbox[812]\"><img width=\"540\" height=\"359\" src=\"http:\/\/marques-peintre.fr\/wp-content\/uploads\/2010\/05\/DSC7250-540x359.jpg\" class=\"attachment-large size-large\" alt=\"\" decoding=\"async\" loading=\"lazy\" srcset=\"http:\/\/marques-peintre.fr\/wp-content\/uploads\/2010\/05\/DSC7250-540x359.jpg 540w, http:\/\/marques-peintre.fr\/wp-content\/uploads\/2010\/05\/DSC7250-300x200.jpg 300w, http:\/\/marques-peintre.fr\/wp-content\/uploads\/2010\/05\/DSC7250.jpg 600w\" sizes=\"(max-width: 540px) 100vw, 540px\" \/><\/a>\n\t\t\t<\/div><\/figure><figure class='gallery-item'>\n\t\t\t<div class='gallery-icon landscape'>\n\t\t\t\t<a href='http:\/\/marques-peintre.fr\/wp-content\/uploads\/2010\/05\/DSC7254.jpg' rel=\"lightbox[812]\"><img width=\"540\" height=\"359\" src=\"http:\/\/marques-peintre.fr\/wp-content\/uploads\/2010\/05\/DSC7254-540x359.jpg\" class=\"attachment-large size-large\" alt=\"\" decoding=\"async\" loading=\"lazy\" srcset=\"http:\/\/marques-peintre.fr\/wp-content\/uploads\/2010\/05\/DSC7254-540x359.jpg 540w, http:\/\/marques-peintre.fr\/wp-content\/uploads\/2010\/05\/DSC7254-300x200.jpg 300w, http:\/\/marques-peintre.fr\/wp-content\/uploads\/2010\/05\/DSC7254.jpg 600w\" sizes=\"(max-width: 540px) 100vw, 540px\" \/><\/a>\n\t\t\t<\/div><\/figure>\n\t\t<\/div>\n\n<p><strong>Sponsor&nbsp;:&nbsp;&nbsp;&nbsp;&nbsp;&nbsp;&nbsp;&nbsp;&nbsp;&nbsp;&nbsp;&nbsp;&nbsp;&nbsp;&nbsp;&nbsp;&nbsp; Ville de Tournus, <\/strong><strong>Cegelec, <\/strong><strong>HBI, <\/strong><strong>Gasquet, <\/strong><strong>Syntagme<\/strong><\/p>\n","protected":false},"excerpt":{"rendered":"<p>\u00ab\u00a0Tournus accueille Marqu\u00e8s\u00a0\u00bb &nbsp; &nbsp;Date&nbsp;:&nbsp;&nbsp;&nbsp;&nbsp;&nbsp;&nbsp;&nbsp;&nbsp;&nbsp;&nbsp;&nbsp;&nbsp;&nbsp;&nbsp;&nbsp;&nbsp;&nbsp;&nbsp;&nbsp;&nbsp;&nbsp;&nbsp;&nbsp;&nbsp;&nbsp;&nbsp;du 25 juin au 13 septembre 2009&nbsp; &nbsp;Lieu :&nbsp;&nbsp;&nbsp;&nbsp;&nbsp;&nbsp;&nbsp;&nbsp;&nbsp;&nbsp;&nbsp;&nbsp;&nbsp;&nbsp;&nbsp;&nbsp;&nbsp;&nbsp;&nbsp;&nbsp;&nbsp;&nbsp;&nbsp;&nbsp;&nbsp; Abbaye de Tournus R\u00e9fectoire des moines &nbsp;Commentaire:&nbsp; Fr\u00e9quentation record de 16.000 visiteurs durant ces deux mois et demie d&rsquo;\u00e9t\u00e9, dans ce lieu prestigieux de renomm\u00e9e internationale. Sponsor&nbsp;:&nbsp;&nbsp;&nbsp;&nbsp;&nbsp;&nbsp;&nbsp;&nbsp;&nbsp;&nbsp;&nbsp;&nbsp;&nbsp;&nbsp;&nbsp;&nbsp; Ville de Tournus, Cegelec, HBI, Gasquet, Syntagme<\/p>\n","protected":false},"author":1,"featured_media":0,"parent":466,"menu_order":7,"comment_status":"closed","ping_status":"closed","template":"","meta":{"ngg_post_thumbnail":0},"_links":{"self":[{"href":"http:\/\/marques-peintre.fr\/index.php?rest_route=\/wp\/v2\/pages\/812"}],"collection":[{"href":"http:\/\/marques-peintre.fr\/index.php?rest_route=\/wp\/v2\/pages"}],"about":[{"href":"http:\/\/marques-peintre.fr\/index.php?rest_route=\/wp\/v2\/types\/page"}],"author":[{"embeddable":true,"href":"http:\/\/marques-peintre.fr\/index.php?rest_route=\/wp\/v2\/users\/1"}],"replies":[{"embeddable":true,"href":"http:\/\/marques-peintre.fr\/index.php?rest_route=%2Fwp%2Fv2%2Fcomments&post=812"}],"version-history":[{"count":9,"href":"http:\/\/marques-peintre.fr\/index.php?rest_route=\/wp\/v2\/pages\/812\/revisions"}],"predecessor-version":[{"id":2660,"href":"http:\/\/marques-peintre.fr\/index.php?rest_route=\/wp\/v2\/pages\/812\/revisions\/2660"}],"up":[{"embeddable":true,"href":"http:\/\/marques-peintre.fr\/index.php?rest_route=\/wp\/v2\/pages\/466"}],"wp:attachment":[{"href":"http:\/\/marques-peintre.fr\/index.php?rest_route=%2Fwp%2Fv2%2Fmedia&parent=812"}],"curies":[{"name":"wp","href":"https:\/\/api.w.org\/{rel}","templated":true}]}}