{"id":87,"date":"2010-04-26T22:08:14","date_gmt":"2010-04-26T20:08:14","guid":{"rendered":"http:\/\/marques-artiste-peintre.fr\/?page_id=87"},"modified":"2019-04-08T18:10:41","modified_gmt":"2019-04-08T16:10:41","slug":"rencontres","status":"publish","type":"page","link":"http:\/\/marques-peintre.fr\/?page_id=87","title":{"rendered":"Rencontres"},"content":{"rendered":"<div id='gallery-1' class='gallery galleryid-87 gallery-columns-2 gallery-size-medium'><figure class='gallery-item'>\n\t\t\t<div class='gallery-icon landscape'>\n\t\t\t\t<a href='http:\/\/marques-peintre.fr\/wp-content\/uploads\/2011\/07\/DSC_6805bis.jpg' rel=\"lightbox[87]\"><img width=\"300\" height=\"200\" src=\"http:\/\/marques-peintre.fr\/wp-content\/uploads\/2011\/07\/DSC_6805bis-300x200.jpg\" class=\"attachment-medium size-medium\" alt=\"\" decoding=\"async\" loading=\"lazy\" aria-describedby=\"gallery-1-901\" srcset=\"http:\/\/marques-peintre.fr\/wp-content\/uploads\/2011\/07\/DSC_6805bis-300x200.jpg 300w, http:\/\/marques-peintre.fr\/wp-content\/uploads\/2011\/07\/DSC_6805bis-540x359.jpg 540w, http:\/\/marques-peintre.fr\/wp-content\/uploads\/2011\/07\/DSC_6805bis.jpg 600w\" sizes=\"(max-width: 300px) 100vw, 300px\" \/><\/a>\n\t\t\t<\/div>\n\t\t\t\t<figcaption class='wp-caption-text gallery-caption' id='gallery-1-901'>\n\t\t\t\tMicel Mercier, ministre de la justice au vernissage de l\u2019exposition Marqu\u00e8s dans le groupe industriel AQUAIR.\n\t\t\t\t<\/figcaption><\/figure><figure class='gallery-item'>\n\t\t\t<div class='gallery-icon landscape'>\n\t\t\t\t<a href='http:\/\/marques-peintre.fr\/wp-content\/uploads\/2019\/04\/Clauger-Guilloteau.jpg' rel=\"lightbox[87]\"><img width=\"300\" height=\"199\" src=\"http:\/\/marques-peintre.fr\/wp-content\/uploads\/2019\/04\/Clauger-Guilloteau-300x199.jpg\" class=\"attachment-medium size-medium\" alt=\"\" decoding=\"async\" loading=\"lazy\" aria-describedby=\"gallery-1-2243\" srcset=\"http:\/\/marques-peintre.fr\/wp-content\/uploads\/2019\/04\/Clauger-Guilloteau-300x199.jpg 300w, http:\/\/marques-peintre.fr\/wp-content\/uploads\/2019\/04\/Clauger-Guilloteau.jpg 540w\" sizes=\"(max-width: 300px) 100vw, 300px\" \/><\/a>\n\t\t\t<\/div>\n\t\t\t\t<figcaption class='wp-caption-text gallery-caption' id='gallery-1-2243'>\n\t\t\t\tMichel Mercier ministre de la justice et Christophe Guilloteau pr\u00e9sident du d\u00e9partement du Rh\u00f4ne, ont fait l\u2019ouverture  du vernissage de l\u2019exposition Marqu\u00e8s dans le groupe industriel AQUAIR.\n\t\t\t\t<\/figcaption><\/figure><figure class='gallery-item'>\n\t\t\t<div class='gallery-icon landscape'>\n\t\t\t\t<a href='http:\/\/marques-peintre.fr\/wp-content\/uploads\/2011\/07\/DSC_6725.jpg' rel=\"lightbox[87]\"><img width=\"300\" height=\"241\" src=\"http:\/\/marques-peintre.fr\/wp-content\/uploads\/2011\/07\/DSC_6725-300x241.jpg\" class=\"attachment-medium size-medium\" alt=\"\" decoding=\"async\" loading=\"lazy\" aria-describedby=\"gallery-1-900\" srcset=\"http:\/\/marques-peintre.fr\/wp-content\/uploads\/2011\/07\/DSC_6725-300x241.jpg 300w, http:\/\/marques-peintre.fr\/wp-content\/uploads\/2011\/07\/DSC_6725-540x433.jpg 540w, http:\/\/marques-peintre.fr\/wp-content\/uploads\/2011\/07\/DSC_6725.jpg 600w\" sizes=\"(max-width: 300px) 100vw, 300px\" \/><\/a>\n\t\t\t<\/div>\n\t\t\t\t<figcaption class='wp-caption-text gallery-caption' id='gallery-1-900'>\n\t\t\t\tMichel Mercier ministre de la justice, Christophe Guilloteau pr\u00e9sident du d\u00e9partement du Rh\u00f4ne, et Paul Minsssieux pr\u00e9sident du directoire, ont fait l\u2019ouverture  du vernissage de l\u2019exposition Marqu\u00e8s dans le groupe industriel AQUAIR.\n\t\t\t\t<\/figcaption><\/figure><figure class='gallery-item'>\n\t\t\t<div class='gallery-icon landscape'>\n\t\t\t\t<a href='http:\/\/marques-peintre.fr\/wp-content\/uploads\/2019\/04\/Libert\u00e9-\u00c9galit\u00e9-Fraternit\u00e9-ville-de-Vourles-reduit-.jpg' rel=\"lightbox[87]\"><img width=\"300\" height=\"169\" src=\"http:\/\/marques-peintre.fr\/wp-content\/uploads\/2019\/04\/Libert\u00e9-\u00c9galit\u00e9-Fraternit\u00e9-ville-de-Vourles-reduit--300x169.jpg\" class=\"attachment-medium size-medium\" alt=\"\" decoding=\"async\" loading=\"lazy\" aria-describedby=\"gallery-1-2378\" srcset=\"http:\/\/marques-peintre.fr\/wp-content\/uploads\/2019\/04\/Libert\u00e9-\u00c9galit\u00e9-Fraternit\u00e9-ville-de-Vourles-reduit--300x169.jpg 300w, http:\/\/marques-peintre.fr\/wp-content\/uploads\/2019\/04\/Libert\u00e9-\u00c9galit\u00e9-Fraternit\u00e9-ville-de-Vourles-reduit--540x303.jpg 540w, http:\/\/marques-peintre.fr\/wp-content\/uploads\/2019\/04\/Libert\u00e9-\u00c9galit\u00e9-Fraternit\u00e9-ville-de-Vourles-reduit-.jpg 600w\" sizes=\"(max-width: 300px) 100vw, 300px\" \/><\/a>\n\t\t\t<\/div>\n\t\t\t\t<figcaption class='wp-caption-text gallery-caption' id='gallery-1-2378'>\n\t\t\t\tChristophe Guilloteau, pr\u00e9sident du d\u00e9partement du Rh\u00f4ne, Serges Fages, maire de Vourles, Michel Regnier adjoint \u00e0 la culture lors de l&rsquo;Inauguration du triptyque Libert\u00e9 Egalit\u00e9 Fraternit\u00e9.\n\t\t\t\t<\/figcaption><\/figure><figure class='gallery-item'>\n\t\t\t<div class='gallery-icon landscape'>\n\t\t\t\t<a href='http:\/\/marques-peintre.fr\/wp-content\/uploads\/2019\/04\/Vourles-fages-Guilloteau-Regnier.jpg' rel=\"lightbox[87]\"><img width=\"300\" height=\"200\" src=\"http:\/\/marques-peintre.fr\/wp-content\/uploads\/2019\/04\/Vourles-fages-Guilloteau-Regnier-300x200.jpg\" class=\"attachment-medium size-medium\" alt=\"\" decoding=\"async\" loading=\"lazy\" aria-describedby=\"gallery-1-2241\" srcset=\"http:\/\/marques-peintre.fr\/wp-content\/uploads\/2019\/04\/Vourles-fages-Guilloteau-Regnier-300x200.jpg 300w, http:\/\/marques-peintre.fr\/wp-content\/uploads\/2019\/04\/Vourles-fages-Guilloteau-Regnier.jpg 540w\" sizes=\"(max-width: 300px) 100vw, 300px\" \/><\/a>\n\t\t\t<\/div>\n\t\t\t\t<figcaption class='wp-caption-text gallery-caption' id='gallery-1-2241'>\n\t\t\t\tChristophe Guilloteau, president du d\u00e9partement du Rh\u00f4ne, Serges Fages, maire de Vourles et Michel Regnier adjoint \u00e0 la culture commissaire de l&rsquo;exposition au vernissage de l&rsquo;exposition r\u00e9trospectve de la maison forte de Vourles\n\t\t\t\t<\/figcaption><\/figure><figure class='gallery-item'>\n\t\t\t<div class='gallery-icon landscape'>\n\t\t\t\t<a href='http:\/\/marques-peintre.fr\/wp-content\/uploads\/2019\/04\/Vourles-Vollerin.jpg' rel=\"lightbox[87]\"><img width=\"300\" height=\"200\" src=\"http:\/\/marques-peintre.fr\/wp-content\/uploads\/2019\/04\/Vourles-Vollerin-300x200.jpg\" class=\"attachment-medium size-medium\" alt=\"\" decoding=\"async\" loading=\"lazy\" aria-describedby=\"gallery-1-2242\" srcset=\"http:\/\/marques-peintre.fr\/wp-content\/uploads\/2019\/04\/Vourles-Vollerin-300x200.jpg 300w, http:\/\/marques-peintre.fr\/wp-content\/uploads\/2019\/04\/Vourles-Vollerin.jpg 540w\" sizes=\"(max-width: 300px) 100vw, 300px\" \/><\/a>\n\t\t\t<\/div>\n\t\t\t\t<figcaption class='wp-caption-text gallery-caption' id='gallery-1-2242'>\n\t\t\t\tAlain Vollerin a honor\u00e9 de sa pr\u00e9sence le vernissage de l&rsquo;exposition retrospectve Marqu\u00e8s \u00e0 la maison forte de Vourles.\n\t\t\t\t<\/figcaption><\/figure><figure class='gallery-item'>\n\t\t\t<div class='gallery-icon landscape'>\n\t\t\t\t<a href='http:\/\/marques-peintre.fr\/wp-content\/uploads\/2010\/04\/barbarin-02.jpg' rel=\"lightbox[87]\"><img width=\"300\" height=\"194\" src=\"http:\/\/marques-peintre.fr\/wp-content\/uploads\/2010\/04\/barbarin-02-300x194.jpg\" class=\"attachment-medium size-medium\" alt=\"Cardinal barbarin, archev\u00e8que de Lyon ( exposition &quot;Lyon accueille Marqu\u00e8s&quot;\" decoding=\"async\" loading=\"lazy\" aria-describedby=\"gallery-1-221\" srcset=\"http:\/\/marques-peintre.fr\/wp-content\/uploads\/2010\/04\/barbarin-02-300x194.jpg 300w, http:\/\/marques-peintre.fr\/wp-content\/uploads\/2010\/04\/barbarin-02-540x349.jpg 540w, http:\/\/marques-peintre.fr\/wp-content\/uploads\/2010\/04\/barbarin-02.jpg 600w\" sizes=\"(max-width: 300px) 100vw, 300px\" \/><\/a>\n\t\t\t<\/div>\n\t\t\t\t<figcaption class='wp-caption-text gallery-caption' id='gallery-1-221'>\n\t\t\t\tVisite du cardinal Barbarin \u00e0 l\u2019exposition \u00ab Lyon accueille Marqu\u00e8s \u00bb au grand d\u00f4me de l\u2019hotel Dieu en mai 2003\n\t\t\t\t<\/figcaption><\/figure><figure class='gallery-item'>\n\t\t\t<div class='gallery-icon landscape'>\n\t\t\t\t<a href='http:\/\/marques-peintre.fr\/wp-content\/uploads\/2010\/04\/Michel-Bouquet-atelier.jpg' rel=\"lightbox[87]\"><img width=\"300\" height=\"202\" src=\"http:\/\/marques-peintre.fr\/wp-content\/uploads\/2010\/04\/Michel-Bouquet-atelier-300x202.jpg\" class=\"attachment-medium size-medium\" alt=\"\" decoding=\"async\" loading=\"lazy\" aria-describedby=\"gallery-1-321\" srcset=\"http:\/\/marques-peintre.fr\/wp-content\/uploads\/2010\/04\/Michel-Bouquet-atelier-300x202.jpg 300w, http:\/\/marques-peintre.fr\/wp-content\/uploads\/2010\/04\/Michel-Bouquet-atelier-540x364.jpg 540w, http:\/\/marques-peintre.fr\/wp-content\/uploads\/2010\/04\/Michel-Bouquet-atelier.jpg 600w\" sizes=\"(max-width: 300px) 100vw, 300px\" \/><\/a>\n\t\t\t<\/div>\n\t\t\t\t<figcaption class='wp-caption-text gallery-caption' id='gallery-1-321'>\n\t\t\t\tVisite de l\u2019acteur Michel Bouquet dans l\u2019atelier de Patrick Marqu\u00e8s\n\t\t\t\t<\/figcaption><\/figure><figure class='gallery-item'>\n\t\t\t<div class='gallery-icon landscape'>\n\t\t\t\t<a href='http:\/\/marques-peintre.fr\/wp-content\/uploads\/2010\/04\/IMGA0750.jpg' rel=\"lightbox[87]\"><img width=\"300\" height=\"225\" src=\"http:\/\/marques-peintre.fr\/wp-content\/uploads\/2010\/04\/IMGA0750-300x225.jpg\" class=\"attachment-medium size-medium\" alt=\"\" decoding=\"async\" loading=\"lazy\" aria-describedby=\"gallery-1-331\" srcset=\"http:\/\/marques-peintre.fr\/wp-content\/uploads\/2010\/04\/IMGA0750-300x225.jpg 300w, http:\/\/marques-peintre.fr\/wp-content\/uploads\/2010\/04\/IMGA0750-540x405.jpg 540w, http:\/\/marques-peintre.fr\/wp-content\/uploads\/2010\/04\/IMGA0750.jpg 600w\" sizes=\"(max-width: 300px) 100vw, 300px\" \/><\/a>\n\t\t\t<\/div>\n\t\t\t\t<figcaption class='wp-caption-text gallery-caption' id='gallery-1-331'>\n\t\t\t\tClaude Lenot, directeur de la communication de la banque Scalbert Dupont groupe CIC du nord, sponsor de l&rsquo;exposition du mus\u00e9e de Lille \u00ab hospice comtesse \u00bb fait l\u2019ouverture de l\u2019exposition en 2002,\n\t\t\t\t<\/figcaption><\/figure><figure class='gallery-item'>\n\t\t\t<div class='gallery-icon landscape'>\n\t\t\t\t<a href='http:\/\/marques-peintre.fr\/wp-content\/uploads\/2010\/04\/collomb.jpg' rel=\"lightbox[87]\"><img width=\"300\" height=\"219\" src=\"http:\/\/marques-peintre.fr\/wp-content\/uploads\/2010\/04\/collomb-300x219.jpg\" class=\"attachment-medium size-medium\" alt=\"\" decoding=\"async\" loading=\"lazy\" aria-describedby=\"gallery-1-350\" srcset=\"http:\/\/marques-peintre.fr\/wp-content\/uploads\/2010\/04\/collomb-300x219.jpg 300w, http:\/\/marques-peintre.fr\/wp-content\/uploads\/2010\/04\/collomb-540x394.jpg 540w, http:\/\/marques-peintre.fr\/wp-content\/uploads\/2010\/04\/collomb.jpg 600w\" sizes=\"(max-width: 300px) 100vw, 300px\" \/><\/a>\n\t\t\t<\/div>\n\t\t\t\t<figcaption class='wp-caption-text gallery-caption' id='gallery-1-350'>\n\t\t\t\tLe maire de Lyon, G\u00e9rard Colomb fait l\u2019ouverture du salon de prinstemps 2004 de la ville de Lyon avec l\u2019invit\u00e9 d\u2019honneur Patrick Marqu\u00e8s.\n\t\t\t\t<\/figcaption><\/figure><figure class='gallery-item'>\n\t\t\t<div class='gallery-icon landscape'>\n\t\t\t\t<a href='http:\/\/marques-peintre.fr\/wp-content\/uploads\/2010\/04\/dory-chamoun-02.jpg' rel=\"lightbox[87]\"><img width=\"300\" height=\"229\" src=\"http:\/\/marques-peintre.fr\/wp-content\/uploads\/2010\/04\/dory-chamoun-02-300x229.jpg\" class=\"attachment-medium size-medium\" alt=\"\" decoding=\"async\" loading=\"lazy\" aria-describedby=\"gallery-1-330\" srcset=\"http:\/\/marques-peintre.fr\/wp-content\/uploads\/2010\/04\/dory-chamoun-02-300x229.jpg 300w, http:\/\/marques-peintre.fr\/wp-content\/uploads\/2010\/04\/dory-chamoun-02-540x411.jpg 540w, http:\/\/marques-peintre.fr\/wp-content\/uploads\/2010\/04\/dory-chamoun-02.jpg 600w\" sizes=\"(max-width: 300px) 100vw, 300px\" \/><\/a>\n\t\t\t<\/div>\n\t\t\t\t<figcaption class='wp-caption-text gallery-caption' id='gallery-1-330'>\n\t\t\t\tDory Chamoun, pr\u00e9sident du parti national lib\u00e9ral libanais, maire de Deir el Kamar, visite l\u2019atelier de Patrick Marqu\u00e8s lors de sa visite en d\u00e9l\u00e9gation de Lyon et la r\u00e9gion rh\u00f4ne alpes en 2003.\n\t\t\t\t<\/figcaption><\/figure><figure class='gallery-item'>\n\t\t\t<div class='gallery-icon landscape'>\n\t\t\t\t<a href='http:\/\/marques-peintre.fr\/wp-content\/uploads\/2010\/04\/IMGA7419.jpg' rel=\"lightbox[87]\"><img width=\"300\" height=\"225\" src=\"http:\/\/marques-peintre.fr\/wp-content\/uploads\/2010\/04\/IMGA7419-300x225.jpg\" class=\"attachment-medium size-medium\" alt=\"\" decoding=\"async\" loading=\"lazy\" aria-describedby=\"gallery-1-332\" srcset=\"http:\/\/marques-peintre.fr\/wp-content\/uploads\/2010\/04\/IMGA7419-300x225.jpg 300w, http:\/\/marques-peintre.fr\/wp-content\/uploads\/2010\/04\/IMGA7419-540x405.jpg 540w, http:\/\/marques-peintre.fr\/wp-content\/uploads\/2010\/04\/IMGA7419.jpg 600w\" sizes=\"(max-width: 300px) 100vw, 300px\" \/><\/a>\n\t\t\t<\/div>\n\t\t\t\t<figcaption class='wp-caption-text gallery-caption' id='gallery-1-332'>\n\t\t\t\tZ\u00e9lia, couturi\u00e8re styliste \u00e0 Paris, \u00ab sur la terre comme au ciel \u00bb organisa un d\u00e9fil\u00e9 de mode au sein de l\u2019exposition Patrick Marqu\u00e8s au th\u00e9\u00e2tre \u00ab Le trianon \u00bb Trianon, en 2000.\n\t\t\t\t<\/figcaption><\/figure>\n\t\t<\/div>\n\n","protected":false},"excerpt":{"rendered":"","protected":false},"author":1,"featured_media":0,"parent":71,"menu_order":7,"comment_status":"closed","ping_status":"open","template":"","meta":{"ngg_post_thumbnail":0},"_links":{"self":[{"href":"http:\/\/marques-peintre.fr\/index.php?rest_route=\/wp\/v2\/pages\/87"}],"collection":[{"href":"http:\/\/marques-peintre.fr\/index.php?rest_route=\/wp\/v2\/pages"}],"about":[{"href":"http:\/\/marques-peintre.fr\/index.php?rest_route=\/wp\/v2\/types\/page"}],"author":[{"embeddable":true,"href":"http:\/\/marques-peintre.fr\/index.php?rest_route=\/wp\/v2\/users\/1"}],"replies":[{"embeddable":true,"href":"http:\/\/marques-peintre.fr\/index.php?rest_route=%2Fwp%2Fv2%2Fcomments&post=87"}],"version-history":[{"count":42,"href":"http:\/\/marques-peintre.fr\/index.php?rest_route=\/wp\/v2\/pages\/87\/revisions"}],"predecessor-version":[{"id":2452,"href":"http:\/\/marques-peintre.fr\/index.php?rest_route=\/wp\/v2\/pages\/87\/revisions\/2452"}],"up":[{"embeddable":true,"href":"http:\/\/marques-peintre.fr\/index.php?rest_route=\/wp\/v2\/pages\/71"}],"wp:attachment":[{"href":"http:\/\/marques-peintre.fr\/index.php?rest_route=%2Fwp%2Fv2%2Fmedia&parent=87"}],"curies":[{"name":"wp","href":"https:\/\/api.w.org\/{rel}","templated":true}]}}